{"id":2018,"date":"2023-11-15T02:19:34","date_gmt":"2023-11-15T02:19:34","guid":{"rendered":"https:\/\/futbolmonterey.org\/programa-de-patrocinio\/"},"modified":"2023-11-15T02:24:22","modified_gmt":"2023-11-15T02:24:22","slug":"programa-de-patrocinio","status":"publish","type":"page","link":"https:\/\/futbolmonterey.org\/es\/quienes-somos\/programa-de-patrocinio\/","title":{"rendered":"Programa de patrocinio"},"content":{"rendered":"\t\t<div data-elementor-type=\"wp-page\" data-elementor-id=\"2018\" class=\"elementor elementor-2018 elementor-2014\" data-elementor-post-type=\"page\">\n\t\t\t\t\t\t<section class=\"elementor-section elementor-top-section elementor-element elementor-element-9cb4d58 elementor-section-boxed elementor-section-height-default elementor-section-height-default\" data-id=\"9cb4d58\" data-element_type=\"section\" data-e-type=\"section\">\n\t\t\t\t\t\t<div class=\"elementor-container elementor-column-gap-default\">\n\t\t\t\t\t<div class=\"elementor-column elementor-col-100 elementor-top-column elementor-element elementor-element-72eeb42a\" data-id=\"72eeb42a\" data-element_type=\"column\" data-e-type=\"column\">\n\t\t\t<div class=\"elementor-widget-wrap elementor-element-populated\">\n\t\t\t\t\t\t<div class=\"elementor-element elementor-element-4f3f820c elementor-widget elementor-widget-text-editor\" data-id=\"4f3f820c\" data-element_type=\"widget\" data-e-type=\"widget\" data-widget_type=\"text-editor.default\">\n\t\t\t\t<div class=\"elementor-widget-container\">\n\t\t\t\t\t\t\t\t\t<p>La Academia de F\u00fatbol Monterey (AF Monterey) se dirige a la comunidad en busca de apoyo. Como academia de f\u00fatbol juvenil sin \u00e1nimo de lucro, nuestra misi\u00f3n es influir positivamente en la vida de los ni\u00f1os de la zona a trav\u00e9s del poder del f\u00fatbol. Ofrecemos un entorno enriquecedor que promueve no s\u00f3lo la forma f\u00edsica, sino tambi\u00e9n el \u00e9xito acad\u00e9mico, el desarrollo del car\u00e1cter y la responsabilidad social. Sirviendo \u00e1reas como Marina, Seaside, Monterey, Carmel y Salinas, estamos dedicados a la construcci\u00f3n de individuos fuertes y seguros de s\u00ed mismos que est\u00e1n listos para hacer una contribuci\u00f3n positiva a nuestra comunidad. Nuestros programas son inclusivos y ofrecen becas y ayudas econ\u00f3micas para garantizar que todos los ni\u00f1os tengan la oportunidad de participar, independientemente de su origen socioecon\u00f3mico.<\/p>\n<p>Necesitamos su apoyo para mantener y ampliar estos valiosos programas. Buscamos donaciones econ\u00f3micas o en especie para cubrir gastos cruciales como material, alquiler de campos, personal t\u00e9cnico y becas. Al colaborar con nosotros a trav\u00e9s del patrocinio, tendr\u00e1 un impacto duradero en nuestra juventud local y demostrar\u00e1 su compromiso con el futuro de nuestra comunidad. A cambio, ofrecemos varios paquetes de patrocinio que incluyen exposici\u00f3n de marketing y reconocimiento para su empresa. Tambi\u00e9n estamos abiertos a personalizar estas oportunidades para adaptarlas a tus intereses. \u00danete a nosotros en nuestra misi\u00f3n de enriquecer la vida de los j\u00f3venes atletas y apoyar el crecimiento del f\u00fatbol en el \u00c1rea de la Bah\u00eda de Monterey.<\/p>\n<p>Nuestro folleto 2023-2024 contiene informaci\u00f3n detallada sobre nuestros niveles de patrocinio. Para m\u00e1s informaci\u00f3n, p\u00f3ngase en contacto con nuestro <a href=\"mailto:exec@futbolmonterey.org\">Director Ejecutivo, Scott Schoenthal<\/a>.<\/p>\n\t\t\t\t\t\t\t\t<\/div>\n\t\t\t\t<\/div>\n\t\t\t\t<div class=\"elementor-element elementor-element-a0037da elementor-widget elementor-widget-image\" data-id=\"a0037da\" data-element_type=\"widget\" data-e-type=\"widget\" data-widget_type=\"image.default\">\n\t\t\t\t<div class=\"elementor-widget-container\">\n\t\t\t\t\t\t\t\t\t\t\t\t\t\t\t<img fetchpriority=\"high\" decoding=\"async\" width=\"724\" height=\"1024\" src=\"https:\/\/futbolmonterey.org\/wp-content\/uploads\/2023\/11\/IMG_3292-724x1024.png\" class=\"attachment-large size-large wp-image-2016\" alt=\"\" srcset=\"https:\/\/futbolmonterey.org\/wp-content\/uploads\/2023\/11\/IMG_3292-724x1024.png 724w, https:\/\/futbolmonterey.org\/wp-content\/uploads\/2023\/11\/IMG_3292-212x300.png 212w, https:\/\/futbolmonterey.org\/wp-content\/uploads\/2023\/11\/IMG_3292-768x1086.png 768w, https:\/\/futbolmonterey.org\/wp-content\/uploads\/2023\/11\/IMG_3292-1087x1536.png 1087w, https:\/\/futbolmonterey.org\/wp-content\/uploads\/2023\/11\/IMG_3292.png 1415w\" sizes=\"(max-width: 724px) 100vw, 724px\" \/>\t\t\t\t\t\t\t\t\t\t\t\t\t\t\t<\/div>\n\t\t\t\t<\/div>\n\t\t\t\t\t<\/div>\n\t\t<\/div>\n\t\t\t\t\t<\/div>\n\t\t<\/section>\n\t\t\t\t<\/div>\n\t\t","protected":false},"excerpt":{"rendered":"<p>La Academia de F\u00fatbol Monterey (AF Monterey) se dirige a la comunidad en busca de apoyo. Como academia de f\u00fatbol juvenil sin \u00e1nimo de lucro, nuestra misi\u00f3n es influir positivamente en la vida de los ni\u00f1os de la zona a trav\u00e9s del poder del f\u00fatbol. Ofrecemos un entorno enriquecedor que promueve no s\u00f3lo la forma&hellip;&nbsp;<a href=\"https:\/\/futbolmonterey.org\/es\/quienes-somos\/programa-de-patrocinio\/\" rel=\"bookmark\">Read More &raquo;<span class=\"screen-reader-text\">Programa de patrocinio<\/span><\/a><\/p>\n","protected":false},"author":1,"featured_media":1597,"parent":1681,"menu_order":0,"comment_status":"closed","ping_status":"closed","template":"","meta":{"neve_meta_sidebar":"","neve_meta_container":"","neve_meta_enable_content_width":"off","neve_meta_content_width":100,"neve_meta_title_alignment":"","neve_meta_author_avatar":"","neve_post_elements_order":"","neve_meta_disable_header":"","neve_meta_disable_footer":"","neve_meta_disable_title":"","neve_meta_reading_time":"","footnotes":"","_links_to":"","_links_to_target":""},"class_list":["post-2018","page","type-page","status-publish","has-post-thumbnail","hentry"],"yoast_head":"<!-- This site is optimized with the Yoast SEO plugin v27.0 - https:\/\/yoast.com\/product\/yoast-seo-wordpress\/ -->\n<title>Programa de patrocinio - AF Monterey<\/title>\n<meta name=\"robots\" content=\"index, follow, max-snippet:-1, max-image-preview:large, max-video-preview:-1\" \/>\n<link rel=\"canonical\" href=\"https:\/\/futbolmonterey.org\/es\/quienes-somos\/programa-de-patrocinio\/\" \/>\n<meta property=\"og:locale\" content=\"es_ES\" \/>\n<meta property=\"og:type\" content=\"article\" \/>\n<meta property=\"og:title\" content=\"Programa de patrocinio - AF Monterey\" \/>\n<meta property=\"og:description\" content=\"La Academia de F\u00fatbol Monterey (AF Monterey) se dirige a la comunidad en busca de apoyo. Como academia de f\u00fatbol juvenil sin \u00e1nimo de lucro, nuestra misi\u00f3n es influir positivamente en la vida de los ni\u00f1os de la zona a trav\u00e9s del poder del f\u00fatbol. Ofrecemos un entorno enriquecedor que promueve no s\u00f3lo la forma&hellip;&nbsp;Read More &raquo;Programa de patrocinio\" \/>\n<meta property=\"og:url\" content=\"https:\/\/futbolmonterey.org\/es\/quienes-somos\/programa-de-patrocinio\/\" \/>\n<meta property=\"og:site_name\" content=\"AF Monterey\" \/>\n<meta property=\"article:publisher\" content=\"https:\/\/www.facebook.com\/profile.php?id=100086355979793\" \/>\n<meta property=\"article:modified_time\" content=\"2023-11-15T02:24:22+00:00\" \/>\n<meta property=\"og:image\" content=\"https:\/\/futbolmonterey.org\/wp-content\/uploads\/2022\/11\/AFM-featured-image.jpg\" \/>\n\t<meta property=\"og:image:width\" content=\"1640\" \/>\n\t<meta property=\"og:image:height\" content=\"924\" \/>\n\t<meta property=\"og:image:type\" content=\"image\/jpeg\" \/>\n<meta name=\"twitter:card\" content=\"summary_large_image\" \/>\n<meta name=\"twitter:site\" content=\"@FutbolMonterey\" \/>\n<meta name=\"twitter:label1\" content=\"Tiempo de lectura\" \/>\n\t<meta name=\"twitter:data1\" content=\"1 minuto\" \/>\n<script type=\"application\/ld+json\" class=\"yoast-schema-graph\">{\"@context\":\"https:\/\/schema.org\",\"@graph\":[{\"@type\":\"WebPage\",\"@id\":\"https:\/\/futbolmonterey.org\/es\/quienes-somos\/programa-de-patrocinio\/\",\"url\":\"https:\/\/futbolmonterey.org\/es\/quienes-somos\/programa-de-patrocinio\/\",\"name\":\"Programa de patrocinio - AF Monterey\",\"isPartOf\":{\"@id\":\"https:\/\/futbolmonterey.org\/es\/#website\"},\"primaryImageOfPage\":{\"@id\":\"https:\/\/futbolmonterey.org\/es\/quienes-somos\/programa-de-patrocinio\/#primaryimage\"},\"image\":{\"@id\":\"https:\/\/futbolmonterey.org\/es\/quienes-somos\/programa-de-patrocinio\/#primaryimage\"},\"thumbnailUrl\":\"https:\/\/futbolmonterey.org\/wp-content\/uploads\/2022\/11\/AFM-featured-image.jpg\",\"datePublished\":\"2023-11-15T02:19:34+00:00\",\"dateModified\":\"2023-11-15T02:24:22+00:00\",\"breadcrumb\":{\"@id\":\"https:\/\/futbolmonterey.org\/es\/quienes-somos\/programa-de-patrocinio\/#breadcrumb\"},\"inLanguage\":\"es\",\"potentialAction\":[{\"@type\":\"ReadAction\",\"target\":[\"https:\/\/futbolmonterey.org\/es\/quienes-somos\/programa-de-patrocinio\/\"]}]},{\"@type\":\"ImageObject\",\"inLanguage\":\"es\",\"@id\":\"https:\/\/futbolmonterey.org\/es\/quienes-somos\/programa-de-patrocinio\/#primaryimage\",\"url\":\"https:\/\/futbolmonterey.org\/wp-content\/uploads\/2022\/11\/AFM-featured-image.jpg\",\"contentUrl\":\"https:\/\/futbolmonterey.org\/wp-content\/uploads\/2022\/11\/AFM-featured-image.jpg\",\"width\":1640,\"height\":924},{\"@type\":\"BreadcrumbList\",\"@id\":\"https:\/\/futbolmonterey.org\/es\/quienes-somos\/programa-de-patrocinio\/#breadcrumb\",\"itemListElement\":[{\"@type\":\"ListItem\",\"position\":1,\"name\":\"Home\",\"item\":\"https:\/\/futbolmonterey.org\/es\/inicio\/\"},{\"@type\":\"ListItem\",\"position\":2,\"name\":\"Programa de patrocinio\"}]},{\"@type\":\"WebSite\",\"@id\":\"https:\/\/futbolmonterey.org\/es\/#website\",\"url\":\"https:\/\/futbolmonterey.org\/es\/\",\"name\":\"AF Monterey\",\"description\":\"Academia F\u00fatbol de Monterey\",\"publisher\":{\"@id\":\"https:\/\/futbolmonterey.org\/es\/#organization\"},\"potentialAction\":[{\"@type\":\"SearchAction\",\"target\":{\"@type\":\"EntryPoint\",\"urlTemplate\":\"https:\/\/futbolmonterey.org\/es\/?s={search_term_string}\"},\"query-input\":{\"@type\":\"PropertyValueSpecification\",\"valueRequired\":true,\"valueName\":\"search_term_string\"}}],\"inLanguage\":\"es\"},{\"@type\":\"Organization\",\"@id\":\"https:\/\/futbolmonterey.org\/es\/#organization\",\"name\":\"AF Monterey\",\"url\":\"https:\/\/futbolmonterey.org\/es\/\",\"logo\":{\"@type\":\"ImageObject\",\"inLanguage\":\"es\",\"@id\":\"https:\/\/futbolmonterey.org\/es\/#\/schema\/logo\/image\/\",\"url\":\"https:\/\/futbolmonterey.org\/wp-content\/uploads\/2022\/10\/cropped-2022-10-31_13-11-41-1.png\",\"contentUrl\":\"https:\/\/futbolmonterey.org\/wp-content\/uploads\/2022\/10\/cropped-2022-10-31_13-11-41-1.png\",\"width\":512,\"height\":512,\"caption\":\"AF Monterey\"},\"image\":{\"@id\":\"https:\/\/futbolmonterey.org\/es\/#\/schema\/logo\/image\/\"},\"sameAs\":[\"https:\/\/www.facebook.com\/profile.php?id=100086355979793\",\"https:\/\/x.com\/FutbolMonterey\",\"https:\/\/www.instagram.com\/futbolmonterey\/\"]}]}<\/script>\n<!-- \/ Yoast SEO plugin. -->","yoast_head_json":{"title":"Programa de patrocinio - AF Monterey","robots":{"index":"index","follow":"follow","max-snippet":"max-snippet:-1","max-image-preview":"max-image-preview:large","max-video-preview":"max-video-preview:-1"},"canonical":"https:\/\/futbolmonterey.org\/es\/quienes-somos\/programa-de-patrocinio\/","og_locale":"es_ES","og_type":"article","og_title":"Programa de patrocinio - AF Monterey","og_description":"La Academia de F\u00fatbol Monterey (AF Monterey) se dirige a la comunidad en busca de apoyo. Como academia de f\u00fatbol juvenil sin \u00e1nimo de lucro, nuestra misi\u00f3n es influir positivamente en la vida de los ni\u00f1os de la zona a trav\u00e9s del poder del f\u00fatbol. Ofrecemos un entorno enriquecedor que promueve no s\u00f3lo la forma&hellip;&nbsp;Read More &raquo;Programa de patrocinio","og_url":"https:\/\/futbolmonterey.org\/es\/quienes-somos\/programa-de-patrocinio\/","og_site_name":"AF Monterey","article_publisher":"https:\/\/www.facebook.com\/profile.php?id=100086355979793","article_modified_time":"2023-11-15T02:24:22+00:00","og_image":[{"width":1640,"height":924,"url":"https:\/\/futbolmonterey.org\/wp-content\/uploads\/2022\/11\/AFM-featured-image.jpg","type":"image\/jpeg"}],"twitter_card":"summary_large_image","twitter_site":"@FutbolMonterey","twitter_misc":{"Tiempo de lectura":"1 minuto"},"schema":{"@context":"https:\/\/schema.org","@graph":[{"@type":"WebPage","@id":"https:\/\/futbolmonterey.org\/es\/quienes-somos\/programa-de-patrocinio\/","url":"https:\/\/futbolmonterey.org\/es\/quienes-somos\/programa-de-patrocinio\/","name":"Programa de patrocinio - AF Monterey","isPartOf":{"@id":"https:\/\/futbolmonterey.org\/es\/#website"},"primaryImageOfPage":{"@id":"https:\/\/futbolmonterey.org\/es\/quienes-somos\/programa-de-patrocinio\/#primaryimage"},"image":{"@id":"https:\/\/futbolmonterey.org\/es\/quienes-somos\/programa-de-patrocinio\/#primaryimage"},"thumbnailUrl":"https:\/\/futbolmonterey.org\/wp-content\/uploads\/2022\/11\/AFM-featured-image.jpg","datePublished":"2023-11-15T02:19:34+00:00","dateModified":"2023-11-15T02:24:22+00:00","breadcrumb":{"@id":"https:\/\/futbolmonterey.org\/es\/quienes-somos\/programa-de-patrocinio\/#breadcrumb"},"inLanguage":"es","potentialAction":[{"@type":"ReadAction","target":["https:\/\/futbolmonterey.org\/es\/quienes-somos\/programa-de-patrocinio\/"]}]},{"@type":"ImageObject","inLanguage":"es","@id":"https:\/\/futbolmonterey.org\/es\/quienes-somos\/programa-de-patrocinio\/#primaryimage","url":"https:\/\/futbolmonterey.org\/wp-content\/uploads\/2022\/11\/AFM-featured-image.jpg","contentUrl":"https:\/\/futbolmonterey.org\/wp-content\/uploads\/2022\/11\/AFM-featured-image.jpg","width":1640,"height":924},{"@type":"BreadcrumbList","@id":"https:\/\/futbolmonterey.org\/es\/quienes-somos\/programa-de-patrocinio\/#breadcrumb","itemListElement":[{"@type":"ListItem","position":1,"name":"Home","item":"https:\/\/futbolmonterey.org\/es\/inicio\/"},{"@type":"ListItem","position":2,"name":"Programa de patrocinio"}]},{"@type":"WebSite","@id":"https:\/\/futbolmonterey.org\/es\/#website","url":"https:\/\/futbolmonterey.org\/es\/","name":"AF Monterey","description":"Academia F\u00fatbol de Monterey","publisher":{"@id":"https:\/\/futbolmonterey.org\/es\/#organization"},"potentialAction":[{"@type":"SearchAction","target":{"@type":"EntryPoint","urlTemplate":"https:\/\/futbolmonterey.org\/es\/?s={search_term_string}"},"query-input":{"@type":"PropertyValueSpecification","valueRequired":true,"valueName":"search_term_string"}}],"inLanguage":"es"},{"@type":"Organization","@id":"https:\/\/futbolmonterey.org\/es\/#organization","name":"AF Monterey","url":"https:\/\/futbolmonterey.org\/es\/","logo":{"@type":"ImageObject","inLanguage":"es","@id":"https:\/\/futbolmonterey.org\/es\/#\/schema\/logo\/image\/","url":"https:\/\/futbolmonterey.org\/wp-content\/uploads\/2022\/10\/cropped-2022-10-31_13-11-41-1.png","contentUrl":"https:\/\/futbolmonterey.org\/wp-content\/uploads\/2022\/10\/cropped-2022-10-31_13-11-41-1.png","width":512,"height":512,"caption":"AF Monterey"},"image":{"@id":"https:\/\/futbolmonterey.org\/es\/#\/schema\/logo\/image\/"},"sameAs":["https:\/\/www.facebook.com\/profile.php?id=100086355979793","https:\/\/x.com\/FutbolMonterey","https:\/\/www.instagram.com\/futbolmonterey\/"]}]}},"_links":{"self":[{"href":"https:\/\/futbolmonterey.org\/es\/wp-json\/wp\/v2\/pages\/2018","targetHints":{"allow":["GET"]}}],"collection":[{"href":"https:\/\/futbolmonterey.org\/es\/wp-json\/wp\/v2\/pages"}],"about":[{"href":"https:\/\/futbolmonterey.org\/es\/wp-json\/wp\/v2\/types\/page"}],"author":[{"embeddable":true,"href":"https:\/\/futbolmonterey.org\/es\/wp-json\/wp\/v2\/users\/1"}],"replies":[{"embeddable":true,"href":"https:\/\/futbolmonterey.org\/es\/wp-json\/wp\/v2\/comments?post=2018"}],"version-history":[{"count":0,"href":"https:\/\/futbolmonterey.org\/es\/wp-json\/wp\/v2\/pages\/2018\/revisions"}],"up":[{"embeddable":true,"href":"https:\/\/futbolmonterey.org\/es\/wp-json\/wp\/v2\/pages\/1681"}],"wp:featuredmedia":[{"embeddable":true,"href":"https:\/\/futbolmonterey.org\/es\/wp-json\/wp\/v2\/media\/1597"}],"wp:attachment":[{"href":"https:\/\/futbolmonterey.org\/es\/wp-json\/wp\/v2\/media?parent=2018"}],"curies":[{"name":"wp","href":"https:\/\/api.w.org\/{rel}","templated":true}]}}