{"id":1763,"date":"2023-03-14T21:26:19","date_gmt":"2023-03-14T21:26:19","guid":{"rendered":"https:\/\/futbolmonterey.org\/quienes-somos\/anulacion-de-sesiones\/"},"modified":"2023-08-18T02:51:03","modified_gmt":"2023-08-18T02:51:03","slug":"anulacion-de-sesiones","status":"publish","type":"page","link":"https:\/\/futbolmonterey.org\/es\/quienes-somos\/anulacion-de-sesiones\/","title":{"rendered":"Anulaci\u00f3n de sesiones"},"content":{"rendered":"\t\t<div data-elementor-type=\"wp-page\" data-elementor-id=\"1763\" class=\"elementor elementor-1763 elementor-1267\" data-elementor-post-type=\"page\">\n\t\t\t\t\t\t<section class=\"elementor-section elementor-top-section elementor-element elementor-element-e69fbd3 elementor-section-boxed elementor-section-height-default elementor-section-height-default\" data-id=\"e69fbd3\" data-element_type=\"section\" data-e-type=\"section\">\n\t\t\t\t\t\t<div class=\"elementor-container elementor-column-gap-default\">\n\t\t\t\t\t<div class=\"elementor-column elementor-col-100 elementor-top-column elementor-element elementor-element-ae6d6ac\" data-id=\"ae6d6ac\" data-element_type=\"column\" data-e-type=\"column\">\n\t\t\t<div class=\"elementor-widget-wrap elementor-element-populated\">\n\t\t\t\t\t\t<div class=\"elementor-element elementor-element-4d3bbb0 elementor-widget elementor-widget-text-editor\" data-id=\"4d3bbb0\" data-element_type=\"widget\" data-e-type=\"widget\" data-widget_type=\"text-editor.default\">\n\t\t\t\t<div class=\"elementor-widget-container\">\n\t\t\t\t\t\t\t\t\t<p>Nos proponemos ofrecer a cada jugador la m\u00e1xima calidad y experiencia en cada sesi\u00f3n. Debido a circunstancias ajenas a nuestra voluntad, es posible que tengamos que cancelar la sesi\u00f3n de un d\u00eda. Cuando esto ocurra, haremos todo lo posible por informar a nuestras familias de la cancelaci\u00f3n lo antes posible utilizando los siguientes m\u00e9todos:<\/p>\n<ul>\n<li>Correos electr\u00f3nicos a los jugadores registrados que utilicen la direcci\u00f3n de correo electr\u00f3nico facilitada<\/li>\n<li>Una actualizaci\u00f3n de nuestra p\u00e1gina web (futbolmonterey.org) con la notificaci\u00f3n de cancelaci\u00f3n, incluyendo la fecha<\/li>\n<li>Un mensaje de voz en nuestro n\u00famero de tel\u00e9fono de la Academia (831.222.0325) con la fecha y la notificaci\u00f3n<\/li>\n<\/ul>\n<p>En el futuro, estamos estudiando la posibilidad de ofrecer tambi\u00e9n un servicio de mensajer\u00eda de texto.<\/p>\n<p>Si no recibe un correo electr\u00f3nico de cancelaci\u00f3n y no hay ninguna notificaci\u00f3n en el sitio web, debe suponer que la sesi\u00f3n del d\u00eda est\u00e1 EN MARCHA.<\/p>\n<p>He aqu\u00ed algunos ejemplos de motivos por los que puede cancelarse una sesi\u00f3n:<\/p>\n\t\t\t\t\t\t\t\t<\/div>\n\t\t\t\t<\/div>\n\t\t\t\t<div class=\"elementor-element elementor-element-a4966df eael-table-align-center eael-dt-th-align-left elementor-widget elementor-widget-eael-data-table\" data-id=\"a4966df\" data-element_type=\"widget\" data-e-type=\"widget\" data-widget_type=\"eael-data-table.default\">\n\t\t\t\t<div class=\"elementor-widget-container\">\n\t\t\t\t\t\t\t<div class=\"eael-data-table-wrap\" data-table_id=\"a4966df\" id=\"eael-data-table-wrapper-a4966df\" data-custom_responsive=\"false\">\n\t\t\t<table class=\"tablesorter eael-data-table center\" id=\"eael-data-table-a4966df\">\n\t\t\t    <thead>\n\t\t\t        <tr class=\"table-header\">\n\t\t\t\t\t\t\t\t\t            <th class=\"\" id=\"\" colspan=\"\">\n\t\t\t\t\t\t\t\t\t\t\t\t\t\t<span class=\"data-table-header-text\">Cabecera de la tabla<\/span><\/th>\n\t\t\t        \t\t\t\t        <\/tr>\n\t\t\t    <\/thead>\n\t\t\t  \t<tbody>\n\t\t\t\t\t\t\t\t\t\t\t<tr>\n\t\t\t\t\t\t\t\t\t\t\t\t\t\t\t\t   \t\t\t\t\t\t\t\t\t\t\t<td colspan=\"\" rowspan=\"\" class=\"\" id=\"\">\n\t\t\t\t\t\t\t\t\t\t\t\t<div class=\"td-content-wrapper\"><div class=\"td-content\">\n\t\t\t\t\t\t\t\t\t\t\t\t\tCondiciones meteorol\u00f3gicas y del terreno\t\t\t\t\t\t\t\t\t\t\t\t<\/div><\/div>\n\t\t\t\t\t\t\t\t\t\t\t<\/td>\n\t\t\t\t\t\t\t\t\t\t\t\t\t\t\t\t\t\t\t\t\t\t\t\t\t\t\t\t\t   \t\t\t\t\t\t\t\t\t\t\t<td colspan=\"\" rowspan=\"\" class=\"\" id=\"\">\n\t\t\t\t\t\t\t\t\t\t\t\t<div class=\"td-content-wrapper\"><div class=\"td-content\">\n\t\t\t\t\t\t\t\t\t\t\t\t\tLluvia, vientos fuertes, calidad del aire, \u00edndice de calor\t\t\t\t\t\t\t\t\t\t\t\t<\/div><\/div>\n\t\t\t\t\t\t\t\t\t\t\t<\/td>\n\t\t\t\t\t\t\t\t\t\t\t\t\t\t\t\t\t\t\t\t\t\t\t\t\t\t<\/tr>\n\t\t\t        \t\t\t\t\t\t<tr>\n\t\t\t\t\t\t\t\t\t\t\t\t\t\t\t\t   \t\t\t\t\t\t\t\t\t\t\t<td colspan=\"\" rowspan=\"\" class=\"\" id=\"\">\n\t\t\t\t\t\t\t\t\t\t\t\t<div class=\"td-content-wrapper\"><div class=\"td-content\">\n\t\t\t\t\t\t\t\t\t\t\t\t\tSeguridad p\u00fablica\t\t\t\t\t\t\t\t\t\t\t\t<\/div><\/div>\n\t\t\t\t\t\t\t\t\t\t\t<\/td>\n\t\t\t\t\t\t\t\t\t\t\t\t\t\t\t\t\t\t\t\t\t\t\t\t\t\t\t\t\t   \t\t\t\t\t\t\t\t\t\t\t<td colspan=\"\" rowspan=\"\" class=\"\" id=\"\">\n\t\t\t\t\t\t\t\t\t\t\t\t<div class=\"td-content-wrapper\"><div class=\"td-content\">\n\t\t\t\t\t\t\t\t\t\t\t\t\tVigilancia\/alerta de inundaciones o vientos fuertes, fen\u00f3menos meteorol\u00f3gicos inminentes, cierres de carreteras u otros sucesos que requieran la intervenci\u00f3n de los primeros intervinientes.\t\t\t\t\t\t\t\t\t\t\t\t<\/div><\/div>\n\t\t\t\t\t\t\t\t\t\t\t<\/td>\n\t\t\t\t\t\t\t\t\t\t\t\t\t\t\t\t\t\t\t\t\t\t\t\t\t\t<\/tr>\n\t\t\t        \t\t\t\t\t\t<tr>\n\t\t\t\t\t\t\t\t\t\t\t\t\t\t\t\t   \t\t\t\t\t\t\t\t\t\t\t<td colspan=\"\" rowspan=\"\" class=\"\" id=\"\">\n\t\t\t\t\t\t\t\t\t\t\t\t<div class=\"td-content-wrapper\"><div class=\"td-content\">\n\t\t\t\t\t\t\t\t\t\t\t\t\tDisponibilidad sobre el terreno\t\t\t\t\t\t\t\t\t\t\t\t<\/div><\/div>\n\t\t\t\t\t\t\t\t\t\t\t<\/td>\n\t\t\t\t\t\t\t\t\t\t\t\t\t\t\t\t\t\t\t\t\t\t\t\t\t\t\t\t\t   \t\t\t\t\t\t\t\t\t\t\t<td colspan=\"\" rowspan=\"\" class=\"\" id=\"\">\n\t\t\t\t\t\t\t\t\t\t\t\t<div class=\"td-content-wrapper\"><div class=\"td-content\">\n\t\t\t\t\t\t\t\t\t\t\t\t\tAF Monterey tiene una buena relaci\u00f3n con MPC &#8211; si el campo no est\u00e1 disponible debido a un evento del campus, se lo notificaremos a los jugadores\/familias lo antes posible.\t\t\t\t\t\t\t\t\t\t\t\t<\/div><\/div>\n\t\t\t\t\t\t\t\t\t\t\t<\/td>\n\t\t\t\t\t\t\t\t\t\t\t\t\t\t\t\t\t\t\t\t\t\t\t\t\t\t<\/tr>\n\t\t\t        \t\t\t    <\/tbody>\n\t\t\t<\/table>\n\t\t<\/div>\n\t  \t\t\t\t\t<\/div>\n\t\t\t\t<\/div>\n\t\t\t\t<div class=\"elementor-element elementor-element-66f4b3d elementor-widget elementor-widget-text-editor\" data-id=\"66f4b3d\" data-element_type=\"widget\" data-e-type=\"widget\" data-widget_type=\"text-editor.default\">\n\t\t\t\t<div class=\"elementor-widget-container\">\n\t\t\t\t\t\t\t\t\t<p>En el improbable caso de que se produzca una emergencia en el campo y debamos cancelar una sesi\u00f3n en curso, avisaremos a los padres lo antes posible utilizando la informaci\u00f3n de contacto facilitada en la inscripci\u00f3n.<\/p>\n\t\t\t\t\t\t\t\t<\/div>\n\t\t\t\t<\/div>\n\t\t\t\t\t<\/div>\n\t\t<\/div>\n\t\t\t\t\t<\/div>\n\t\t<\/section>\n\t\t\t\t<\/div>\n\t\t","protected":false},"excerpt":{"rendered":"<p>Nos proponemos ofrecer a cada jugador la m\u00e1xima calidad y experiencia en cada sesi\u00f3n. Debido a circunstancias ajenas a nuestra voluntad, es posible que tengamos que cancelar la sesi\u00f3n de un d\u00eda. Cuando esto ocurra, haremos todo lo posible por informar a nuestras familias de la cancelaci\u00f3n lo antes posible utilizando los siguientes m\u00e9todos: Correos&hellip;&nbsp;<a href=\"https:\/\/futbolmonterey.org\/es\/quienes-somos\/anulacion-de-sesiones\/\" rel=\"bookmark\">Read More &raquo;<span class=\"screen-reader-text\">Anulaci\u00f3n de sesiones<\/span><\/a><\/p>\n","protected":false},"author":1,"featured_media":1597,"parent":1681,"menu_order":0,"comment_status":"closed","ping_status":"closed","template":"page-templates\/template-pagebuilder-full-width.php","meta":{"neve_meta_sidebar":"","neve_meta_container":"","neve_meta_enable_content_width":"off","neve_meta_content_width":100,"neve_meta_title_alignment":"","neve_meta_author_avatar":"","neve_post_elements_order":"","neve_meta_disable_header":"","neve_meta_disable_footer":"","neve_meta_disable_title":"","neve_meta_reading_time":"","footnotes":"","_links_to":"","_links_to_target":""},"class_list":["post-1763","page","type-page","status-publish","has-post-thumbnail","hentry"],"yoast_head":"<!-- This site is optimized with the Yoast SEO plugin v27.0 - https:\/\/yoast.com\/product\/yoast-seo-wordpress\/ -->\n<title>Anulaci\u00f3n de sesiones - AF Monterey<\/title>\n<meta name=\"robots\" content=\"index, follow, max-snippet:-1, max-image-preview:large, max-video-preview:-1\" \/>\n<link rel=\"canonical\" href=\"https:\/\/futbolmonterey.org\/es\/quienes-somos\/anulacion-de-sesiones\/\" \/>\n<meta property=\"og:locale\" content=\"es_ES\" \/>\n<meta property=\"og:type\" content=\"article\" \/>\n<meta property=\"og:title\" content=\"Anulaci\u00f3n de sesiones - AF Monterey\" \/>\n<meta property=\"og:description\" content=\"Nos proponemos ofrecer a cada jugador la m\u00e1xima calidad y experiencia en cada sesi\u00f3n. Debido a circunstancias ajenas a nuestra voluntad, es posible que tengamos que cancelar la sesi\u00f3n de un d\u00eda. Cuando esto ocurra, haremos todo lo posible por informar a nuestras familias de la cancelaci\u00f3n lo antes posible utilizando los siguientes m\u00e9todos: Correos&hellip;&nbsp;Read More &raquo;Anulaci\u00f3n de sesiones\" \/>\n<meta property=\"og:url\" content=\"https:\/\/futbolmonterey.org\/es\/quienes-somos\/anulacion-de-sesiones\/\" \/>\n<meta property=\"og:site_name\" content=\"AF Monterey\" \/>\n<meta property=\"article:publisher\" content=\"https:\/\/www.facebook.com\/profile.php?id=100086355979793\" \/>\n<meta property=\"article:modified_time\" content=\"2023-08-18T02:51:03+00:00\" \/>\n<meta property=\"og:image\" content=\"https:\/\/futbolmonterey.org\/wp-content\/uploads\/2022\/11\/AFM-featured-image.jpg\" \/>\n\t<meta property=\"og:image:width\" content=\"1640\" \/>\n\t<meta property=\"og:image:height\" content=\"924\" \/>\n\t<meta property=\"og:image:type\" content=\"image\/jpeg\" \/>\n<meta name=\"twitter:card\" content=\"summary_large_image\" \/>\n<meta name=\"twitter:site\" content=\"@FutbolMonterey\" \/>\n<meta name=\"twitter:label1\" content=\"Tiempo de lectura\" \/>\n\t<meta name=\"twitter:data1\" content=\"2 minutos\" \/>\n<script type=\"application\/ld+json\" class=\"yoast-schema-graph\">{\"@context\":\"https:\/\/schema.org\",\"@graph\":[{\"@type\":\"WebPage\",\"@id\":\"https:\/\/futbolmonterey.org\/es\/quienes-somos\/anulacion-de-sesiones\/\",\"url\":\"https:\/\/futbolmonterey.org\/es\/quienes-somos\/anulacion-de-sesiones\/\",\"name\":\"Anulaci\u00f3n de sesiones - AF Monterey\",\"isPartOf\":{\"@id\":\"https:\/\/futbolmonterey.org\/es\/#website\"},\"primaryImageOfPage\":{\"@id\":\"https:\/\/futbolmonterey.org\/es\/quienes-somos\/anulacion-de-sesiones\/#primaryimage\"},\"image\":{\"@id\":\"https:\/\/futbolmonterey.org\/es\/quienes-somos\/anulacion-de-sesiones\/#primaryimage\"},\"thumbnailUrl\":\"https:\/\/futbolmonterey.org\/wp-content\/uploads\/2022\/11\/AFM-featured-image.jpg\",\"datePublished\":\"2023-03-14T21:26:19+00:00\",\"dateModified\":\"2023-08-18T02:51:03+00:00\",\"breadcrumb\":{\"@id\":\"https:\/\/futbolmonterey.org\/es\/quienes-somos\/anulacion-de-sesiones\/#breadcrumb\"},\"inLanguage\":\"es\",\"potentialAction\":[{\"@type\":\"ReadAction\",\"target\":[\"https:\/\/futbolmonterey.org\/es\/quienes-somos\/anulacion-de-sesiones\/\"]}]},{\"@type\":\"ImageObject\",\"inLanguage\":\"es\",\"@id\":\"https:\/\/futbolmonterey.org\/es\/quienes-somos\/anulacion-de-sesiones\/#primaryimage\",\"url\":\"https:\/\/futbolmonterey.org\/wp-content\/uploads\/2022\/11\/AFM-featured-image.jpg\",\"contentUrl\":\"https:\/\/futbolmonterey.org\/wp-content\/uploads\/2022\/11\/AFM-featured-image.jpg\",\"width\":1640,\"height\":924},{\"@type\":\"BreadcrumbList\",\"@id\":\"https:\/\/futbolmonterey.org\/es\/quienes-somos\/anulacion-de-sesiones\/#breadcrumb\",\"itemListElement\":[{\"@type\":\"ListItem\",\"position\":1,\"name\":\"Home\",\"item\":\"https:\/\/futbolmonterey.org\/es\/inicio\/\"},{\"@type\":\"ListItem\",\"position\":2,\"name\":\"Qui\u00e9nes somos\",\"item\":\"https:\/\/futbolmonterey.org\/es\/?page_id=1681\"},{\"@type\":\"ListItem\",\"position\":3,\"name\":\"Anulaci\u00f3n de sesiones\"}]},{\"@type\":\"WebSite\",\"@id\":\"https:\/\/futbolmonterey.org\/es\/#website\",\"url\":\"https:\/\/futbolmonterey.org\/es\/\",\"name\":\"AF Monterey\",\"description\":\"Academia F\u00fatbol de Monterey\",\"publisher\":{\"@id\":\"https:\/\/futbolmonterey.org\/es\/#organization\"},\"potentialAction\":[{\"@type\":\"SearchAction\",\"target\":{\"@type\":\"EntryPoint\",\"urlTemplate\":\"https:\/\/futbolmonterey.org\/es\/?s={search_term_string}\"},\"query-input\":{\"@type\":\"PropertyValueSpecification\",\"valueRequired\":true,\"valueName\":\"search_term_string\"}}],\"inLanguage\":\"es\"},{\"@type\":\"Organization\",\"@id\":\"https:\/\/futbolmonterey.org\/es\/#organization\",\"name\":\"AF Monterey\",\"url\":\"https:\/\/futbolmonterey.org\/es\/\",\"logo\":{\"@type\":\"ImageObject\",\"inLanguage\":\"es\",\"@id\":\"https:\/\/futbolmonterey.org\/es\/#\/schema\/logo\/image\/\",\"url\":\"https:\/\/futbolmonterey.org\/wp-content\/uploads\/2022\/10\/cropped-2022-10-31_13-11-41-1.png\",\"contentUrl\":\"https:\/\/futbolmonterey.org\/wp-content\/uploads\/2022\/10\/cropped-2022-10-31_13-11-41-1.png\",\"width\":512,\"height\":512,\"caption\":\"AF Monterey\"},\"image\":{\"@id\":\"https:\/\/futbolmonterey.org\/es\/#\/schema\/logo\/image\/\"},\"sameAs\":[\"https:\/\/www.facebook.com\/profile.php?id=100086355979793\",\"https:\/\/x.com\/FutbolMonterey\",\"https:\/\/www.instagram.com\/futbolmonterey\/\"]}]}<\/script>\n<!-- \/ Yoast SEO plugin. -->","yoast_head_json":{"title":"Anulaci\u00f3n de sesiones - AF Monterey","robots":{"index":"index","follow":"follow","max-snippet":"max-snippet:-1","max-image-preview":"max-image-preview:large","max-video-preview":"max-video-preview:-1"},"canonical":"https:\/\/futbolmonterey.org\/es\/quienes-somos\/anulacion-de-sesiones\/","og_locale":"es_ES","og_type":"article","og_title":"Anulaci\u00f3n de sesiones - AF Monterey","og_description":"Nos proponemos ofrecer a cada jugador la m\u00e1xima calidad y experiencia en cada sesi\u00f3n. Debido a circunstancias ajenas a nuestra voluntad, es posible que tengamos que cancelar la sesi\u00f3n de un d\u00eda. Cuando esto ocurra, haremos todo lo posible por informar a nuestras familias de la cancelaci\u00f3n lo antes posible utilizando los siguientes m\u00e9todos: Correos&hellip;&nbsp;Read More &raquo;Anulaci\u00f3n de sesiones","og_url":"https:\/\/futbolmonterey.org\/es\/quienes-somos\/anulacion-de-sesiones\/","og_site_name":"AF Monterey","article_publisher":"https:\/\/www.facebook.com\/profile.php?id=100086355979793","article_modified_time":"2023-08-18T02:51:03+00:00","og_image":[{"width":1640,"height":924,"url":"https:\/\/futbolmonterey.org\/wp-content\/uploads\/2022\/11\/AFM-featured-image.jpg","type":"image\/jpeg"}],"twitter_card":"summary_large_image","twitter_site":"@FutbolMonterey","twitter_misc":{"Tiempo de lectura":"2 minutos"},"schema":{"@context":"https:\/\/schema.org","@graph":[{"@type":"WebPage","@id":"https:\/\/futbolmonterey.org\/es\/quienes-somos\/anulacion-de-sesiones\/","url":"https:\/\/futbolmonterey.org\/es\/quienes-somos\/anulacion-de-sesiones\/","name":"Anulaci\u00f3n de sesiones - AF Monterey","isPartOf":{"@id":"https:\/\/futbolmonterey.org\/es\/#website"},"primaryImageOfPage":{"@id":"https:\/\/futbolmonterey.org\/es\/quienes-somos\/anulacion-de-sesiones\/#primaryimage"},"image":{"@id":"https:\/\/futbolmonterey.org\/es\/quienes-somos\/anulacion-de-sesiones\/#primaryimage"},"thumbnailUrl":"https:\/\/futbolmonterey.org\/wp-content\/uploads\/2022\/11\/AFM-featured-image.jpg","datePublished":"2023-03-14T21:26:19+00:00","dateModified":"2023-08-18T02:51:03+00:00","breadcrumb":{"@id":"https:\/\/futbolmonterey.org\/es\/quienes-somos\/anulacion-de-sesiones\/#breadcrumb"},"inLanguage":"es","potentialAction":[{"@type":"ReadAction","target":["https:\/\/futbolmonterey.org\/es\/quienes-somos\/anulacion-de-sesiones\/"]}]},{"@type":"ImageObject","inLanguage":"es","@id":"https:\/\/futbolmonterey.org\/es\/quienes-somos\/anulacion-de-sesiones\/#primaryimage","url":"https:\/\/futbolmonterey.org\/wp-content\/uploads\/2022\/11\/AFM-featured-image.jpg","contentUrl":"https:\/\/futbolmonterey.org\/wp-content\/uploads\/2022\/11\/AFM-featured-image.jpg","width":1640,"height":924},{"@type":"BreadcrumbList","@id":"https:\/\/futbolmonterey.org\/es\/quienes-somos\/anulacion-de-sesiones\/#breadcrumb","itemListElement":[{"@type":"ListItem","position":1,"name":"Home","item":"https:\/\/futbolmonterey.org\/es\/inicio\/"},{"@type":"ListItem","position":2,"name":"Qui\u00e9nes somos","item":"https:\/\/futbolmonterey.org\/es\/?page_id=1681"},{"@type":"ListItem","position":3,"name":"Anulaci\u00f3n de sesiones"}]},{"@type":"WebSite","@id":"https:\/\/futbolmonterey.org\/es\/#website","url":"https:\/\/futbolmonterey.org\/es\/","name":"AF Monterey","description":"Academia F\u00fatbol de Monterey","publisher":{"@id":"https:\/\/futbolmonterey.org\/es\/#organization"},"potentialAction":[{"@type":"SearchAction","target":{"@type":"EntryPoint","urlTemplate":"https:\/\/futbolmonterey.org\/es\/?s={search_term_string}"},"query-input":{"@type":"PropertyValueSpecification","valueRequired":true,"valueName":"search_term_string"}}],"inLanguage":"es"},{"@type":"Organization","@id":"https:\/\/futbolmonterey.org\/es\/#organization","name":"AF Monterey","url":"https:\/\/futbolmonterey.org\/es\/","logo":{"@type":"ImageObject","inLanguage":"es","@id":"https:\/\/futbolmonterey.org\/es\/#\/schema\/logo\/image\/","url":"https:\/\/futbolmonterey.org\/wp-content\/uploads\/2022\/10\/cropped-2022-10-31_13-11-41-1.png","contentUrl":"https:\/\/futbolmonterey.org\/wp-content\/uploads\/2022\/10\/cropped-2022-10-31_13-11-41-1.png","width":512,"height":512,"caption":"AF Monterey"},"image":{"@id":"https:\/\/futbolmonterey.org\/es\/#\/schema\/logo\/image\/"},"sameAs":["https:\/\/www.facebook.com\/profile.php?id=100086355979793","https:\/\/x.com\/FutbolMonterey","https:\/\/www.instagram.com\/futbolmonterey\/"]}]}},"_links":{"self":[{"href":"https:\/\/futbolmonterey.org\/es\/wp-json\/wp\/v2\/pages\/1763","targetHints":{"allow":["GET"]}}],"collection":[{"href":"https:\/\/futbolmonterey.org\/es\/wp-json\/wp\/v2\/pages"}],"about":[{"href":"https:\/\/futbolmonterey.org\/es\/wp-json\/wp\/v2\/types\/page"}],"author":[{"embeddable":true,"href":"https:\/\/futbolmonterey.org\/es\/wp-json\/wp\/v2\/users\/1"}],"replies":[{"embeddable":true,"href":"https:\/\/futbolmonterey.org\/es\/wp-json\/wp\/v2\/comments?post=1763"}],"version-history":[{"count":0,"href":"https:\/\/futbolmonterey.org\/es\/wp-json\/wp\/v2\/pages\/1763\/revisions"}],"up":[{"embeddable":true,"href":"https:\/\/futbolmonterey.org\/es\/wp-json\/wp\/v2\/pages\/1681"}],"wp:featuredmedia":[{"embeddable":true,"href":"https:\/\/futbolmonterey.org\/es\/wp-json\/wp\/v2\/media\/1597"}],"wp:attachment":[{"href":"https:\/\/futbolmonterey.org\/es\/wp-json\/wp\/v2\/media?parent=1763"}],"curies":[{"name":"wp","href":"https:\/\/api.w.org\/{rel}","templated":true}]}}