{"id":1753,"date":"2022-11-04T15:59:56","date_gmt":"2022-11-04T15:59:56","guid":{"rendered":"https:\/\/futbolmonterey.org\/el-gimnasio\/"},"modified":"2023-08-18T02:51:02","modified_gmt":"2023-08-18T02:51:02","slug":"el-gimnasio","status":"publish","type":"page","link":"https:\/\/futbolmonterey.org\/es\/el-gimnasio\/","title":{"rendered":"El gimnasio"},"content":{"rendered":"\n<div class=\"wp-block-themeisle-blocks-advanced-columns alignfull has-1-columns has-desktop-equal-layout has-tablet-equal-layout has-mobile-equal-layout has-default-gap has-vertical-center\" id=\"wp-block-themeisle-blocks-advanced-columns-4e0d671d\"><div class=\"wp-block-themeisle-blocks-advanced-columns-overlay\"><\/div><div class=\"innerblocks-wrap\">\n<div class=\"wp-block-themeisle-blocks-advanced-column\" id=\"wp-block-themeisle-blocks-advanced-column-d4d96d4a\">\n<h1 id=\"wp-block-themeisle-blocks-advanced-heading-6297c131\" class=\"wp-block-themeisle-blocks-advanced-heading wp-block-themeisle-blocks-advanced-heading-6297c131\">Nuestro gimnasio<\/h1>\n<\/div>\n<\/div><\/div>\n\n<div class=\"wp-block-themeisle-blocks-advanced-columns alignfull has-1-columns has-desktop-equal-layout has-tablet-equal-layout has-mobile-equal-layout has-default-gap has-vertical-unset\" id=\"wp-block-themeisle-blocks-advanced-columns-0273539a\"><div class=\"wp-block-themeisle-blocks-advanced-columns-overlay\"><\/div><div class=\"innerblocks-wrap\">\n<div class=\"wp-block-themeisle-blocks-advanced-column\" id=\"wp-block-themeisle-blocks-advanced-column-77cbf08c\">\n<span id=\"wp-block-themeisle-blocks-advanced-heading-96034b55\" class=\"wp-block-themeisle-blocks-advanced-heading wp-block-themeisle-blocks-advanced-heading-96034b55\"><strong>SECCI\u00d3N SUPERPUESTA<\/strong><\/span>\n\n\n\n<h2 id=\"wp-block-themeisle-blocks-advanced-heading-b89eeed3\" class=\"wp-block-themeisle-blocks-advanced-heading wp-block-themeisle-blocks-advanced-heading-b89eeed3\">  Un lugar para hacer ejercicio  <\/h2>\n\n\n\n<p class=\"has-text-align-center\">Kale chips knausgaard mustache blog fashion axe selfies salvia. M\u00e1quina de escribir en V profunda post-ir\u00f3nica sin gluten. Nube pan franela poke, flexitarian vinilo iPhone iglesia llave cham\u00e1n williamsburg kitsch barba.<\/p>\n\n\n\n<figure class=\"wp-block-embed-youtube wp-block-embed is-type-video is-provider-youtube wp-embed-aspect-16-9 wp-has-aspect-ratio\"><div class=\"wp-block-embed__wrapper\">\n<div class=\"nv-iframe-embed\"><iframe title=\"WORKOUT TECHNIQUE | How to safely do a Squat Jump?\" width=\"1200\" height=\"675\" src=\"https:\/\/www.youtube.com\/embed\/72BSZupb-1I?feature=oembed\" frameborder=\"0\" allow=\"accelerometer; autoplay; clipboard-write; encrypted-media; gyroscope; picture-in-picture; web-share\" allowfullscreen><\/iframe><\/div>\n<\/div><\/figure>\n<\/div>\n<\/div><\/div>\n\n<div class=\"wp-block-themeisle-blocks-advanced-columns alignfull has-3-columns has-desktop-equal-layout has-tablet-equal-layout has-mobile-collapsedRows-layout has-default-gap has-vertical-center\" id=\"wp-block-themeisle-blocks-advanced-columns-5be898d6\"><div class=\"wp-block-themeisle-blocks-advanced-columns-overlay\"><\/div><div class=\"innerblocks-wrap\">\n<div class=\"wp-block-themeisle-blocks-advanced-column\" id=\"wp-block-themeisle-blocks-advanced-column-2082b1bd\">\n<figure class=\"wp-block-image size-large\"><img fetchpriority=\"high\" decoding=\"async\" width=\"360\" height=\"360\" src=\"https:\/\/api.themeisle.com\/templates-data\/2020\/11\/ebf0233ced7259cf0838b7ba6d3aee07nuo8eu4yyiretg78130a\/images\/neve-gym-demo-33.jpg\" alt=\"\" class=\"wp-image-122\"\/><\/figure>\n<\/div>\n\n\n\n<div class=\"wp-block-themeisle-blocks-advanced-column\" id=\"wp-block-themeisle-blocks-advanced-column-f6cba639\">\n<figure class=\"wp-block-image size-large\"><img decoding=\"async\" width=\"360\" height=\"360\" src=\"https:\/\/api.themeisle.com\/templates-data\/2020\/11\/ebf0233ced7259cf0838b7ba6d3aee07nuo8eu4yyiretg78130a\/images\/neve-gym-demo-27.jpg\" alt=\"\" class=\"wp-image-116\"\/><\/figure>\n<\/div>\n\n\n\n<div class=\"wp-block-themeisle-blocks-advanced-column\" id=\"wp-block-themeisle-blocks-advanced-column-4248076a\">\n<figure class=\"wp-block-image size-large\"><img decoding=\"async\" width=\"360\" height=\"360\" src=\"https:\/\/api.themeisle.com\/templates-data\/2020\/11\/ebf0233ced7259cf0838b7ba6d3aee07nuo8eu4yyiretg78130a\/images\/neve-gym-demo-28.jpg\" alt=\"\" class=\"wp-image-117\"\/><\/figure>\n<\/div>\n<\/div><\/div>\n\n<div class=\"wp-block-themeisle-blocks-advanced-columns alignfull has-3-columns has-desktop-equal-layout has-tablet-equal-layout has-mobile-collapsedRows-layout has-default-gap has-vertical-unset\" id=\"wp-block-themeisle-blocks-advanced-columns-fbdc066e\"><div class=\"wp-block-themeisle-blocks-advanced-columns-overlay\"><\/div><div class=\"innerblocks-wrap\">\n<div class=\"wp-block-themeisle-blocks-advanced-column\" id=\"wp-block-themeisle-blocks-advanced-column-2efe9b88\">\n<div class=\"wp-block-themeisle-blocks-service\">\n<p class=\"wp-block-themeisle-blocks-font-awesome-icons\" id=\"wp-block-themeisle-blocks-font-awesome-icons-c713fbe6\"><span class=\"wp-block-themeisle-blocks-font-awesome-icons-container\"><i class=\"far fa-check-circle\"><\/i><\/span><\/p>\n\n\n\n<h4 id=\"wp-block-themeisle-blocks-advanced-heading-e39f9498\" class=\"wp-block-themeisle-blocks-advanced-heading wp-block-themeisle-blocks-advanced-heading-e39f9498\">Con experiencia<\/h4>\n\n\n\n<p id=\"wp-block-themeisle-blocks-advanced-heading-cb2ee817\" class=\"wp-block-themeisle-blocks-advanced-heading wp-block-themeisle-blocks-advanced-heading-cb2ee817\">Haga clic en el bot\u00f3n Editar para cambiar este texto. Lorem ipsum dolor sit amet, consectetur adipiscing elit.<\/p>\n<\/div>\n<\/div>\n\n\n\n<div class=\"wp-block-themeisle-blocks-advanced-column\" id=\"wp-block-themeisle-blocks-advanced-column-2bce45cc\">\n<p class=\"wp-block-themeisle-blocks-font-awesome-icons\" id=\"wp-block-themeisle-blocks-font-awesome-icons-9bd6f2c2\"><span class=\"wp-block-themeisle-blocks-font-awesome-icons-container\"><i class=\"far fa-check-circle\"><\/i><\/span><\/p>\n\n\n\n<h4 id=\"wp-block-themeisle-blocks-advanced-heading-971714da\" class=\"wp-block-themeisle-blocks-advanced-heading wp-block-themeisle-blocks-advanced-heading-971714da\">Profesional<\/h4>\n\n\n\n<p id=\"wp-block-themeisle-blocks-advanced-heading-8d7f8636\" class=\"wp-block-themeisle-blocks-advanced-heading wp-block-themeisle-blocks-advanced-heading-8d7f8636\">Haga clic en el bot\u00f3n Editar para cambiar este texto. Lorem ipsum dolor sit amet, consectetur adipiscing elit.<\/p>\n<\/div>\n\n\n\n<div class=\"wp-block-themeisle-blocks-advanced-column\" id=\"wp-block-themeisle-blocks-advanced-column-9c2dcfff\">\n<p class=\"wp-block-themeisle-blocks-font-awesome-icons\" id=\"wp-block-themeisle-blocks-font-awesome-icons-b3829df8\"><span class=\"wp-block-themeisle-blocks-font-awesome-icons-container\"><i class=\"far fa-check-circle\"><\/i><\/span><\/p>\n\n\n\n<h4 id=\"wp-block-themeisle-blocks-advanced-heading-50629f61\" class=\"wp-block-themeisle-blocks-advanced-heading wp-block-themeisle-blocks-advanced-heading-50629f61\">Motivado<\/h4>\n\n\n\n<p id=\"wp-block-themeisle-blocks-advanced-heading-616c0065\" class=\"wp-block-themeisle-blocks-advanced-heading wp-block-themeisle-blocks-advanced-heading-616c0065\">Haga clic en el bot\u00f3n Editar para cambiar este texto. Lorem ipsum dolor sit amet, consectetur adipiscing elit.<\/p>\n<\/div>\n<\/div><\/div>\n\n<div class=\"wp-block-themeisle-blocks-advanced-columns alignfull has-2-columns has-desktop-equal-layout has-tablet-equal-layout has-mobile-collapsedRows-layout has-default-gap has-vertical-unset\" id=\"wp-block-themeisle-blocks-advanced-columns-223fe763\"><div class=\"wp-block-themeisle-blocks-advanced-columns-overlay\"><\/div><div class=\"innerblocks-wrap\">\n<div class=\"wp-block-themeisle-blocks-advanced-column\" id=\"wp-block-themeisle-blocks-advanced-column-e76aa28b\">\n<span id=\"wp-block-themeisle-blocks-advanced-heading-44761de2\" class=\"wp-block-themeisle-blocks-advanced-heading wp-block-themeisle-blocks-advanced-heading-44761de2\"><strong>SECCI\u00d3N SUPERPUESTA<\/strong><\/span>\n\n\n\n<h2 id=\"wp-block-themeisle-blocks-advanced-heading-bdac4649\" class=\"wp-block-themeisle-blocks-advanced-heading wp-block-themeisle-blocks-advanced-heading-bdac4649\">Obtenga una lecci\u00f3n introductoria gratis<\/h2>\n<\/div>\n\n\n\n<div class=\"wp-block-themeisle-blocks-advanced-column\" id=\"wp-block-themeisle-blocks-advanced-column-6f1f72a1\">\n<div class=\"wp-block-buttons aligncenter is-layout-flex wp-block-buttons-is-layout-flex\">\n<div class=\"wp-block-button is-style-primary\"><a class=\"wp-block-button__link\" href=\"https:\/\/demosites.io\/fitness-gb\/groups\/\">RESERVE YA SU CLASE GRATUITA<\/a><\/div>\n<\/div>\n<\/div>\n<\/div><\/div>\n\n<div class=\"wp-block-themeisle-blocks-advanced-columns alignfull has-1-columns has-desktop-equal-layout has-tablet-equal-layout has-mobile-equal-layout has-default-gap has-vertical-unset\" id=\"wp-block-themeisle-blocks-advanced-columns-3e778e2d\"><div class=\"wp-block-themeisle-blocks-advanced-columns-overlay\"><\/div><div class=\"innerblocks-wrap\">\n<div class=\"wp-block-themeisle-blocks-advanced-column\" id=\"wp-block-themeisle-blocks-advanced-column-2ece35ac\">\n<div id=\"wp-block-themeisle-blocks-button-group-3ea8bc80\" class=\"wp-block-themeisle-blocks-button-group wp-block-buttons align-center\">\n<div id=\"wp-block-themeisle-blocks-button-62583ff4\" class=\"wp-block-themeisle-blocks-button wp-block-button\"><a href=\"\" target=\"_self\" rel=\"noopener noreferrer\" class=\"wp-block-button__link\"><i class=\"fas fa-fw fa-star\"><\/i><\/a><\/div>\n\n\n\n<div id=\"wp-block-themeisle-blocks-button-c70fe55d\" class=\"wp-block-themeisle-blocks-button wp-block-button\"><a href=\"\" target=\"_self\" rel=\"noopener noreferrer\" class=\"wp-block-button__link\"><i class=\"fas fa-fw fa-star\"><\/i><\/a><\/div>\n\n\n\n<div id=\"wp-block-themeisle-blocks-button-a0ebf55e\" class=\"wp-block-themeisle-blocks-button wp-block-button\"><a href=\"\" target=\"_self\" rel=\"noopener noreferrer\" class=\"wp-block-button__link\"><i class=\"fas fa-fw fa-star\"><\/i><\/a><\/div>\n\n\n\n<div id=\"wp-block-themeisle-blocks-button-bbf4a34f\" class=\"wp-block-themeisle-blocks-button wp-block-button\"><a href=\"\" target=\"_self\" rel=\"noopener noreferrer\" class=\"wp-block-button__link\"><i class=\"fas fa-fw fa-star\"><\/i><\/a><\/div>\n\n\n\n<div id=\"wp-block-themeisle-blocks-button-bb2adde9\" class=\"wp-block-themeisle-blocks-button wp-block-button\"><a href=\"\" target=\"_self\" rel=\"noopener noreferrer\" class=\"wp-block-button__link\"><i class=\"fas fa-fw fa-star\"><\/i><\/a><\/div>\n<\/div>\n\n\n\n<p class=\"has-text-align-center\" style=\"font-size:19px\">Entrenar en este gimnasio ha sido una de las mejores decisiones que he tomado para mi forma f\u00edsica. Me encantan las vibraciones positivas y el ambiente acogedor.<\/p>\n\n\n\n<div class=\"wp-block-image is-style-rounded\"><figure class=\"aligncenter size-large is-resized\"><img loading=\"lazy\" decoding=\"async\" src=\"https:\/\/api.themeisle.com\/templates-data\/2020\/11\/ebf0233ced7259cf0838b7ba6d3aee07nuo8eu4yyiretg78130a\/images\/neve-gym-demo-03.jpg\" alt=\"\" class=\"wp-image-92\" width=\"60\" height=\"60\"\/><\/figure><\/div>\n\n\n\n<h4 id=\"wp-block-themeisle-blocks-advanced-heading-f20225f1\" class=\"wp-block-themeisle-blocks-advanced-heading wp-block-themeisle-blocks-advanced-heading-f20225f1\">ALBERT GARRETT<\/h4>\n<\/div>\n<\/div><\/div>\n\n<div class=\"wp-block-themeisle-blocks-advanced-columns alignfull has-2-columns has-desktop-equal-layout has-tablet-equal-layout has-mobile-collapsedRows-layout has-default-gap has-vertical-center\" id=\"wp-block-themeisle-blocks-advanced-columns-d71dbe7f\"><div class=\"wp-block-themeisle-blocks-advanced-columns-overlay\"><\/div><div class=\"innerblocks-wrap\">\n<div class=\"wp-block-themeisle-blocks-advanced-column\" id=\"wp-block-themeisle-blocks-advanced-column-11f00c69\">\n<span id=\"wp-block-themeisle-blocks-advanced-heading-254febeb\" class=\"wp-block-themeisle-blocks-advanced-heading wp-block-themeisle-blocks-advanced-heading-254febeb\"><strong>EN EL CENTRO DE LA CIUDAD<\/strong><\/span>\n\n\n\n<h2 id=\"wp-block-themeisle-blocks-advanced-heading-ba8a9dc4\" class=\"wp-block-themeisle-blocks-advanced-heading wp-block-themeisle-blocks-advanced-heading-ba8a9dc4\">Venga a visitarnos.<\/h2>\n\n\n\n<span id=\"wp-block-themeisle-blocks-advanced-heading-4fce5c34\" class=\"wp-block-themeisle-blocks-advanced-heading wp-block-themeisle-blocks-advanced-heading-4fce5c34\"><strong>DE 9:00 A 23:00 (DOMINGO CERRADO)<\/strong><\/span>\n\n\n\n<p class=\"has-white-color has-text-color\">Kale chips knausgaard mustache blog fashion axe selfies salvia. M\u00e1quina de escribir en V profunda post-ir\u00f3nica sin gluten. Nube pan franela poke, flexitarian vinilo iPhone iglesia llave cham\u00e1n williamsburg kitsch barba.<\/p>\n\n\n\n<span id=\"wp-block-themeisle-blocks-advanced-heading-75de8887\" class=\"wp-block-themeisle-blocks-advanced-heading wp-block-themeisle-blocks-advanced-heading-75de8887\"><strong>0032-773 88291<\/strong><\/span>\n\n\n\n<span id=\"wp-block-themeisle-blocks-advanced-heading-f5a611fb\" class=\"wp-block-themeisle-blocks-advanced-heading wp-block-themeisle-blocks-advanced-heading-f5a611fb\"><strong>HELLO@NEVEFIT.COM<\/strong><\/span>\n\n\n\n<span id=\"wp-block-themeisle-blocks-advanced-heading-b4549e36\" class=\"wp-block-themeisle-blocks-advanced-heading wp-block-themeisle-blocks-advanced-heading-b4549e36\"><strong>21 JUMP STREET, SAN FRANCISCO<\/strong><\/span>\n<\/div>\n\n\n\n<div class=\"wp-block-themeisle-blocks-advanced-column\" id=\"wp-block-themeisle-blocks-advanced-column-7abab17f\">\n<figure class=\"wp-block-image size-large\"><img loading=\"lazy\" decoding=\"async\" width=\"600\" height=\"600\" src=\"https:\/\/api.themeisle.com\/templates-data\/2020\/11\/ebf0233ced7259cf0838b7ba6d3aee07nuo8eu4yyiretg78130a\/images\/neve-gym-demo-01.jpg\" alt=\"\" class=\"wp-image-90\"\/><\/figure>\n<\/div>\n<\/div><\/div>\n","protected":false},"excerpt":{"rendered":"","protected":false},"author":1,"featured_media":0,"parent":0,"menu_order":0,"comment_status":"closed","ping_status":"closed","template":"","meta":{"neve_meta_sidebar":"","neve_meta_container":"","neve_meta_enable_content_width":"","neve_meta_content_width":0,"neve_meta_title_alignment":"","neve_meta_author_avatar":"","neve_post_elements_order":"","neve_meta_disable_header":"","neve_meta_disable_footer":"","neve_meta_disable_title":"","neve_meta_reading_time":"","footnotes":"","_links_to":"","_links_to_target":""},"class_list":["post-1753","page","type-page","status-publish","hentry"],"yoast_head":"<!-- This site is optimized with the Yoast SEO plugin v27.4 - https:\/\/yoast.com\/product\/yoast-seo-wordpress\/ -->\n<title>El gimnasio - AF Monterey<\/title>\n<meta name=\"robots\" content=\"index, follow, max-snippet:-1, max-image-preview:large, max-video-preview:-1\" \/>\n<link rel=\"canonical\" href=\"https:\/\/futbolmonterey.org\/es\/el-gimnasio\/\" \/>\n<meta property=\"og:locale\" content=\"es_ES\" \/>\n<meta property=\"og:type\" content=\"article\" \/>\n<meta property=\"og:title\" content=\"El gimnasio - AF Monterey\" \/>\n<meta property=\"og:url\" content=\"https:\/\/futbolmonterey.org\/es\/el-gimnasio\/\" \/>\n<meta property=\"og:site_name\" content=\"AF Monterey\" \/>\n<meta property=\"article:publisher\" content=\"https:\/\/www.facebook.com\/profile.php?id=100086355979793\" \/>\n<meta property=\"article:modified_time\" content=\"2023-08-18T02:51:02+00:00\" \/>\n<meta property=\"og:image\" content=\"https:\/\/api.themeisle.com\/templates-data\/2020\/11\/ebf0233ced7259cf0838b7ba6d3aee07nuo8eu4yyiretg78130a\/images\/neve-gym-demo-33.jpg\" \/>\n<meta name=\"twitter:card\" content=\"summary_large_image\" \/>\n<meta name=\"twitter:site\" content=\"@FutbolMonterey\" \/>\n<meta name=\"twitter:label1\" content=\"Tiempo de lectura\" \/>\n\t<meta name=\"twitter:data1\" content=\"1 minuto\" \/>\n<script type=\"application\/ld+json\" class=\"yoast-schema-graph\">{\"@context\":\"https:\\\/\\\/schema.org\",\"@graph\":[{\"@type\":\"WebPage\",\"@id\":\"https:\\\/\\\/futbolmonterey.org\\\/es\\\/el-gimnasio\\\/\",\"url\":\"https:\\\/\\\/futbolmonterey.org\\\/es\\\/el-gimnasio\\\/\",\"name\":\"El gimnasio - AF Monterey\",\"isPartOf\":{\"@id\":\"https:\\\/\\\/futbolmonterey.org\\\/es\\\/#website\"},\"primaryImageOfPage\":{\"@id\":\"https:\\\/\\\/futbolmonterey.org\\\/es\\\/el-gimnasio\\\/#primaryimage\"},\"image\":{\"@id\":\"https:\\\/\\\/futbolmonterey.org\\\/es\\\/el-gimnasio\\\/#primaryimage\"},\"thumbnailUrl\":\"https:\\\/\\\/api.themeisle.com\\\/templates-data\\\/2020\\\/11\\\/ebf0233ced7259cf0838b7ba6d3aee07nuo8eu4yyiretg78130a\\\/images\\\/neve-gym-demo-33.jpg\",\"datePublished\":\"2022-11-04T15:59:56+00:00\",\"dateModified\":\"2023-08-18T02:51:02+00:00\",\"breadcrumb\":{\"@id\":\"https:\\\/\\\/futbolmonterey.org\\\/es\\\/el-gimnasio\\\/#breadcrumb\"},\"inLanguage\":\"es\",\"potentialAction\":[{\"@type\":\"ReadAction\",\"target\":[\"https:\\\/\\\/futbolmonterey.org\\\/es\\\/el-gimnasio\\\/\"]}]},{\"@type\":\"ImageObject\",\"inLanguage\":\"es\",\"@id\":\"https:\\\/\\\/futbolmonterey.org\\\/es\\\/el-gimnasio\\\/#primaryimage\",\"url\":\"https:\\\/\\\/api.themeisle.com\\\/templates-data\\\/2020\\\/11\\\/ebf0233ced7259cf0838b7ba6d3aee07nuo8eu4yyiretg78130a\\\/images\\\/neve-gym-demo-33.jpg\",\"contentUrl\":\"https:\\\/\\\/api.themeisle.com\\\/templates-data\\\/2020\\\/11\\\/ebf0233ced7259cf0838b7ba6d3aee07nuo8eu4yyiretg78130a\\\/images\\\/neve-gym-demo-33.jpg\"},{\"@type\":\"BreadcrumbList\",\"@id\":\"https:\\\/\\\/futbolmonterey.org\\\/es\\\/el-gimnasio\\\/#breadcrumb\",\"itemListElement\":[{\"@type\":\"ListItem\",\"position\":1,\"name\":\"Home\",\"item\":\"https:\\\/\\\/futbolmonterey.org\\\/es\\\/inicio\\\/\"},{\"@type\":\"ListItem\",\"position\":2,\"name\":\"El gimnasio\"}]},{\"@type\":\"WebSite\",\"@id\":\"https:\\\/\\\/futbolmonterey.org\\\/es\\\/#website\",\"url\":\"https:\\\/\\\/futbolmonterey.org\\\/es\\\/\",\"name\":\"AF Monterey\",\"description\":\"Academia F\u00fatbol de Monterey\",\"publisher\":{\"@id\":\"https:\\\/\\\/futbolmonterey.org\\\/es\\\/#organization\"},\"potentialAction\":[{\"@type\":\"SearchAction\",\"target\":{\"@type\":\"EntryPoint\",\"urlTemplate\":\"https:\\\/\\\/futbolmonterey.org\\\/es\\\/?s={search_term_string}\"},\"query-input\":{\"@type\":\"PropertyValueSpecification\",\"valueRequired\":true,\"valueName\":\"search_term_string\"}}],\"inLanguage\":\"es\"},{\"@type\":\"Organization\",\"@id\":\"https:\\\/\\\/futbolmonterey.org\\\/es\\\/#organization\",\"name\":\"AF Monterey\",\"url\":\"https:\\\/\\\/futbolmonterey.org\\\/es\\\/\",\"logo\":{\"@type\":\"ImageObject\",\"inLanguage\":\"es\",\"@id\":\"https:\\\/\\\/futbolmonterey.org\\\/es\\\/#\\\/schema\\\/logo\\\/image\\\/\",\"url\":\"https:\\\/\\\/futbolmonterey.org\\\/wp-content\\\/uploads\\\/2022\\\/10\\\/cropped-2022-10-31_13-11-41-1.png\",\"contentUrl\":\"https:\\\/\\\/futbolmonterey.org\\\/wp-content\\\/uploads\\\/2022\\\/10\\\/cropped-2022-10-31_13-11-41-1.png\",\"width\":512,\"height\":512,\"caption\":\"AF Monterey\"},\"image\":{\"@id\":\"https:\\\/\\\/futbolmonterey.org\\\/es\\\/#\\\/schema\\\/logo\\\/image\\\/\"},\"sameAs\":[\"https:\\\/\\\/www.facebook.com\\\/profile.php?id=100086355979793\",\"https:\\\/\\\/x.com\\\/FutbolMonterey\",\"https:\\\/\\\/www.instagram.com\\\/futbolmonterey\\\/\"]}]}<\/script>\n<!-- \/ Yoast SEO plugin. -->","yoast_head_json":{"title":"El gimnasio - AF Monterey","robots":{"index":"index","follow":"follow","max-snippet":"max-snippet:-1","max-image-preview":"max-image-preview:large","max-video-preview":"max-video-preview:-1"},"canonical":"https:\/\/futbolmonterey.org\/es\/el-gimnasio\/","og_locale":"es_ES","og_type":"article","og_title":"El gimnasio - AF Monterey","og_url":"https:\/\/futbolmonterey.org\/es\/el-gimnasio\/","og_site_name":"AF Monterey","article_publisher":"https:\/\/www.facebook.com\/profile.php?id=100086355979793","article_modified_time":"2023-08-18T02:51:02+00:00","og_image":[{"url":"https:\/\/api.themeisle.com\/templates-data\/2020\/11\/ebf0233ced7259cf0838b7ba6d3aee07nuo8eu4yyiretg78130a\/images\/neve-gym-demo-33.jpg","type":"","width":"","height":""}],"twitter_card":"summary_large_image","twitter_site":"@FutbolMonterey","twitter_misc":{"Tiempo de lectura":"1 minuto"},"schema":{"@context":"https:\/\/schema.org","@graph":[{"@type":"WebPage","@id":"https:\/\/futbolmonterey.org\/es\/el-gimnasio\/","url":"https:\/\/futbolmonterey.org\/es\/el-gimnasio\/","name":"El gimnasio - AF Monterey","isPartOf":{"@id":"https:\/\/futbolmonterey.org\/es\/#website"},"primaryImageOfPage":{"@id":"https:\/\/futbolmonterey.org\/es\/el-gimnasio\/#primaryimage"},"image":{"@id":"https:\/\/futbolmonterey.org\/es\/el-gimnasio\/#primaryimage"},"thumbnailUrl":"https:\/\/api.themeisle.com\/templates-data\/2020\/11\/ebf0233ced7259cf0838b7ba6d3aee07nuo8eu4yyiretg78130a\/images\/neve-gym-demo-33.jpg","datePublished":"2022-11-04T15:59:56+00:00","dateModified":"2023-08-18T02:51:02+00:00","breadcrumb":{"@id":"https:\/\/futbolmonterey.org\/es\/el-gimnasio\/#breadcrumb"},"inLanguage":"es","potentialAction":[{"@type":"ReadAction","target":["https:\/\/futbolmonterey.org\/es\/el-gimnasio\/"]}]},{"@type":"ImageObject","inLanguage":"es","@id":"https:\/\/futbolmonterey.org\/es\/el-gimnasio\/#primaryimage","url":"https:\/\/api.themeisle.com\/templates-data\/2020\/11\/ebf0233ced7259cf0838b7ba6d3aee07nuo8eu4yyiretg78130a\/images\/neve-gym-demo-33.jpg","contentUrl":"https:\/\/api.themeisle.com\/templates-data\/2020\/11\/ebf0233ced7259cf0838b7ba6d3aee07nuo8eu4yyiretg78130a\/images\/neve-gym-demo-33.jpg"},{"@type":"BreadcrumbList","@id":"https:\/\/futbolmonterey.org\/es\/el-gimnasio\/#breadcrumb","itemListElement":[{"@type":"ListItem","position":1,"name":"Home","item":"https:\/\/futbolmonterey.org\/es\/inicio\/"},{"@type":"ListItem","position":2,"name":"El gimnasio"}]},{"@type":"WebSite","@id":"https:\/\/futbolmonterey.org\/es\/#website","url":"https:\/\/futbolmonterey.org\/es\/","name":"AF Monterey","description":"Academia F\u00fatbol de Monterey","publisher":{"@id":"https:\/\/futbolmonterey.org\/es\/#organization"},"potentialAction":[{"@type":"SearchAction","target":{"@type":"EntryPoint","urlTemplate":"https:\/\/futbolmonterey.org\/es\/?s={search_term_string}"},"query-input":{"@type":"PropertyValueSpecification","valueRequired":true,"valueName":"search_term_string"}}],"inLanguage":"es"},{"@type":"Organization","@id":"https:\/\/futbolmonterey.org\/es\/#organization","name":"AF Monterey","url":"https:\/\/futbolmonterey.org\/es\/","logo":{"@type":"ImageObject","inLanguage":"es","@id":"https:\/\/futbolmonterey.org\/es\/#\/schema\/logo\/image\/","url":"https:\/\/futbolmonterey.org\/wp-content\/uploads\/2022\/10\/cropped-2022-10-31_13-11-41-1.png","contentUrl":"https:\/\/futbolmonterey.org\/wp-content\/uploads\/2022\/10\/cropped-2022-10-31_13-11-41-1.png","width":512,"height":512,"caption":"AF Monterey"},"image":{"@id":"https:\/\/futbolmonterey.org\/es\/#\/schema\/logo\/image\/"},"sameAs":["https:\/\/www.facebook.com\/profile.php?id=100086355979793","https:\/\/x.com\/FutbolMonterey","https:\/\/www.instagram.com\/futbolmonterey\/"]}]}},"_links":{"self":[{"href":"https:\/\/futbolmonterey.org\/es\/wp-json\/wp\/v2\/pages\/1753","targetHints":{"allow":["GET"]}}],"collection":[{"href":"https:\/\/futbolmonterey.org\/es\/wp-json\/wp\/v2\/pages"}],"about":[{"href":"https:\/\/futbolmonterey.org\/es\/wp-json\/wp\/v2\/types\/page"}],"author":[{"embeddable":true,"href":"https:\/\/futbolmonterey.org\/es\/wp-json\/wp\/v2\/users\/1"}],"replies":[{"embeddable":true,"href":"https:\/\/futbolmonterey.org\/es\/wp-json\/wp\/v2\/comments?post=1753"}],"version-history":[{"count":0,"href":"https:\/\/futbolmonterey.org\/es\/wp-json\/wp\/v2\/pages\/1753\/revisions"}],"wp:attachment":[{"href":"https:\/\/futbolmonterey.org\/es\/wp-json\/wp\/v2\/media?parent=1753"}],"curies":[{"name":"wp","href":"https:\/\/api.w.org\/{rel}","templated":true}]}}