{"id":1735,"date":"2022-11-08T03:10:12","date_gmt":"2022-11-08T03:10:12","guid":{"rendered":"https:\/\/futbolmonterey.org\/scott-schoenthal\/"},"modified":"2025-03-23T06:20:46","modified_gmt":"2025-03-23T06:20:46","slug":"scott-schoenthal","status":"publish","type":"page","link":"https:\/\/futbolmonterey.org\/es\/personal\/scott-schoenthal\/","title":{"rendered":"Scott Schoenthal"},"content":{"rendered":"\t\t<div data-elementor-type=\"wp-page\" data-elementor-id=\"1735\" class=\"elementor elementor-1735 elementor-626\" data-elementor-post-type=\"page\">\n\t\t\t\t\t\t<section class=\"elementor-section elementor-top-section elementor-element elementor-element-9aa5430 elementor-section-boxed elementor-section-height-default elementor-section-height-default\" data-id=\"9aa5430\" data-element_type=\"section\" data-e-type=\"section\">\n\t\t\t\t\t\t<div class=\"elementor-container elementor-column-gap-default\">\n\t\t\t\t\t<div class=\"elementor-column elementor-col-33 elementor-top-column elementor-element elementor-element-9df3a21\" data-id=\"9df3a21\" data-element_type=\"column\" data-e-type=\"column\">\n\t\t\t<div class=\"elementor-widget-wrap elementor-element-populated\">\n\t\t\t\t\t\t<div class=\"elementor-element elementor-element-302eef9 eael-team-align-eael-team-align-default elementor-widget elementor-widget-eael-team-member\" data-id=\"302eef9\" data-element_type=\"widget\" data-e-type=\"widget\" data-widget_type=\"eael-team-member.default\">\n\t\t\t\t<div class=\"elementor-widget-container\">\n\t\t\t\t\t\n\n\t<div id=\"eael-team-member-302eef9\" class=\"eael-team-item eael-team-members-simple \">\n\t\t<div class=\"eael-team-item-inner\">\n\t\t\t<div class=\"eael-team-image\">\n\t\t\t\t<figure>\n\t\t\t\t\t\t\t\t\t\t<img decoding=\"async\" src=\"https:\/\/futbolmonterey.org\/wp-content\/uploads\/2023\/11\/Cisneros-head-shot-231114-4.png\" alt=\"\">\n\t\t\t\t\t\t\t\t\t<\/figure>\n\t\t\t\t\n\t\t\t\t\n\t\t\t<\/div>\n\n\t\t\t<div class=\"eael-team-content\">\n\t\t\t\t<h2 class=\"eael-team-member-name\">Scott Schoenthal<\/h2><h3 class=\"eael-team-member-position\">Director Ejecutivo<\/h3>\n\t\t\t\t\t\t\t\t\t\t\t\t\t\t\t<ul class=\"eael-team-member-social-profiles\">\n\t\t\t\t\t\t\t\t\t\t\t\t\t\t\t\t\t\t\t\t\t\t\t\t\t\t\t\t\t\t\t\t\t\t\t\t\t\t\t\t\t<li class=\"eael-team-member-social-link\">\n\t\t\t\t\t\t\t\t\t\t<a href=\"https:\/\/twitter.com\/205_sports\" target=\"_blank\">\n\t\t\t\t\t\t\t\t\t\t\t\t\t\t\t\t\t\t\t\t\t\t\t<i aria-hidden=\"true\" class=\"fab fa-twitter\"><\/i>\t\t\t\t\t\t\t\t\t\t\t\t\t\t\t\t\t\t\t\t\t<\/a>\n\t\t\t\t\t\t\t\t\t<\/li>\n\t\t\t\t\t\t\t\t\t\t\t\t\t\t\t\t\t\t\t\t\t\t\t\t\t\t\t\t\t\t\t\t\t\t\t\t\t\t\t\t\t\t\t\t\t\t\t\t\t<li class=\"eael-team-member-social-link\">\n\t\t\t\t\t\t\t\t\t\t<a href=\"mailto:exec@futbolomonterey,org\" target=\"_blank\">\n\t\t\t\t\t\t\t\t\t\t\t\t\t\t\t\t\t\t\t\t\t\t\t<i aria-hidden=\"true\" class=\"far fa-envelope\"><\/i>\t\t\t\t\t\t\t\t\t\t\t\t\t\t\t\t\t\t\t\t\t<\/a>\n\t\t\t\t\t\t\t\t\t<\/li>\n\t\t\t\t\t\t\t\t\t\t\t\t\t\t\t\t\t\t\t\t\t<\/ul>\n\t\t\t\t\t\t\t\t\t\t<p class=\"eael-team-text\"><\/p>\n\t\t\t\t\t\t\t<\/div>\n\t\t<\/div>\n\t<\/div>\n\t\t\t\t\t<\/div>\n\t\t\t\t<\/div>\n\t\t\t\t\t<\/div>\n\t\t<\/div>\n\t\t\t\t<div class=\"elementor-column elementor-col-33 elementor-top-column elementor-element elementor-element-189182d\" data-id=\"189182d\" data-element_type=\"column\" data-e-type=\"column\">\n\t\t\t<div class=\"elementor-widget-wrap\">\n\t\t\t\t\t\t\t<\/div>\n\t\t<\/div>\n\t\t\t\t<div class=\"elementor-column elementor-col-33 elementor-top-column elementor-element elementor-element-8ce6920\" data-id=\"8ce6920\" data-element_type=\"column\" data-e-type=\"column\">\n\t\t\t<div class=\"elementor-widget-wrap\">\n\t\t\t\t\t\t\t<\/div>\n\t\t<\/div>\n\t\t\t\t\t<\/div>\n\t\t<\/section>\n\t\t\t\t<section class=\"elementor-section elementor-top-section elementor-element elementor-element-11c1a01 elementor-section-boxed elementor-section-height-default elementor-section-height-default\" data-id=\"11c1a01\" data-element_type=\"section\" data-e-type=\"section\">\n\t\t\t\t\t\t<div class=\"elementor-container elementor-column-gap-default\">\n\t\t\t\t\t<div class=\"elementor-column elementor-col-100 elementor-top-column elementor-element elementor-element-7a669c2\" data-id=\"7a669c2\" data-element_type=\"column\" data-e-type=\"column\">\n\t\t\t<div class=\"elementor-widget-wrap elementor-element-populated\">\n\t\t\t\t\t\t<div class=\"elementor-element elementor-element-1f9995d elementor-widget elementor-widget-text-editor\" data-id=\"1f9995d\" data-element_type=\"widget\" data-e-type=\"widget\" data-widget_type=\"text-editor.default\">\n\t\t\t\t<div class=\"elementor-widget-container\">\n\t\t\t\t\t\t\t\t\t<p>Tras 20 a\u00f1os en puestos de entrenador y director en clubes de la bah\u00eda de San Francisco, Scott se traslad\u00f3 en 2021 para formar parte del cuerpo t\u00e9cnico masculino del Monterey Peninsula College. Scott tambi\u00e9n ha sido entrenador principal y personal en la escuela secundaria durante m\u00e1s de 15 a\u00f1os.  <\/p>\n<p>Adem\u00e1s de director ejecutivo de AF Monterey, Scott es fundador y director general de <a href=\"https:\/\/205sports.org\">205 Sports<\/a>, una organizaci\u00f3n sin \u00e1nimo de lucro dedicada a la formaci\u00f3n de entrenadores y al desarrollo de jugadores. Scott posee la certificaci\u00f3n <a href=\"https:\/\/www.nsca.com\/certification\/cscs\/\">de Especialista en Fuerza y Acondicionamiento (CSCS)<\/a> de <a href=\"http:\/\/nsca.com\">la NSCA<\/a>, as\u00ed como varias licencias y diplomas de <a href=\"http:\/\/www.ussoccer.com\">US Soccer<\/a>, <a href=\"https:\/\/unitedsoccercoaches.org\/\">United Soccer Coaches<\/a> y <a href=\"https:\/\/www.scottishfa.co.uk\/football-development\/coaching\/coaching-pathway\/main-youthadult-pathway\/\">UEFA<\/a>. Scott ha cursado un <a href=\"https:\/\/www.ohio.edu\/education\/academic-programs\/recreation-and-sport-pedagogy\/graduate\/coaching-education\/coaching-education-soccer-track.cfm\">m\u00e1ster con especializaci\u00f3n en Entrenamiento de F\u00fatbol<\/a> en <a href=\"https:\/\/www.ohio.edu\">la Universidad de Ohio<\/a>.<\/p>\n<p style=\"padding-left: 40px;\"><em>Creo que la Academia tiene una gran oportunidad de ejercer una influencia positiva en la comunidad futbol\u00edstica local. Si nos centramos en el desarrollo individual de los jugadores y en el proceso, m\u00e1s que en las victorias y las derrotas, creo que podemos apoyar el crecimiento del talento aqu\u00ed en Monterrey.<\/em><\/p>\n\t\t\t\t\t\t\t\t<\/div>\n\t\t\t\t<\/div>\n\t\t\t\t\t<\/div>\n\t\t<\/div>\n\t\t\t\t\t<\/div>\n\t\t<\/section>\n\t\t\t\t<section class=\"elementor-section elementor-top-section elementor-element elementor-element-7d3079e elementor-section-boxed elementor-section-height-default elementor-section-height-default\" data-id=\"7d3079e\" data-element_type=\"section\" data-e-type=\"section\">\n\t\t\t\t\t\t<div class=\"elementor-container elementor-column-gap-default\">\n\t\t\t\t\t<div class=\"elementor-column elementor-col-100 elementor-top-column elementor-element elementor-element-f377818\" data-id=\"f377818\" data-element_type=\"column\" data-e-type=\"column\">\n\t\t\t<div class=\"elementor-widget-wrap elementor-element-populated\">\n\t\t\t\t\t\t<div class=\"elementor-element elementor-element-90d2611 elementor-widget elementor-widget-heading\" data-id=\"90d2611\" data-element_type=\"widget\" data-e-type=\"widget\" data-widget_type=\"heading.default\">\n\t\t\t\t<div class=\"elementor-widget-container\">\n\t\t\t\t\t<h2 class=\"elementor-heading-title elementor-size-default\">Destacados<\/h2>\t\t\t\t<\/div>\n\t\t\t\t<\/div>\n\t\t\t\t\t<\/div>\n\t\t<\/div>\n\t\t\t\t\t<\/div>\n\t\t<\/section>\n\t\t\t\t<section class=\"elementor-section elementor-top-section elementor-element elementor-element-d21e90f elementor-section-boxed elementor-section-height-default elementor-section-height-default\" data-id=\"d21e90f\" data-element_type=\"section\" data-e-type=\"section\">\n\t\t\t\t\t\t<div class=\"elementor-container elementor-column-gap-default\">\n\t\t\t\t\t<div class=\"elementor-column elementor-col-100 elementor-top-column elementor-element elementor-element-07a76e1\" data-id=\"07a76e1\" data-element_type=\"column\" data-e-type=\"column\">\n\t\t\t<div class=\"elementor-widget-wrap elementor-element-populated\">\n\t\t\t\t\t\t<div class=\"elementor-element elementor-element-2a588da elementor-widget elementor-widget-text-editor\" data-id=\"2a588da\" data-element_type=\"widget\" data-e-type=\"widget\" data-widget_type=\"text-editor.default\">\n\t\t\t\t<div class=\"elementor-widget-container\">\n\t\t\t\t\t\t\t\t\t<ul>\n<li>Licencia UEFA B &#8211; Scottish FA<\/li>\n<li>M\u00e1ster de la Universidad de Ohio &#8211; Ciencias Recreativas y Deportivas<\/li>\n<li>Diploma United Soccer Coaches Master Coach<\/li>\n<li>Diploma de Director de Entrenadores de United Soccer Coaches<\/li>\n<li>Especialista certificado en fuerza y acondicionamiento f\u00edsico de la NSCA (CSCS)<\/li>\n<li>Director recreativo del club y director t\u00e9cnico del club<\/li>\n<li>Entrenador de instituto durante m\u00e1s de 15 a\u00f1os<\/li>\n<li>Entrenador de club (ni\u00f1os y ni\u00f1as, de 8 a 18 a\u00f1os) durante m\u00e1s de 20 a\u00f1os.<\/li>\n<li>Entrenador Jefe, Secundaria Seaside<\/li>\n<li>Entrenador asistente de f\u00fatbol masculino en el Monterey Peninsula College<\/li>\n<\/ul>\n\t\t\t\t\t\t\t\t<\/div>\n\t\t\t\t<\/div>\n\t\t\t\t\t<\/div>\n\t\t<\/div>\n\t\t\t\t\t<\/div>\n\t\t<\/section>\n\t\t\t\t<\/div>\n\t\t","protected":false},"excerpt":{"rendered":"<p>Scott Schoenthal Director Ejecutivo Tras 20 a\u00f1os en puestos de entrenador y director en clubes de la bah\u00eda de San Francisco, Scott se traslad\u00f3 en 2021 para formar parte del cuerpo t\u00e9cnico masculino del Monterey Peninsula College. Scott tambi\u00e9n ha sido entrenador principal y personal en la escuela secundaria durante m\u00e1s de 15 a\u00f1os. Adem\u00e1s&hellip;&nbsp;<a href=\"https:\/\/futbolmonterey.org\/es\/personal\/scott-schoenthal\/\" rel=\"bookmark\">Read More &raquo;<span class=\"screen-reader-text\">Scott Schoenthal<\/span><\/a><\/p>\n","protected":false},"author":1,"featured_media":1597,"parent":1747,"menu_order":0,"comment_status":"closed","ping_status":"closed","template":"page-templates\/template-pagebuilder-full-width.php","meta":{"neve_meta_sidebar":"","neve_meta_container":"","neve_meta_enable_content_width":"off","neve_meta_content_width":100,"neve_meta_title_alignment":"","neve_meta_author_avatar":"","neve_post_elements_order":"","neve_meta_disable_header":"","neve_meta_disable_footer":"","neve_meta_disable_title":"","neve_meta_reading_time":"","footnotes":"","_links_to":"","_links_to_target":""},"class_list":["post-1735","page","type-page","status-publish","has-post-thumbnail","hentry"],"yoast_head":"<!-- This site is optimized with the Yoast SEO plugin v27.0 - https:\/\/yoast.com\/product\/yoast-seo-wordpress\/ -->\n<title>Scott Schoenthal - AF Monterey<\/title>\n<meta name=\"robots\" content=\"index, follow, max-snippet:-1, max-image-preview:large, max-video-preview:-1\" \/>\n<link rel=\"canonical\" href=\"https:\/\/futbolmonterey.org\/es\/personal\/scott-schoenthal\/\" \/>\n<meta property=\"og:locale\" content=\"es_ES\" \/>\n<meta property=\"og:type\" content=\"article\" \/>\n<meta property=\"og:title\" content=\"Scott Schoenthal - AF Monterey\" \/>\n<meta property=\"og:description\" content=\"Scott Schoenthal Director Ejecutivo Tras 20 a\u00f1os en puestos de entrenador y director en clubes de la bah\u00eda de San Francisco, Scott se traslad\u00f3 en 2021 para formar parte del cuerpo t\u00e9cnico masculino del Monterey Peninsula College. Scott tambi\u00e9n ha sido entrenador principal y personal en la escuela secundaria durante m\u00e1s de 15 a\u00f1os. Adem\u00e1s&hellip;&nbsp;Read More &raquo;Scott Schoenthal\" \/>\n<meta property=\"og:url\" content=\"https:\/\/futbolmonterey.org\/es\/personal\/scott-schoenthal\/\" \/>\n<meta property=\"og:site_name\" content=\"AF Monterey\" \/>\n<meta property=\"article:publisher\" content=\"https:\/\/www.facebook.com\/profile.php?id=100086355979793\" \/>\n<meta property=\"article:modified_time\" content=\"2025-03-23T06:20:46+00:00\" \/>\n<meta property=\"og:image\" content=\"https:\/\/futbolmonterey.org\/wp-content\/uploads\/2022\/11\/AFM-featured-image.jpg\" \/>\n\t<meta property=\"og:image:width\" content=\"1640\" \/>\n\t<meta property=\"og:image:height\" content=\"924\" \/>\n\t<meta property=\"og:image:type\" content=\"image\/jpeg\" \/>\n<meta name=\"twitter:card\" content=\"summary_large_image\" \/>\n<meta name=\"twitter:site\" content=\"@FutbolMonterey\" \/>\n<meta name=\"twitter:label1\" content=\"Tiempo de lectura\" \/>\n\t<meta name=\"twitter:data1\" content=\"1 minuto\" \/>\n<script type=\"application\/ld+json\" class=\"yoast-schema-graph\">{\"@context\":\"https:\/\/schema.org\",\"@graph\":[{\"@type\":\"WebPage\",\"@id\":\"https:\/\/futbolmonterey.org\/es\/personal\/scott-schoenthal\/\",\"url\":\"https:\/\/futbolmonterey.org\/es\/personal\/scott-schoenthal\/\",\"name\":\"Scott Schoenthal - AF Monterey\",\"isPartOf\":{\"@id\":\"https:\/\/futbolmonterey.org\/es\/#website\"},\"primaryImageOfPage\":{\"@id\":\"https:\/\/futbolmonterey.org\/es\/personal\/scott-schoenthal\/#primaryimage\"},\"image\":{\"@id\":\"https:\/\/futbolmonterey.org\/es\/personal\/scott-schoenthal\/#primaryimage\"},\"thumbnailUrl\":\"https:\/\/futbolmonterey.org\/wp-content\/uploads\/2022\/11\/AFM-featured-image.jpg\",\"datePublished\":\"2022-11-08T03:10:12+00:00\",\"dateModified\":\"2025-03-23T06:20:46+00:00\",\"breadcrumb\":{\"@id\":\"https:\/\/futbolmonterey.org\/es\/personal\/scott-schoenthal\/#breadcrumb\"},\"inLanguage\":\"es\",\"potentialAction\":[{\"@type\":\"ReadAction\",\"target\":[\"https:\/\/futbolmonterey.org\/es\/personal\/scott-schoenthal\/\"]}]},{\"@type\":\"ImageObject\",\"inLanguage\":\"es\",\"@id\":\"https:\/\/futbolmonterey.org\/es\/personal\/scott-schoenthal\/#primaryimage\",\"url\":\"https:\/\/futbolmonterey.org\/wp-content\/uploads\/2022\/11\/AFM-featured-image.jpg\",\"contentUrl\":\"https:\/\/futbolmonterey.org\/wp-content\/uploads\/2022\/11\/AFM-featured-image.jpg\",\"width\":1640,\"height\":924},{\"@type\":\"BreadcrumbList\",\"@id\":\"https:\/\/futbolmonterey.org\/es\/personal\/scott-schoenthal\/#breadcrumb\",\"itemListElement\":[{\"@type\":\"ListItem\",\"position\":1,\"name\":\"Home\",\"item\":\"https:\/\/futbolmonterey.org\/es\/inicio\/\"},{\"@type\":\"ListItem\",\"position\":2,\"name\":\"Personal\",\"item\":\"https:\/\/futbolmonterey.org\/es\/staff\/\"},{\"@type\":\"ListItem\",\"position\":3,\"name\":\"Scott Schoenthal\"}]},{\"@type\":\"WebSite\",\"@id\":\"https:\/\/futbolmonterey.org\/es\/#website\",\"url\":\"https:\/\/futbolmonterey.org\/es\/\",\"name\":\"AF Monterey\",\"description\":\"Academia F\u00fatbol de Monterey\",\"publisher\":{\"@id\":\"https:\/\/futbolmonterey.org\/es\/#organization\"},\"potentialAction\":[{\"@type\":\"SearchAction\",\"target\":{\"@type\":\"EntryPoint\",\"urlTemplate\":\"https:\/\/futbolmonterey.org\/es\/?s={search_term_string}\"},\"query-input\":{\"@type\":\"PropertyValueSpecification\",\"valueRequired\":true,\"valueName\":\"search_term_string\"}}],\"inLanguage\":\"es\"},{\"@type\":\"Organization\",\"@id\":\"https:\/\/futbolmonterey.org\/es\/#organization\",\"name\":\"AF Monterey\",\"url\":\"https:\/\/futbolmonterey.org\/es\/\",\"logo\":{\"@type\":\"ImageObject\",\"inLanguage\":\"es\",\"@id\":\"https:\/\/futbolmonterey.org\/es\/#\/schema\/logo\/image\/\",\"url\":\"https:\/\/futbolmonterey.org\/wp-content\/uploads\/2022\/10\/cropped-2022-10-31_13-11-41-1.png\",\"contentUrl\":\"https:\/\/futbolmonterey.org\/wp-content\/uploads\/2022\/10\/cropped-2022-10-31_13-11-41-1.png\",\"width\":512,\"height\":512,\"caption\":\"AF Monterey\"},\"image\":{\"@id\":\"https:\/\/futbolmonterey.org\/es\/#\/schema\/logo\/image\/\"},\"sameAs\":[\"https:\/\/www.facebook.com\/profile.php?id=100086355979793\",\"https:\/\/x.com\/FutbolMonterey\",\"https:\/\/www.instagram.com\/futbolmonterey\/\"]}]}<\/script>\n<!-- \/ Yoast SEO plugin. -->","yoast_head_json":{"title":"Scott Schoenthal - AF Monterey","robots":{"index":"index","follow":"follow","max-snippet":"max-snippet:-1","max-image-preview":"max-image-preview:large","max-video-preview":"max-video-preview:-1"},"canonical":"https:\/\/futbolmonterey.org\/es\/personal\/scott-schoenthal\/","og_locale":"es_ES","og_type":"article","og_title":"Scott Schoenthal - AF Monterey","og_description":"Scott Schoenthal Director Ejecutivo Tras 20 a\u00f1os en puestos de entrenador y director en clubes de la bah\u00eda de San Francisco, Scott se traslad\u00f3 en 2021 para formar parte del cuerpo t\u00e9cnico masculino del Monterey Peninsula College. Scott tambi\u00e9n ha sido entrenador principal y personal en la escuela secundaria durante m\u00e1s de 15 a\u00f1os. Adem\u00e1s&hellip;&nbsp;Read More &raquo;Scott Schoenthal","og_url":"https:\/\/futbolmonterey.org\/es\/personal\/scott-schoenthal\/","og_site_name":"AF Monterey","article_publisher":"https:\/\/www.facebook.com\/profile.php?id=100086355979793","article_modified_time":"2025-03-23T06:20:46+00:00","og_image":[{"width":1640,"height":924,"url":"https:\/\/futbolmonterey.org\/wp-content\/uploads\/2022\/11\/AFM-featured-image.jpg","type":"image\/jpeg"}],"twitter_card":"summary_large_image","twitter_site":"@FutbolMonterey","twitter_misc":{"Tiempo de lectura":"1 minuto"},"schema":{"@context":"https:\/\/schema.org","@graph":[{"@type":"WebPage","@id":"https:\/\/futbolmonterey.org\/es\/personal\/scott-schoenthal\/","url":"https:\/\/futbolmonterey.org\/es\/personal\/scott-schoenthal\/","name":"Scott Schoenthal - AF Monterey","isPartOf":{"@id":"https:\/\/futbolmonterey.org\/es\/#website"},"primaryImageOfPage":{"@id":"https:\/\/futbolmonterey.org\/es\/personal\/scott-schoenthal\/#primaryimage"},"image":{"@id":"https:\/\/futbolmonterey.org\/es\/personal\/scott-schoenthal\/#primaryimage"},"thumbnailUrl":"https:\/\/futbolmonterey.org\/wp-content\/uploads\/2022\/11\/AFM-featured-image.jpg","datePublished":"2022-11-08T03:10:12+00:00","dateModified":"2025-03-23T06:20:46+00:00","breadcrumb":{"@id":"https:\/\/futbolmonterey.org\/es\/personal\/scott-schoenthal\/#breadcrumb"},"inLanguage":"es","potentialAction":[{"@type":"ReadAction","target":["https:\/\/futbolmonterey.org\/es\/personal\/scott-schoenthal\/"]}]},{"@type":"ImageObject","inLanguage":"es","@id":"https:\/\/futbolmonterey.org\/es\/personal\/scott-schoenthal\/#primaryimage","url":"https:\/\/futbolmonterey.org\/wp-content\/uploads\/2022\/11\/AFM-featured-image.jpg","contentUrl":"https:\/\/futbolmonterey.org\/wp-content\/uploads\/2022\/11\/AFM-featured-image.jpg","width":1640,"height":924},{"@type":"BreadcrumbList","@id":"https:\/\/futbolmonterey.org\/es\/personal\/scott-schoenthal\/#breadcrumb","itemListElement":[{"@type":"ListItem","position":1,"name":"Home","item":"https:\/\/futbolmonterey.org\/es\/inicio\/"},{"@type":"ListItem","position":2,"name":"Personal","item":"https:\/\/futbolmonterey.org\/es\/staff\/"},{"@type":"ListItem","position":3,"name":"Scott Schoenthal"}]},{"@type":"WebSite","@id":"https:\/\/futbolmonterey.org\/es\/#website","url":"https:\/\/futbolmonterey.org\/es\/","name":"AF Monterey","description":"Academia F\u00fatbol de Monterey","publisher":{"@id":"https:\/\/futbolmonterey.org\/es\/#organization"},"potentialAction":[{"@type":"SearchAction","target":{"@type":"EntryPoint","urlTemplate":"https:\/\/futbolmonterey.org\/es\/?s={search_term_string}"},"query-input":{"@type":"PropertyValueSpecification","valueRequired":true,"valueName":"search_term_string"}}],"inLanguage":"es"},{"@type":"Organization","@id":"https:\/\/futbolmonterey.org\/es\/#organization","name":"AF Monterey","url":"https:\/\/futbolmonterey.org\/es\/","logo":{"@type":"ImageObject","inLanguage":"es","@id":"https:\/\/futbolmonterey.org\/es\/#\/schema\/logo\/image\/","url":"https:\/\/futbolmonterey.org\/wp-content\/uploads\/2022\/10\/cropped-2022-10-31_13-11-41-1.png","contentUrl":"https:\/\/futbolmonterey.org\/wp-content\/uploads\/2022\/10\/cropped-2022-10-31_13-11-41-1.png","width":512,"height":512,"caption":"AF Monterey"},"image":{"@id":"https:\/\/futbolmonterey.org\/es\/#\/schema\/logo\/image\/"},"sameAs":["https:\/\/www.facebook.com\/profile.php?id=100086355979793","https:\/\/x.com\/FutbolMonterey","https:\/\/www.instagram.com\/futbolmonterey\/"]}]}},"_links":{"self":[{"href":"https:\/\/futbolmonterey.org\/es\/wp-json\/wp\/v2\/pages\/1735","targetHints":{"allow":["GET"]}}],"collection":[{"href":"https:\/\/futbolmonterey.org\/es\/wp-json\/wp\/v2\/pages"}],"about":[{"href":"https:\/\/futbolmonterey.org\/es\/wp-json\/wp\/v2\/types\/page"}],"author":[{"embeddable":true,"href":"https:\/\/futbolmonterey.org\/es\/wp-json\/wp\/v2\/users\/1"}],"replies":[{"embeddable":true,"href":"https:\/\/futbolmonterey.org\/es\/wp-json\/wp\/v2\/comments?post=1735"}],"version-history":[{"count":0,"href":"https:\/\/futbolmonterey.org\/es\/wp-json\/wp\/v2\/pages\/1735\/revisions"}],"up":[{"embeddable":true,"href":"https:\/\/futbolmonterey.org\/es\/wp-json\/wp\/v2\/pages\/1747"}],"wp:featuredmedia":[{"embeddable":true,"href":"https:\/\/futbolmonterey.org\/es\/wp-json\/wp\/v2\/media\/1597"}],"wp:attachment":[{"href":"https:\/\/futbolmonterey.org\/es\/wp-json\/wp\/v2\/media?parent=1735"}],"curies":[{"name":"wp","href":"https:\/\/api.w.org\/{rel}","templated":true}]}}