{"id":1730,"date":"2022-11-10T22:24:57","date_gmt":"2022-11-10T22:24:57","guid":{"rendered":"https:\/\/futbolmonterey.org\/jose-tostado\/"},"modified":"2023-08-18T02:50:57","modified_gmt":"2023-08-18T02:50:57","slug":"jose-tostado","status":"publish","type":"page","link":"https:\/\/futbolmonterey.org\/es\/personal\/jose-tostado\/","title":{"rendered":"Jos\u00e9 Tostado"},"content":{"rendered":"\t\t<div data-elementor-type=\"wp-page\" data-elementor-id=\"1730\" class=\"elementor elementor-1730 elementor-695\" data-elementor-post-type=\"page\">\n\t\t\t\t\t\t<section class=\"elementor-section elementor-top-section elementor-element elementor-element-8ed62e0 elementor-section-boxed elementor-section-height-default elementor-section-height-default\" data-id=\"8ed62e0\" data-element_type=\"section\" data-e-type=\"section\">\n\t\t\t\t\t\t<div class=\"elementor-container elementor-column-gap-default\">\n\t\t\t\t\t<div class=\"elementor-column elementor-col-33 elementor-top-column elementor-element elementor-element-5bb297c\" data-id=\"5bb297c\" data-element_type=\"column\" data-e-type=\"column\">\n\t\t\t<div class=\"elementor-widget-wrap elementor-element-populated\">\n\t\t\t\t\t\t<div class=\"elementor-element elementor-element-d28472f eael-team-align-eael-team-align-default elementor-widget elementor-widget-eael-team-member\" data-id=\"d28472f\" data-element_type=\"widget\" data-e-type=\"widget\" data-widget_type=\"eael-team-member.default\">\n\t\t\t\t<div class=\"elementor-widget-container\">\n\t\t\t\t\t\n\n\t<div id=\"eael-team-member-d28472f\" class=\"eael-team-item eael-team-members-simple \">\n\t\t<div class=\"eael-team-item-inner\">\n\t\t\t<div class=\"eael-team-image\">\n\t\t\t\t<figure>\n\t\t\t\t\t\t\t\t\t\t<img decoding=\"async\" src=\"https:\/\/futbolmonterey.org\/wp-content\/uploads\/2022\/11\/4.png\" alt=\"\">\n\t\t\t\t\t\t\t\t\t<\/figure>\n\t\t\t\t\n\t\t\t\t\n\t\t\t<\/div>\n\n\t\t\t<div class=\"eael-team-content\">\n\t\t\t\t<h2 class=\"eael-team-member-name\">Jos\u00e9 Tostado<\/h2><h3 class=\"eael-team-member-position\">Especialista en desarrollo de jugadores<\/h3>\n\t\t\t\t\t\t\t\t\t\t\t\t\t\t\t<ul class=\"eael-team-member-social-profiles\">\n\t\t\t\t\t\t\t\t\t\t\t\t\t\t\t\t\t\t\t\t\t\t\t\t\t\t\t\t\t\t\t\t\t\t\t\t\t\t\t\t\t<li class=\"eael-team-member-social-link\">\n\t\t\t\t\t\t\t\t\t\t<a href=\"mailto:jtpillo7@futbolomonterey,org\" target=\"_blank\">\n\t\t\t\t\t\t\t\t\t\t\t\t\t\t\t\t\t\t\t\t\t\t\t<i aria-hidden=\"true\" class=\"far fa-envelope\"><\/i>\t\t\t\t\t\t\t\t\t\t\t\t\t\t\t\t\t\t\t\t\t<\/a>\n\t\t\t\t\t\t\t\t\t<\/li>\n\t\t\t\t\t\t\t\t\t\t\t\t\t\t\t\t\t\t\t\t\t<\/ul>\n\t\t\t\t\t\t\t\t\t\t<p class=\"eael-team-text\"><\/p>\n\t\t\t\t\t\t\t<\/div>\n\t\t<\/div>\n\t<\/div>\n\t\t\t\t\t<\/div>\n\t\t\t\t<\/div>\n\t\t\t\t\t<\/div>\n\t\t<\/div>\n\t\t\t\t<div class=\"elementor-column elementor-col-33 elementor-top-column elementor-element elementor-element-50bc388\" data-id=\"50bc388\" data-element_type=\"column\" data-e-type=\"column\">\n\t\t\t<div class=\"elementor-widget-wrap\">\n\t\t\t\t\t\t\t<\/div>\n\t\t<\/div>\n\t\t\t\t<div class=\"elementor-column elementor-col-33 elementor-top-column elementor-element elementor-element-05a0f9c\" data-id=\"05a0f9c\" data-element_type=\"column\" data-e-type=\"column\">\n\t\t\t<div class=\"elementor-widget-wrap\">\n\t\t\t\t\t\t\t<\/div>\n\t\t<\/div>\n\t\t\t\t\t<\/div>\n\t\t<\/section>\n\t\t\t\t<section class=\"elementor-section elementor-top-section elementor-element elementor-element-bcbb17a elementor-section-boxed elementor-section-height-default elementor-section-height-default\" data-id=\"bcbb17a\" data-element_type=\"section\" data-e-type=\"section\">\n\t\t\t\t\t\t<div class=\"elementor-container elementor-column-gap-default\">\n\t\t\t\t\t<div class=\"elementor-column elementor-col-100 elementor-top-column elementor-element elementor-element-fca3d76\" data-id=\"fca3d76\" data-element_type=\"column\" data-e-type=\"column\">\n\t\t\t<div class=\"elementor-widget-wrap elementor-element-populated\">\n\t\t\t\t\t\t<div class=\"elementor-element elementor-element-df4fb29 elementor-widget elementor-widget-text-editor\" data-id=\"df4fb29\" data-element_type=\"widget\" data-e-type=\"widget\" data-widget_type=\"text-editor.default\">\n\t\t\t\t<div class=\"elementor-widget-container\">\n\t\t\t\t\t\t\t\t\t<p>Jos\u00e9 Tostado lleva vinculado al f\u00fatbol desde que ten\u00eda 5 a\u00f1os. De joven, Jos\u00e9 jug\u00f3 con la Academia de los Breakers de Santa Cruz. De adolescente, Jos\u00e9 jug\u00f3 al f\u00fatbol en el instituto de Watsonville. Su andadura en el f\u00fatbol universitario comenz\u00f3 en el Cabrillo College en 2008. Despu\u00e9s se traslad\u00f3 a la Universidad Estatal de California, Sacramento, donde jug\u00f3 de 2010 a 2012. Durante su estancia en la CSU de Sacramento, Jos\u00e9 obtuvo su licenciatura en Administraci\u00f3n de Actividades Recreativas, Parques y Turismo.<\/p>\n\t\t\t\t\t\t\t\t<\/div>\n\t\t\t\t<\/div>\n\t\t\t\t\t<\/div>\n\t\t<\/div>\n\t\t\t\t\t<\/div>\n\t\t<\/section>\n\t\t\t\t<section class=\"elementor-section elementor-top-section elementor-element elementor-element-6826e5d elementor-section-boxed elementor-section-height-default elementor-section-height-default\" data-id=\"6826e5d\" data-element_type=\"section\" data-e-type=\"section\">\n\t\t\t\t\t\t<div class=\"elementor-container elementor-column-gap-default\">\n\t\t\t\t\t<div class=\"elementor-column elementor-col-100 elementor-top-column elementor-element elementor-element-d2ef4ec\" data-id=\"d2ef4ec\" data-element_type=\"column\" data-e-type=\"column\">\n\t\t\t<div class=\"elementor-widget-wrap elementor-element-populated\">\n\t\t\t\t\t\t<div class=\"elementor-element elementor-element-e86cb27 elementor-widget elementor-widget-heading\" data-id=\"e86cb27\" data-element_type=\"widget\" data-e-type=\"widget\" data-widget_type=\"heading.default\">\n\t\t\t\t<div class=\"elementor-widget-container\">\n\t\t\t\t\t<h2 class=\"elementor-heading-title elementor-size-default\">Destacados<\/h2>\t\t\t\t<\/div>\n\t\t\t\t<\/div>\n\t\t\t\t\t<\/div>\n\t\t<\/div>\n\t\t\t\t\t<\/div>\n\t\t<\/section>\n\t\t\t\t<section class=\"elementor-section elementor-top-section elementor-element elementor-element-553a84b elementor-section-boxed elementor-section-height-default elementor-section-height-default\" data-id=\"553a84b\" data-element_type=\"section\" data-e-type=\"section\">\n\t\t\t\t\t\t<div class=\"elementor-container elementor-column-gap-default\">\n\t\t\t\t\t<div class=\"elementor-column elementor-col-100 elementor-top-column elementor-element elementor-element-dd5cb0a\" data-id=\"dd5cb0a\" data-element_type=\"column\" data-e-type=\"column\">\n\t\t\t<div class=\"elementor-widget-wrap elementor-element-populated\">\n\t\t\t\t\t\t<div class=\"elementor-element elementor-element-613a654 elementor-widget elementor-widget-text-editor\" data-id=\"613a654\" data-element_type=\"widget\" data-e-type=\"widget\" data-widget_type=\"text-editor.default\">\n\t\t\t\t<div class=\"elementor-widget-container\">\n\t\t\t\t\t\t\t\t\t<ul>\n<li class=\"ydp2e271c2aMsoListParagraphCxSpFirst\">Jugador JC\/D2 durante 4 a\u00f1os<\/li>\n<li class=\"ydp2e271c2aMsoListParagraphCxSpFirst\">Entrenador Asistente de F\u00fatbol Masculino en Monterey Peninsula College (2022-Actual)<\/li>\n<li class=\"ydp2e271c2aMsoListParagraphCxSpFirst\">Entrenador del Club Monterey Condors (2021-Actual)<\/li>\n<li class=\"ydp2e271c2aMsoListParagraphCxSpFirst\">Entrenador de Mission El Camino United Sacramento (2012-2018)<\/li>\n<li class=\"ydp2e271c2aMsoListParagraphCxSpFirst\">Watsonville High School Boys Soccer Junior Varsity Entrenador (2007-2010)<\/li>\n<\/ul>\n\t\t\t\t\t\t\t\t<\/div>\n\t\t\t\t<\/div>\n\t\t\t\t\t<\/div>\n\t\t<\/div>\n\t\t\t\t\t<\/div>\n\t\t<\/section>\n\t\t\t\t<\/div>\n\t\t","protected":false},"excerpt":{"rendered":"<p>Jos\u00e9 Tostado Especialista en desarrollo de jugadores Jos\u00e9 Tostado lleva vinculado al f\u00fatbol desde que ten\u00eda 5 a\u00f1os. De joven, Jos\u00e9 jug\u00f3 con la Academia de los Breakers de Santa Cruz. De adolescente, Jos\u00e9 jug\u00f3 al f\u00fatbol en el instituto de Watsonville. Su andadura en el f\u00fatbol universitario comenz\u00f3 en el Cabrillo College en 2008.&hellip;&nbsp;<a href=\"https:\/\/futbolmonterey.org\/es\/personal\/jose-tostado\/\" rel=\"bookmark\">Read More &raquo;<span class=\"screen-reader-text\">Jos\u00e9 Tostado<\/span><\/a><\/p>\n","protected":false},"author":1,"featured_media":1597,"parent":1747,"menu_order":0,"comment_status":"closed","ping_status":"closed","template":"page-templates\/template-pagebuilder-full-width.php","meta":{"neve_meta_sidebar":"","neve_meta_container":"","neve_meta_enable_content_width":"off","neve_meta_content_width":100,"neve_meta_title_alignment":"","neve_meta_author_avatar":"","neve_post_elements_order":"","neve_meta_disable_header":"","neve_meta_disable_footer":"","neve_meta_disable_title":"","neve_meta_reading_time":"","footnotes":"","_links_to":"","_links_to_target":""},"class_list":["post-1730","page","type-page","status-publish","has-post-thumbnail","hentry"],"yoast_head":"<!-- This site is optimized with the Yoast SEO plugin v27.0 - https:\/\/yoast.com\/product\/yoast-seo-wordpress\/ -->\n<title>Jos\u00e9 Tostado - AF Monterey<\/title>\n<meta name=\"robots\" content=\"index, follow, max-snippet:-1, max-image-preview:large, max-video-preview:-1\" \/>\n<link rel=\"canonical\" href=\"https:\/\/futbolmonterey.org\/es\/personal\/jose-tostado\/\" \/>\n<meta property=\"og:locale\" content=\"es_ES\" \/>\n<meta property=\"og:type\" content=\"article\" \/>\n<meta property=\"og:title\" content=\"Jos\u00e9 Tostado - AF Monterey\" \/>\n<meta property=\"og:description\" content=\"Jos\u00e9 Tostado Especialista en desarrollo de jugadores Jos\u00e9 Tostado lleva vinculado al f\u00fatbol desde que ten\u00eda 5 a\u00f1os. De joven, Jos\u00e9 jug\u00f3 con la Academia de los Breakers de Santa Cruz. De adolescente, Jos\u00e9 jug\u00f3 al f\u00fatbol en el instituto de Watsonville. Su andadura en el f\u00fatbol universitario comenz\u00f3 en el Cabrillo College en 2008.&hellip;&nbsp;Read More &raquo;Jos\u00e9 Tostado\" \/>\n<meta property=\"og:url\" content=\"https:\/\/futbolmonterey.org\/es\/personal\/jose-tostado\/\" \/>\n<meta property=\"og:site_name\" content=\"AF Monterey\" \/>\n<meta property=\"article:publisher\" content=\"https:\/\/www.facebook.com\/profile.php?id=100086355979793\" \/>\n<meta property=\"article:modified_time\" content=\"2023-08-18T02:50:57+00:00\" \/>\n<meta property=\"og:image\" content=\"https:\/\/futbolmonterey.org\/wp-content\/uploads\/2022\/11\/AFM-featured-image.jpg\" \/>\n\t<meta property=\"og:image:width\" content=\"1640\" \/>\n\t<meta property=\"og:image:height\" content=\"924\" \/>\n\t<meta property=\"og:image:type\" content=\"image\/jpeg\" \/>\n<meta name=\"twitter:card\" content=\"summary_large_image\" \/>\n<meta name=\"twitter:site\" content=\"@FutbolMonterey\" \/>\n<meta name=\"twitter:label1\" content=\"Tiempo de lectura\" \/>\n\t<meta name=\"twitter:data1\" content=\"1 minuto\" \/>\n<script type=\"application\/ld+json\" class=\"yoast-schema-graph\">{\"@context\":\"https:\/\/schema.org\",\"@graph\":[{\"@type\":\"WebPage\",\"@id\":\"https:\/\/futbolmonterey.org\/es\/personal\/jose-tostado\/\",\"url\":\"https:\/\/futbolmonterey.org\/es\/personal\/jose-tostado\/\",\"name\":\"Jos\u00e9 Tostado - AF Monterey\",\"isPartOf\":{\"@id\":\"https:\/\/futbolmonterey.org\/es\/#website\"},\"primaryImageOfPage\":{\"@id\":\"https:\/\/futbolmonterey.org\/es\/personal\/jose-tostado\/#primaryimage\"},\"image\":{\"@id\":\"https:\/\/futbolmonterey.org\/es\/personal\/jose-tostado\/#primaryimage\"},\"thumbnailUrl\":\"https:\/\/futbolmonterey.org\/wp-content\/uploads\/2022\/11\/AFM-featured-image.jpg\",\"datePublished\":\"2022-11-10T22:24:57+00:00\",\"dateModified\":\"2023-08-18T02:50:57+00:00\",\"breadcrumb\":{\"@id\":\"https:\/\/futbolmonterey.org\/es\/personal\/jose-tostado\/#breadcrumb\"},\"inLanguage\":\"es\",\"potentialAction\":[{\"@type\":\"ReadAction\",\"target\":[\"https:\/\/futbolmonterey.org\/es\/personal\/jose-tostado\/\"]}]},{\"@type\":\"ImageObject\",\"inLanguage\":\"es\",\"@id\":\"https:\/\/futbolmonterey.org\/es\/personal\/jose-tostado\/#primaryimage\",\"url\":\"https:\/\/futbolmonterey.org\/wp-content\/uploads\/2022\/11\/AFM-featured-image.jpg\",\"contentUrl\":\"https:\/\/futbolmonterey.org\/wp-content\/uploads\/2022\/11\/AFM-featured-image.jpg\",\"width\":1640,\"height\":924},{\"@type\":\"BreadcrumbList\",\"@id\":\"https:\/\/futbolmonterey.org\/es\/personal\/jose-tostado\/#breadcrumb\",\"itemListElement\":[{\"@type\":\"ListItem\",\"position\":1,\"name\":\"Home\",\"item\":\"https:\/\/futbolmonterey.org\/es\/inicio\/\"},{\"@type\":\"ListItem\",\"position\":2,\"name\":\"Jos\u00e9 Tostado\"}]},{\"@type\":\"WebSite\",\"@id\":\"https:\/\/futbolmonterey.org\/es\/#website\",\"url\":\"https:\/\/futbolmonterey.org\/es\/\",\"name\":\"AF Monterey\",\"description\":\"Academia F\u00fatbol de Monterey\",\"publisher\":{\"@id\":\"https:\/\/futbolmonterey.org\/es\/#organization\"},\"potentialAction\":[{\"@type\":\"SearchAction\",\"target\":{\"@type\":\"EntryPoint\",\"urlTemplate\":\"https:\/\/futbolmonterey.org\/es\/?s={search_term_string}\"},\"query-input\":{\"@type\":\"PropertyValueSpecification\",\"valueRequired\":true,\"valueName\":\"search_term_string\"}}],\"inLanguage\":\"es\"},{\"@type\":\"Organization\",\"@id\":\"https:\/\/futbolmonterey.org\/es\/#organization\",\"name\":\"AF Monterey\",\"url\":\"https:\/\/futbolmonterey.org\/es\/\",\"logo\":{\"@type\":\"ImageObject\",\"inLanguage\":\"es\",\"@id\":\"https:\/\/futbolmonterey.org\/es\/#\/schema\/logo\/image\/\",\"url\":\"https:\/\/futbolmonterey.org\/wp-content\/uploads\/2022\/10\/cropped-2022-10-31_13-11-41-1.png\",\"contentUrl\":\"https:\/\/futbolmonterey.org\/wp-content\/uploads\/2022\/10\/cropped-2022-10-31_13-11-41-1.png\",\"width\":512,\"height\":512,\"caption\":\"AF Monterey\"},\"image\":{\"@id\":\"https:\/\/futbolmonterey.org\/es\/#\/schema\/logo\/image\/\"},\"sameAs\":[\"https:\/\/www.facebook.com\/profile.php?id=100086355979793\",\"https:\/\/x.com\/FutbolMonterey\",\"https:\/\/www.instagram.com\/futbolmonterey\/\"]}]}<\/script>\n<!-- \/ Yoast SEO plugin. -->","yoast_head_json":{"title":"Jos\u00e9 Tostado - AF Monterey","robots":{"index":"index","follow":"follow","max-snippet":"max-snippet:-1","max-image-preview":"max-image-preview:large","max-video-preview":"max-video-preview:-1"},"canonical":"https:\/\/futbolmonterey.org\/es\/personal\/jose-tostado\/","og_locale":"es_ES","og_type":"article","og_title":"Jos\u00e9 Tostado - AF Monterey","og_description":"Jos\u00e9 Tostado Especialista en desarrollo de jugadores Jos\u00e9 Tostado lleva vinculado al f\u00fatbol desde que ten\u00eda 5 a\u00f1os. De joven, Jos\u00e9 jug\u00f3 con la Academia de los Breakers de Santa Cruz. De adolescente, Jos\u00e9 jug\u00f3 al f\u00fatbol en el instituto de Watsonville. Su andadura en el f\u00fatbol universitario comenz\u00f3 en el Cabrillo College en 2008.&hellip;&nbsp;Read More &raquo;Jos\u00e9 Tostado","og_url":"https:\/\/futbolmonterey.org\/es\/personal\/jose-tostado\/","og_site_name":"AF Monterey","article_publisher":"https:\/\/www.facebook.com\/profile.php?id=100086355979793","article_modified_time":"2023-08-18T02:50:57+00:00","og_image":[{"width":1640,"height":924,"url":"https:\/\/futbolmonterey.org\/wp-content\/uploads\/2022\/11\/AFM-featured-image.jpg","type":"image\/jpeg"}],"twitter_card":"summary_large_image","twitter_site":"@FutbolMonterey","twitter_misc":{"Tiempo de lectura":"1 minuto"},"schema":{"@context":"https:\/\/schema.org","@graph":[{"@type":"WebPage","@id":"https:\/\/futbolmonterey.org\/es\/personal\/jose-tostado\/","url":"https:\/\/futbolmonterey.org\/es\/personal\/jose-tostado\/","name":"Jos\u00e9 Tostado - AF Monterey","isPartOf":{"@id":"https:\/\/futbolmonterey.org\/es\/#website"},"primaryImageOfPage":{"@id":"https:\/\/futbolmonterey.org\/es\/personal\/jose-tostado\/#primaryimage"},"image":{"@id":"https:\/\/futbolmonterey.org\/es\/personal\/jose-tostado\/#primaryimage"},"thumbnailUrl":"https:\/\/futbolmonterey.org\/wp-content\/uploads\/2022\/11\/AFM-featured-image.jpg","datePublished":"2022-11-10T22:24:57+00:00","dateModified":"2023-08-18T02:50:57+00:00","breadcrumb":{"@id":"https:\/\/futbolmonterey.org\/es\/personal\/jose-tostado\/#breadcrumb"},"inLanguage":"es","potentialAction":[{"@type":"ReadAction","target":["https:\/\/futbolmonterey.org\/es\/personal\/jose-tostado\/"]}]},{"@type":"ImageObject","inLanguage":"es","@id":"https:\/\/futbolmonterey.org\/es\/personal\/jose-tostado\/#primaryimage","url":"https:\/\/futbolmonterey.org\/wp-content\/uploads\/2022\/11\/AFM-featured-image.jpg","contentUrl":"https:\/\/futbolmonterey.org\/wp-content\/uploads\/2022\/11\/AFM-featured-image.jpg","width":1640,"height":924},{"@type":"BreadcrumbList","@id":"https:\/\/futbolmonterey.org\/es\/personal\/jose-tostado\/#breadcrumb","itemListElement":[{"@type":"ListItem","position":1,"name":"Home","item":"https:\/\/futbolmonterey.org\/es\/inicio\/"},{"@type":"ListItem","position":2,"name":"Jos\u00e9 Tostado"}]},{"@type":"WebSite","@id":"https:\/\/futbolmonterey.org\/es\/#website","url":"https:\/\/futbolmonterey.org\/es\/","name":"AF Monterey","description":"Academia F\u00fatbol de Monterey","publisher":{"@id":"https:\/\/futbolmonterey.org\/es\/#organization"},"potentialAction":[{"@type":"SearchAction","target":{"@type":"EntryPoint","urlTemplate":"https:\/\/futbolmonterey.org\/es\/?s={search_term_string}"},"query-input":{"@type":"PropertyValueSpecification","valueRequired":true,"valueName":"search_term_string"}}],"inLanguage":"es"},{"@type":"Organization","@id":"https:\/\/futbolmonterey.org\/es\/#organization","name":"AF Monterey","url":"https:\/\/futbolmonterey.org\/es\/","logo":{"@type":"ImageObject","inLanguage":"es","@id":"https:\/\/futbolmonterey.org\/es\/#\/schema\/logo\/image\/","url":"https:\/\/futbolmonterey.org\/wp-content\/uploads\/2022\/10\/cropped-2022-10-31_13-11-41-1.png","contentUrl":"https:\/\/futbolmonterey.org\/wp-content\/uploads\/2022\/10\/cropped-2022-10-31_13-11-41-1.png","width":512,"height":512,"caption":"AF Monterey"},"image":{"@id":"https:\/\/futbolmonterey.org\/es\/#\/schema\/logo\/image\/"},"sameAs":["https:\/\/www.facebook.com\/profile.php?id=100086355979793","https:\/\/x.com\/FutbolMonterey","https:\/\/www.instagram.com\/futbolmonterey\/"]}]}},"_links":{"self":[{"href":"https:\/\/futbolmonterey.org\/es\/wp-json\/wp\/v2\/pages\/1730","targetHints":{"allow":["GET"]}}],"collection":[{"href":"https:\/\/futbolmonterey.org\/es\/wp-json\/wp\/v2\/pages"}],"about":[{"href":"https:\/\/futbolmonterey.org\/es\/wp-json\/wp\/v2\/types\/page"}],"author":[{"embeddable":true,"href":"https:\/\/futbolmonterey.org\/es\/wp-json\/wp\/v2\/users\/1"}],"replies":[{"embeddable":true,"href":"https:\/\/futbolmonterey.org\/es\/wp-json\/wp\/v2\/comments?post=1730"}],"version-history":[{"count":0,"href":"https:\/\/futbolmonterey.org\/es\/wp-json\/wp\/v2\/pages\/1730\/revisions"}],"up":[{"embeddable":true,"href":"https:\/\/futbolmonterey.org\/es\/wp-json\/wp\/v2\/pages\/1747"}],"wp:featuredmedia":[{"embeddable":true,"href":"https:\/\/futbolmonterey.org\/es\/wp-json\/wp\/v2\/media\/1597"}],"wp:attachment":[{"href":"https:\/\/futbolmonterey.org\/es\/wp-json\/wp\/v2\/media?parent=1730"}],"curies":[{"name":"wp","href":"https:\/\/api.w.org\/{rel}","templated":true}]}}