{"id":1729,"date":"2023-01-06T01:02:39","date_gmt":"2023-01-06T01:02:39","guid":{"rendered":"https:\/\/futbolmonterey.org\/inscripcion\/como\/"},"modified":"2023-08-18T02:50:56","modified_gmt":"2023-08-18T02:50:56","slug":"como","status":"publish","type":"page","link":"https:\/\/futbolmonterey.org\/es\/inscripcion\/como\/","title":{"rendered":"C\u00f3mo"},"content":{"rendered":"\t\t<div data-elementor-type=\"wp-page\" data-elementor-id=\"1729\" class=\"elementor elementor-1729 elementor-934\" data-elementor-post-type=\"page\">\n\t\t\t\t\t\t<section class=\"elementor-section elementor-top-section elementor-element elementor-element-24c569d elementor-section-boxed elementor-section-height-default elementor-section-height-default\" data-id=\"24c569d\" data-element_type=\"section\" data-e-type=\"section\">\n\t\t\t\t\t\t<div class=\"elementor-container elementor-column-gap-default\">\n\t\t\t\t\t<div class=\"elementor-column elementor-col-100 elementor-top-column elementor-element elementor-element-6da1923\" data-id=\"6da1923\" data-element_type=\"column\" data-e-type=\"column\">\n\t\t\t<div class=\"elementor-widget-wrap elementor-element-populated\">\n\t\t\t\t\t\t<div class=\"elementor-element elementor-element-832e15a elementor-widget elementor-widget-text-editor\" data-id=\"832e15a\" data-element_type=\"widget\" data-e-type=\"widget\" data-widget_type=\"text-editor.default\">\n\t\t\t\t<div class=\"elementor-widget-container\">\n\t\t\t\t\t\t\t\t\t<p>AF Monterey utiliza <a href=\"https:\/\/www.sportsconnect.com\/\">SportsConnect<\/a> como nuestro socio de registro. SportsConnect es un proveedor consolidado que trabaja con organizaciones deportivas grandes y peque\u00f1as.<\/p>\n<p>Cuando haga clic en <a href=\"https:\/\/leagues.bluesombrero.com\/Default.aspx?tabid=1353932\">Registrarse &gt; Registration<\/a>, ser\u00e1 redirigido al portal de registro de nuestra Academia. Tu pantalla inicial tendr\u00e1 este aspecto:<\/p>\n\t\t\t\t\t\t\t\t<\/div>\n\t\t\t\t<\/div>\n\t\t\t\t<div class=\"elementor-element elementor-element-88368b7 elementor-widget elementor-widget-image\" data-id=\"88368b7\" data-element_type=\"widget\" data-e-type=\"widget\" data-widget_type=\"image.default\">\n\t\t\t\t<div class=\"elementor-widget-container\">\n\t\t\t\t\t\t\t\t\t\t\t\t\t\t\t<img fetchpriority=\"high\" decoding=\"async\" width=\"1024\" height=\"686\" src=\"https:\/\/futbolmonterey.org\/wp-content\/uploads\/2023\/01\/86636B11-AB12-4611-BAEC-FFC39F58EFF9.jpeg\" class=\"attachment-large size-large wp-image-1627\" alt=\"\" srcset=\"https:\/\/futbolmonterey.org\/wp-content\/uploads\/2023\/01\/86636B11-AB12-4611-BAEC-FFC39F58EFF9.jpeg 1024w, https:\/\/futbolmonterey.org\/wp-content\/uploads\/2023\/01\/86636B11-AB12-4611-BAEC-FFC39F58EFF9-300x201.jpeg 300w, https:\/\/futbolmonterey.org\/wp-content\/uploads\/2023\/01\/86636B11-AB12-4611-BAEC-FFC39F58EFF9-768x515.jpeg 768w\" sizes=\"(max-width: 1024px) 100vw, 1024px\" \/>\t\t\t\t\t\t\t\t\t\t\t\t\t\t\t<\/div>\n\t\t\t\t<\/div>\n\t\t\t\t<div class=\"elementor-element elementor-element-83e4a21 elementor-widget elementor-widget-text-editor\" data-id=\"83e4a21\" data-element_type=\"widget\" data-e-type=\"widget\" data-widget_type=\"text-editor.default\">\n\t\t\t\t<div class=\"elementor-widget-container\">\n\t\t\t\t\t\t\t\t\t<p>Si ha utilizado SportConnect con otra organizaci\u00f3n, puede acceder a su cuenta y omitir algunos de los pasos siguientes. De lo contrario, tendr\u00e1 que crear una cuenta nueva e incluir informaci\u00f3n sobre el ni\u00f1o o ni\u00f1os que piensa inscribir.<\/p>\n<p>Para las familias nuevas y las que regresan, SportConnect ofrece recursos de ayuda en l\u00ednea: <a href=\"https:\/\/stacksportsportal.force.com\/helpcenter\/s\/?b=0011T00002R7RGIQA3\">Haga clic aqu\u00ed<\/a><\/p>\n<p>Una vez completados estos pasos, debe seleccionar el programa para registrarse. Puede inscribirse en varios programas y para varios ni\u00f1os en una misma sesi\u00f3n.<\/p>\n<p>Si va a inscribir a su(s) hijo(s) en un semestre de entrenamiento de un equipo espec\u00edfico o en un campamento, deber\u00e1 seleccionar esa opci\u00f3n en la lista de programas. En el caso de los entrenamientos de equipo, su entrenador o jefe de equipo le habr\u00e1 proporcionado informaci\u00f3n sobre los costes, el horario y un enlace a nuestro portal de inscripci\u00f3n con informaci\u00f3n detallada sobre el programa espec\u00edfico del equipo.<\/p>\n<p>Por otra parte, si se inscribe en nuestro programa de academia o campamento a t\u00edtulo individual, seleccionar\u00e1 una opci\u00f3n basada en el grupo de edad y el sexo de su(s) hijo(s).<\/p>\n<p>SportsConnect le llevar\u00e1 a trav\u00e9s de una serie de pasos, incluida la introducci\u00f3n de los datos de su hijo: nombre, edad, alergias, otras afecciones, informaci\u00f3n sobre el seguro y la escuela. Tambi\u00e9n incluimos una renuncia m\u00e9dica, una renuncia de cesi\u00f3n de im\u00e1genes y un reconocimiento de nuestra pol\u00edtica de reembolso. Una vez completado el formulario, acceder\u00e1 a las opciones de pago: algunos programas ofrecen la opci\u00f3n de un plan de pagos, mientras que otros exigen el pago total por adelantado. AF Monterey acepta varias opciones de pago en l\u00ednea de las tasas.<\/p>\n<p>Una vez completado, recibir\u00e1 un correo electr\u00f3nico de confirmaci\u00f3n de SportConnect. Tendr\u00e1 acceso permanente a su cuenta SportConnect, que se utilizar\u00e1 para facilitar la comunicaci\u00f3n. Las futuras inscripciones en AF Monterey se realizar\u00e1n a trav\u00e9s de su cuenta SportConnect.<\/p>\n<p>Si tiene problemas, dudas o preguntas sobre el portal SportConnect, env\u00ede un correo electr\u00f3nico <a href=\"mailto:info@monterey.org\">a info@monterey.org.<\/a><\/p>\n\t\t\t\t\t\t\t\t<\/div>\n\t\t\t\t<\/div>\n\t\t\t\t\t<\/div>\n\t\t<\/div>\n\t\t\t\t\t<\/div>\n\t\t<\/section>\n\t\t\t\t<\/div>\n\t\t","protected":false},"excerpt":{"rendered":"<p>AF Monterey utiliza SportsConnect como nuestro socio de registro. SportsConnect es un proveedor consolidado que trabaja con organizaciones deportivas grandes y peque\u00f1as. Cuando haga clic en Registrarse &gt; Registration, ser\u00e1 redirigido al portal de registro de nuestra Academia. Tu pantalla inicial tendr\u00e1 este aspecto: Si ha utilizado SportConnect con otra organizaci\u00f3n, puede acceder a su&hellip;&nbsp;<a href=\"https:\/\/futbolmonterey.org\/es\/inscripcion\/como\/\" rel=\"bookmark\">Read More &raquo;<span class=\"screen-reader-text\">C\u00f3mo<\/span><\/a><\/p>\n","protected":false},"author":1,"featured_media":1597,"parent":1713,"menu_order":0,"comment_status":"closed","ping_status":"closed","template":"page-templates\/template-pagebuilder-full-width.php","meta":{"neve_meta_sidebar":"","neve_meta_container":"","neve_meta_enable_content_width":"off","neve_meta_content_width":100,"neve_meta_title_alignment":"","neve_meta_author_avatar":"","neve_post_elements_order":"","neve_meta_disable_header":"","neve_meta_disable_footer":"","neve_meta_disable_title":"","neve_meta_reading_time":"","footnotes":"","_links_to":"","_links_to_target":""},"class_list":["post-1729","page","type-page","status-publish","has-post-thumbnail","hentry"],"yoast_head":"<!-- This site is optimized with the Yoast SEO plugin v27.0 - https:\/\/yoast.com\/product\/yoast-seo-wordpress\/ -->\n<title>C\u00f3mo - AF Monterey<\/title>\n<meta name=\"robots\" content=\"index, follow, max-snippet:-1, max-image-preview:large, max-video-preview:-1\" \/>\n<link rel=\"canonical\" href=\"https:\/\/futbolmonterey.org\/es\/inscripcion\/como\/\" \/>\n<meta property=\"og:locale\" content=\"es_ES\" \/>\n<meta property=\"og:type\" content=\"article\" \/>\n<meta property=\"og:title\" content=\"C\u00f3mo - AF Monterey\" \/>\n<meta property=\"og:description\" content=\"AF Monterey utiliza SportsConnect como nuestro socio de registro. SportsConnect es un proveedor consolidado que trabaja con organizaciones deportivas grandes y peque\u00f1as. Cuando haga clic en Registrarse &gt; Registration, ser\u00e1 redirigido al portal de registro de nuestra Academia. Tu pantalla inicial tendr\u00e1 este aspecto: Si ha utilizado SportConnect con otra organizaci\u00f3n, puede acceder a su&hellip;&nbsp;Read More &raquo;C\u00f3mo\" \/>\n<meta property=\"og:url\" content=\"https:\/\/futbolmonterey.org\/es\/inscripcion\/como\/\" \/>\n<meta property=\"og:site_name\" content=\"AF Monterey\" \/>\n<meta property=\"article:publisher\" content=\"https:\/\/www.facebook.com\/profile.php?id=100086355979793\" \/>\n<meta property=\"article:modified_time\" content=\"2023-08-18T02:50:56+00:00\" \/>\n<meta property=\"og:image\" content=\"https:\/\/futbolmonterey.org\/wp-content\/uploads\/2022\/11\/AFM-featured-image.jpg\" \/>\n\t<meta property=\"og:image:width\" content=\"1640\" \/>\n\t<meta property=\"og:image:height\" content=\"924\" \/>\n\t<meta property=\"og:image:type\" content=\"image\/jpeg\" \/>\n<meta name=\"twitter:card\" content=\"summary_large_image\" \/>\n<meta name=\"twitter:site\" content=\"@FutbolMonterey\" \/>\n<meta name=\"twitter:label1\" content=\"Tiempo de lectura\" \/>\n\t<meta name=\"twitter:data1\" content=\"2 minutos\" \/>\n<script type=\"application\/ld+json\" class=\"yoast-schema-graph\">{\"@context\":\"https:\/\/schema.org\",\"@graph\":[{\"@type\":\"WebPage\",\"@id\":\"https:\/\/futbolmonterey.org\/es\/inscripcion\/como\/\",\"url\":\"https:\/\/futbolmonterey.org\/es\/inscripcion\/como\/\",\"name\":\"C\u00f3mo - AF Monterey\",\"isPartOf\":{\"@id\":\"https:\/\/futbolmonterey.org\/es\/#website\"},\"primaryImageOfPage\":{\"@id\":\"https:\/\/futbolmonterey.org\/es\/inscripcion\/como\/#primaryimage\"},\"image\":{\"@id\":\"https:\/\/futbolmonterey.org\/es\/inscripcion\/como\/#primaryimage\"},\"thumbnailUrl\":\"https:\/\/futbolmonterey.org\/wp-content\/uploads\/2022\/11\/AFM-featured-image.jpg\",\"datePublished\":\"2023-01-06T01:02:39+00:00\",\"dateModified\":\"2023-08-18T02:50:56+00:00\",\"breadcrumb\":{\"@id\":\"https:\/\/futbolmonterey.org\/es\/inscripcion\/como\/#breadcrumb\"},\"inLanguage\":\"es\",\"potentialAction\":[{\"@type\":\"ReadAction\",\"target\":[\"https:\/\/futbolmonterey.org\/es\/inscripcion\/como\/\"]}]},{\"@type\":\"ImageObject\",\"inLanguage\":\"es\",\"@id\":\"https:\/\/futbolmonterey.org\/es\/inscripcion\/como\/#primaryimage\",\"url\":\"https:\/\/futbolmonterey.org\/wp-content\/uploads\/2022\/11\/AFM-featured-image.jpg\",\"contentUrl\":\"https:\/\/futbolmonterey.org\/wp-content\/uploads\/2022\/11\/AFM-featured-image.jpg\",\"width\":1640,\"height\":924},{\"@type\":\"BreadcrumbList\",\"@id\":\"https:\/\/futbolmonterey.org\/es\/inscripcion\/como\/#breadcrumb\",\"itemListElement\":[{\"@type\":\"ListItem\",\"position\":1,\"name\":\"Home\",\"item\":\"https:\/\/futbolmonterey.org\/es\/inicio\/\"},{\"@type\":\"ListItem\",\"position\":2,\"name\":\"Inscripci\u00f3n\",\"item\":\"https:\/\/futbolmonterey.org\/es\/?page_id=1713\"},{\"@type\":\"ListItem\",\"position\":3,\"name\":\"C\u00f3mo\"}]},{\"@type\":\"WebSite\",\"@id\":\"https:\/\/futbolmonterey.org\/es\/#website\",\"url\":\"https:\/\/futbolmonterey.org\/es\/\",\"name\":\"AF Monterey\",\"description\":\"Academia F\u00fatbol de Monterey\",\"publisher\":{\"@id\":\"https:\/\/futbolmonterey.org\/es\/#organization\"},\"potentialAction\":[{\"@type\":\"SearchAction\",\"target\":{\"@type\":\"EntryPoint\",\"urlTemplate\":\"https:\/\/futbolmonterey.org\/es\/?s={search_term_string}\"},\"query-input\":{\"@type\":\"PropertyValueSpecification\",\"valueRequired\":true,\"valueName\":\"search_term_string\"}}],\"inLanguage\":\"es\"},{\"@type\":\"Organization\",\"@id\":\"https:\/\/futbolmonterey.org\/es\/#organization\",\"name\":\"AF Monterey\",\"url\":\"https:\/\/futbolmonterey.org\/es\/\",\"logo\":{\"@type\":\"ImageObject\",\"inLanguage\":\"es\",\"@id\":\"https:\/\/futbolmonterey.org\/es\/#\/schema\/logo\/image\/\",\"url\":\"https:\/\/futbolmonterey.org\/wp-content\/uploads\/2022\/10\/cropped-2022-10-31_13-11-41-1.png\",\"contentUrl\":\"https:\/\/futbolmonterey.org\/wp-content\/uploads\/2022\/10\/cropped-2022-10-31_13-11-41-1.png\",\"width\":512,\"height\":512,\"caption\":\"AF Monterey\"},\"image\":{\"@id\":\"https:\/\/futbolmonterey.org\/es\/#\/schema\/logo\/image\/\"},\"sameAs\":[\"https:\/\/www.facebook.com\/profile.php?id=100086355979793\",\"https:\/\/x.com\/FutbolMonterey\",\"https:\/\/www.instagram.com\/futbolmonterey\/\"]}]}<\/script>\n<!-- \/ Yoast SEO plugin. -->","yoast_head_json":{"title":"C\u00f3mo - AF Monterey","robots":{"index":"index","follow":"follow","max-snippet":"max-snippet:-1","max-image-preview":"max-image-preview:large","max-video-preview":"max-video-preview:-1"},"canonical":"https:\/\/futbolmonterey.org\/es\/inscripcion\/como\/","og_locale":"es_ES","og_type":"article","og_title":"C\u00f3mo - AF Monterey","og_description":"AF Monterey utiliza SportsConnect como nuestro socio de registro. SportsConnect es un proveedor consolidado que trabaja con organizaciones deportivas grandes y peque\u00f1as. Cuando haga clic en Registrarse &gt; Registration, ser\u00e1 redirigido al portal de registro de nuestra Academia. Tu pantalla inicial tendr\u00e1 este aspecto: Si ha utilizado SportConnect con otra organizaci\u00f3n, puede acceder a su&hellip;&nbsp;Read More &raquo;C\u00f3mo","og_url":"https:\/\/futbolmonterey.org\/es\/inscripcion\/como\/","og_site_name":"AF Monterey","article_publisher":"https:\/\/www.facebook.com\/profile.php?id=100086355979793","article_modified_time":"2023-08-18T02:50:56+00:00","og_image":[{"width":1640,"height":924,"url":"https:\/\/futbolmonterey.org\/wp-content\/uploads\/2022\/11\/AFM-featured-image.jpg","type":"image\/jpeg"}],"twitter_card":"summary_large_image","twitter_site":"@FutbolMonterey","twitter_misc":{"Tiempo de lectura":"2 minutos"},"schema":{"@context":"https:\/\/schema.org","@graph":[{"@type":"WebPage","@id":"https:\/\/futbolmonterey.org\/es\/inscripcion\/como\/","url":"https:\/\/futbolmonterey.org\/es\/inscripcion\/como\/","name":"C\u00f3mo - AF Monterey","isPartOf":{"@id":"https:\/\/futbolmonterey.org\/es\/#website"},"primaryImageOfPage":{"@id":"https:\/\/futbolmonterey.org\/es\/inscripcion\/como\/#primaryimage"},"image":{"@id":"https:\/\/futbolmonterey.org\/es\/inscripcion\/como\/#primaryimage"},"thumbnailUrl":"https:\/\/futbolmonterey.org\/wp-content\/uploads\/2022\/11\/AFM-featured-image.jpg","datePublished":"2023-01-06T01:02:39+00:00","dateModified":"2023-08-18T02:50:56+00:00","breadcrumb":{"@id":"https:\/\/futbolmonterey.org\/es\/inscripcion\/como\/#breadcrumb"},"inLanguage":"es","potentialAction":[{"@type":"ReadAction","target":["https:\/\/futbolmonterey.org\/es\/inscripcion\/como\/"]}]},{"@type":"ImageObject","inLanguage":"es","@id":"https:\/\/futbolmonterey.org\/es\/inscripcion\/como\/#primaryimage","url":"https:\/\/futbolmonterey.org\/wp-content\/uploads\/2022\/11\/AFM-featured-image.jpg","contentUrl":"https:\/\/futbolmonterey.org\/wp-content\/uploads\/2022\/11\/AFM-featured-image.jpg","width":1640,"height":924},{"@type":"BreadcrumbList","@id":"https:\/\/futbolmonterey.org\/es\/inscripcion\/como\/#breadcrumb","itemListElement":[{"@type":"ListItem","position":1,"name":"Home","item":"https:\/\/futbolmonterey.org\/es\/inicio\/"},{"@type":"ListItem","position":2,"name":"Inscripci\u00f3n","item":"https:\/\/futbolmonterey.org\/es\/?page_id=1713"},{"@type":"ListItem","position":3,"name":"C\u00f3mo"}]},{"@type":"WebSite","@id":"https:\/\/futbolmonterey.org\/es\/#website","url":"https:\/\/futbolmonterey.org\/es\/","name":"AF Monterey","description":"Academia F\u00fatbol de Monterey","publisher":{"@id":"https:\/\/futbolmonterey.org\/es\/#organization"},"potentialAction":[{"@type":"SearchAction","target":{"@type":"EntryPoint","urlTemplate":"https:\/\/futbolmonterey.org\/es\/?s={search_term_string}"},"query-input":{"@type":"PropertyValueSpecification","valueRequired":true,"valueName":"search_term_string"}}],"inLanguage":"es"},{"@type":"Organization","@id":"https:\/\/futbolmonterey.org\/es\/#organization","name":"AF Monterey","url":"https:\/\/futbolmonterey.org\/es\/","logo":{"@type":"ImageObject","inLanguage":"es","@id":"https:\/\/futbolmonterey.org\/es\/#\/schema\/logo\/image\/","url":"https:\/\/futbolmonterey.org\/wp-content\/uploads\/2022\/10\/cropped-2022-10-31_13-11-41-1.png","contentUrl":"https:\/\/futbolmonterey.org\/wp-content\/uploads\/2022\/10\/cropped-2022-10-31_13-11-41-1.png","width":512,"height":512,"caption":"AF Monterey"},"image":{"@id":"https:\/\/futbolmonterey.org\/es\/#\/schema\/logo\/image\/"},"sameAs":["https:\/\/www.facebook.com\/profile.php?id=100086355979793","https:\/\/x.com\/FutbolMonterey","https:\/\/www.instagram.com\/futbolmonterey\/"]}]}},"_links":{"self":[{"href":"https:\/\/futbolmonterey.org\/es\/wp-json\/wp\/v2\/pages\/1729","targetHints":{"allow":["GET"]}}],"collection":[{"href":"https:\/\/futbolmonterey.org\/es\/wp-json\/wp\/v2\/pages"}],"about":[{"href":"https:\/\/futbolmonterey.org\/es\/wp-json\/wp\/v2\/types\/page"}],"author":[{"embeddable":true,"href":"https:\/\/futbolmonterey.org\/es\/wp-json\/wp\/v2\/users\/1"}],"replies":[{"embeddable":true,"href":"https:\/\/futbolmonterey.org\/es\/wp-json\/wp\/v2\/comments?post=1729"}],"version-history":[{"count":0,"href":"https:\/\/futbolmonterey.org\/es\/wp-json\/wp\/v2\/pages\/1729\/revisions"}],"up":[{"embeddable":true,"href":"https:\/\/futbolmonterey.org\/es\/wp-json\/wp\/v2\/pages\/1713"}],"wp:featuredmedia":[{"embeddable":true,"href":"https:\/\/futbolmonterey.org\/es\/wp-json\/wp\/v2\/media\/1597"}],"wp:attachment":[{"href":"https:\/\/futbolmonterey.org\/es\/wp-json\/wp\/v2\/media?parent=1729"}],"curies":[{"name":"wp","href":"https:\/\/api.w.org\/{rel}","templated":true}]}}