{"id":1717,"date":"2022-11-10T22:21:44","date_gmt":"2022-11-10T22:21:44","guid":{"rendered":"https:\/\/futbolmonterey.org\/quienes-somos\/205-deportes\/"},"modified":"2023-10-23T21:54:26","modified_gmt":"2023-10-23T21:54:26","slug":"205-deportes","status":"publish","type":"page","link":"https:\/\/futbolmonterey.org\/es\/quienes-somos\/205-deportes\/","title":{"rendered":"205 Deportes"},"content":{"rendered":"\t\t<div data-elementor-type=\"wp-page\" data-elementor-id=\"1717\" class=\"elementor elementor-1717 elementor-685\" data-elementor-post-type=\"page\">\n\t\t\t\t\t\t<section class=\"elementor-section elementor-top-section elementor-element elementor-element-411517d elementor-section-boxed elementor-section-height-default elementor-section-height-default\" data-id=\"411517d\" data-element_type=\"section\" data-e-type=\"section\">\n\t\t\t\t\t\t<div class=\"elementor-container elementor-column-gap-default\">\n\t\t\t\t\t<div class=\"elementor-column elementor-col-100 elementor-top-column elementor-element elementor-element-082b3ef\" data-id=\"082b3ef\" data-element_type=\"column\" data-e-type=\"column\">\n\t\t\t<div class=\"elementor-widget-wrap elementor-element-populated\">\n\t\t\t\t\t\t<div class=\"elementor-element elementor-element-0847495 elementor-widget elementor-widget-text-editor\" data-id=\"0847495\" data-element_type=\"widget\" data-e-type=\"widget\" data-widget_type=\"text-editor.default\">\n\t\t\t\t<div class=\"elementor-widget-container\">\n\t\t\t\t\t\t\t\t\t<p>La Academia de F\u00fatbol Monterey es un programa de 205 Sports.<\/p>\n<p>205 Sports es una organizaci\u00f3n sin \u00e1nimo de lucro registrada como 501(c)(3) con sede en Monterey, California. 205 ha estado proporcionando educaci\u00f3n en l\u00ednea para entrenadores y contenido para el desarrollo de jugadores desde su fundaci\u00f3n en 2019.<\/p>\n<p>Para m\u00e1s informaci\u00f3n sobre 205, pulse en <a href=\"https:\/\/205sports.org\">https:\/\/205sports.org.<\/a><\/p>\n\t\t\t\t\t\t\t\t<\/div>\n\t\t\t\t<\/div>\n\t\t\t\t\t<\/div>\n\t\t<\/div>\n\t\t\t\t\t<\/div>\n\t\t<\/section>\n\t\t\t\t<\/div>\n\t\t","protected":false},"excerpt":{"rendered":"<p>La Academia de F\u00fatbol Monterey es un programa de 205 Sports. 205 Sports es una organizaci\u00f3n sin \u00e1nimo de lucro registrada como 501(c)(3) con sede en Monterey, California. 205 ha estado proporcionando educaci\u00f3n en l\u00ednea para entrenadores y contenido para el desarrollo de jugadores desde su fundaci\u00f3n en 2019. Para m\u00e1s informaci\u00f3n sobre 205, pulse&hellip;&nbsp;<a href=\"https:\/\/futbolmonterey.org\/es\/quienes-somos\/205-deportes\/\" rel=\"bookmark\">Read More &raquo;<span class=\"screen-reader-text\">205 Deportes<\/span><\/a><\/p>\n","protected":false},"author":1,"featured_media":1597,"parent":1681,"menu_order":0,"comment_status":"closed","ping_status":"closed","template":"page-templates\/template-pagebuilder-full-width.php","meta":{"neve_meta_sidebar":"","neve_meta_container":"","neve_meta_enable_content_width":"off","neve_meta_content_width":100,"neve_meta_title_alignment":"","neve_meta_author_avatar":"","neve_post_elements_order":"","neve_meta_disable_header":"","neve_meta_disable_footer":"","neve_meta_disable_title":"","neve_meta_reading_time":"","footnotes":"","_links_to":"","_links_to_target":""},"class_list":["post-1717","page","type-page","status-publish","has-post-thumbnail","hentry"],"yoast_head":"<!-- This site is optimized with the Yoast SEO plugin v27.0 - https:\/\/yoast.com\/product\/yoast-seo-wordpress\/ -->\n<title>205 Deportes - AF Monterey<\/title>\n<meta name=\"robots\" content=\"index, follow, max-snippet:-1, max-image-preview:large, max-video-preview:-1\" \/>\n<link rel=\"canonical\" href=\"https:\/\/futbolmonterey.org\/es\/quienes-somos\/205-deportes\/\" \/>\n<meta property=\"og:locale\" content=\"es_ES\" \/>\n<meta property=\"og:type\" content=\"article\" \/>\n<meta property=\"og:title\" content=\"205 Deportes - AF Monterey\" \/>\n<meta property=\"og:description\" content=\"La Academia de F\u00fatbol Monterey es un programa de 205 Sports. 205 Sports es una organizaci\u00f3n sin \u00e1nimo de lucro registrada como 501(c)(3) con sede en Monterey, California. 205 ha estado proporcionando educaci\u00f3n en l\u00ednea para entrenadores y contenido para el desarrollo de jugadores desde su fundaci\u00f3n en 2019. Para m\u00e1s informaci\u00f3n sobre 205, pulse&hellip;&nbsp;Read More &raquo;205 Deportes\" \/>\n<meta property=\"og:url\" content=\"https:\/\/futbolmonterey.org\/es\/quienes-somos\/205-deportes\/\" \/>\n<meta property=\"og:site_name\" content=\"AF Monterey\" \/>\n<meta property=\"article:publisher\" content=\"https:\/\/www.facebook.com\/profile.php?id=100086355979793\" \/>\n<meta property=\"article:modified_time\" content=\"2023-10-23T21:54:26+00:00\" \/>\n<meta property=\"og:image\" content=\"https:\/\/futbolmonterey.org\/wp-content\/uploads\/2022\/11\/AFM-featured-image.jpg\" \/>\n\t<meta property=\"og:image:width\" content=\"1640\" \/>\n\t<meta property=\"og:image:height\" content=\"924\" \/>\n\t<meta property=\"og:image:type\" content=\"image\/jpeg\" \/>\n<meta name=\"twitter:card\" content=\"summary_large_image\" \/>\n<meta name=\"twitter:site\" content=\"@FutbolMonterey\" \/>\n<script type=\"application\/ld+json\" class=\"yoast-schema-graph\">{\"@context\":\"https:\/\/schema.org\",\"@graph\":[{\"@type\":\"WebPage\",\"@id\":\"https:\/\/futbolmonterey.org\/es\/quienes-somos\/205-deportes\/\",\"url\":\"https:\/\/futbolmonterey.org\/es\/quienes-somos\/205-deportes\/\",\"name\":\"205 Deportes - AF Monterey\",\"isPartOf\":{\"@id\":\"https:\/\/futbolmonterey.org\/es\/#website\"},\"primaryImageOfPage\":{\"@id\":\"https:\/\/futbolmonterey.org\/es\/quienes-somos\/205-deportes\/#primaryimage\"},\"image\":{\"@id\":\"https:\/\/futbolmonterey.org\/es\/quienes-somos\/205-deportes\/#primaryimage\"},\"thumbnailUrl\":\"https:\/\/futbolmonterey.org\/wp-content\/uploads\/2022\/11\/AFM-featured-image.jpg\",\"datePublished\":\"2022-11-10T22:21:44+00:00\",\"dateModified\":\"2023-10-23T21:54:26+00:00\",\"breadcrumb\":{\"@id\":\"https:\/\/futbolmonterey.org\/es\/quienes-somos\/205-deportes\/#breadcrumb\"},\"inLanguage\":\"es\",\"potentialAction\":[{\"@type\":\"ReadAction\",\"target\":[\"https:\/\/futbolmonterey.org\/es\/quienes-somos\/205-deportes\/\"]}]},{\"@type\":\"ImageObject\",\"inLanguage\":\"es\",\"@id\":\"https:\/\/futbolmonterey.org\/es\/quienes-somos\/205-deportes\/#primaryimage\",\"url\":\"https:\/\/futbolmonterey.org\/wp-content\/uploads\/2022\/11\/AFM-featured-image.jpg\",\"contentUrl\":\"https:\/\/futbolmonterey.org\/wp-content\/uploads\/2022\/11\/AFM-featured-image.jpg\",\"width\":1640,\"height\":924},{\"@type\":\"BreadcrumbList\",\"@id\":\"https:\/\/futbolmonterey.org\/es\/quienes-somos\/205-deportes\/#breadcrumb\",\"itemListElement\":[{\"@type\":\"ListItem\",\"position\":1,\"name\":\"Home\",\"item\":\"https:\/\/futbolmonterey.org\/es\/inicio\/\"},{\"@type\":\"ListItem\",\"position\":2,\"name\":\"Qui\u00e9nes somos\",\"item\":\"https:\/\/futbolmonterey.org\/es\/?page_id=1681\"},{\"@type\":\"ListItem\",\"position\":3,\"name\":\"205 Deportes\"}]},{\"@type\":\"WebSite\",\"@id\":\"https:\/\/futbolmonterey.org\/es\/#website\",\"url\":\"https:\/\/futbolmonterey.org\/es\/\",\"name\":\"AF Monterey\",\"description\":\"Academia F\u00fatbol de Monterey\",\"publisher\":{\"@id\":\"https:\/\/futbolmonterey.org\/es\/#organization\"},\"potentialAction\":[{\"@type\":\"SearchAction\",\"target\":{\"@type\":\"EntryPoint\",\"urlTemplate\":\"https:\/\/futbolmonterey.org\/es\/?s={search_term_string}\"},\"query-input\":{\"@type\":\"PropertyValueSpecification\",\"valueRequired\":true,\"valueName\":\"search_term_string\"}}],\"inLanguage\":\"es\"},{\"@type\":\"Organization\",\"@id\":\"https:\/\/futbolmonterey.org\/es\/#organization\",\"name\":\"AF Monterey\",\"url\":\"https:\/\/futbolmonterey.org\/es\/\",\"logo\":{\"@type\":\"ImageObject\",\"inLanguage\":\"es\",\"@id\":\"https:\/\/futbolmonterey.org\/es\/#\/schema\/logo\/image\/\",\"url\":\"https:\/\/futbolmonterey.org\/wp-content\/uploads\/2022\/10\/cropped-2022-10-31_13-11-41-1.png\",\"contentUrl\":\"https:\/\/futbolmonterey.org\/wp-content\/uploads\/2022\/10\/cropped-2022-10-31_13-11-41-1.png\",\"width\":512,\"height\":512,\"caption\":\"AF Monterey\"},\"image\":{\"@id\":\"https:\/\/futbolmonterey.org\/es\/#\/schema\/logo\/image\/\"},\"sameAs\":[\"https:\/\/www.facebook.com\/profile.php?id=100086355979793\",\"https:\/\/x.com\/FutbolMonterey\",\"https:\/\/www.instagram.com\/futbolmonterey\/\"]}]}<\/script>\n<!-- \/ Yoast SEO plugin. -->","yoast_head_json":{"title":"205 Deportes - AF Monterey","robots":{"index":"index","follow":"follow","max-snippet":"max-snippet:-1","max-image-preview":"max-image-preview:large","max-video-preview":"max-video-preview:-1"},"canonical":"https:\/\/futbolmonterey.org\/es\/quienes-somos\/205-deportes\/","og_locale":"es_ES","og_type":"article","og_title":"205 Deportes - AF Monterey","og_description":"La Academia de F\u00fatbol Monterey es un programa de 205 Sports. 205 Sports es una organizaci\u00f3n sin \u00e1nimo de lucro registrada como 501(c)(3) con sede en Monterey, California. 205 ha estado proporcionando educaci\u00f3n en l\u00ednea para entrenadores y contenido para el desarrollo de jugadores desde su fundaci\u00f3n en 2019. Para m\u00e1s informaci\u00f3n sobre 205, pulse&hellip;&nbsp;Read More &raquo;205 Deportes","og_url":"https:\/\/futbolmonterey.org\/es\/quienes-somos\/205-deportes\/","og_site_name":"AF Monterey","article_publisher":"https:\/\/www.facebook.com\/profile.php?id=100086355979793","article_modified_time":"2023-10-23T21:54:26+00:00","og_image":[{"width":1640,"height":924,"url":"https:\/\/futbolmonterey.org\/wp-content\/uploads\/2022\/11\/AFM-featured-image.jpg","type":"image\/jpeg"}],"twitter_card":"summary_large_image","twitter_site":"@FutbolMonterey","schema":{"@context":"https:\/\/schema.org","@graph":[{"@type":"WebPage","@id":"https:\/\/futbolmonterey.org\/es\/quienes-somos\/205-deportes\/","url":"https:\/\/futbolmonterey.org\/es\/quienes-somos\/205-deportes\/","name":"205 Deportes - AF Monterey","isPartOf":{"@id":"https:\/\/futbolmonterey.org\/es\/#website"},"primaryImageOfPage":{"@id":"https:\/\/futbolmonterey.org\/es\/quienes-somos\/205-deportes\/#primaryimage"},"image":{"@id":"https:\/\/futbolmonterey.org\/es\/quienes-somos\/205-deportes\/#primaryimage"},"thumbnailUrl":"https:\/\/futbolmonterey.org\/wp-content\/uploads\/2022\/11\/AFM-featured-image.jpg","datePublished":"2022-11-10T22:21:44+00:00","dateModified":"2023-10-23T21:54:26+00:00","breadcrumb":{"@id":"https:\/\/futbolmonterey.org\/es\/quienes-somos\/205-deportes\/#breadcrumb"},"inLanguage":"es","potentialAction":[{"@type":"ReadAction","target":["https:\/\/futbolmonterey.org\/es\/quienes-somos\/205-deportes\/"]}]},{"@type":"ImageObject","inLanguage":"es","@id":"https:\/\/futbolmonterey.org\/es\/quienes-somos\/205-deportes\/#primaryimage","url":"https:\/\/futbolmonterey.org\/wp-content\/uploads\/2022\/11\/AFM-featured-image.jpg","contentUrl":"https:\/\/futbolmonterey.org\/wp-content\/uploads\/2022\/11\/AFM-featured-image.jpg","width":1640,"height":924},{"@type":"BreadcrumbList","@id":"https:\/\/futbolmonterey.org\/es\/quienes-somos\/205-deportes\/#breadcrumb","itemListElement":[{"@type":"ListItem","position":1,"name":"Home","item":"https:\/\/futbolmonterey.org\/es\/inicio\/"},{"@type":"ListItem","position":2,"name":"Qui\u00e9nes somos","item":"https:\/\/futbolmonterey.org\/es\/?page_id=1681"},{"@type":"ListItem","position":3,"name":"205 Deportes"}]},{"@type":"WebSite","@id":"https:\/\/futbolmonterey.org\/es\/#website","url":"https:\/\/futbolmonterey.org\/es\/","name":"AF Monterey","description":"Academia F\u00fatbol de Monterey","publisher":{"@id":"https:\/\/futbolmonterey.org\/es\/#organization"},"potentialAction":[{"@type":"SearchAction","target":{"@type":"EntryPoint","urlTemplate":"https:\/\/futbolmonterey.org\/es\/?s={search_term_string}"},"query-input":{"@type":"PropertyValueSpecification","valueRequired":true,"valueName":"search_term_string"}}],"inLanguage":"es"},{"@type":"Organization","@id":"https:\/\/futbolmonterey.org\/es\/#organization","name":"AF Monterey","url":"https:\/\/futbolmonterey.org\/es\/","logo":{"@type":"ImageObject","inLanguage":"es","@id":"https:\/\/futbolmonterey.org\/es\/#\/schema\/logo\/image\/","url":"https:\/\/futbolmonterey.org\/wp-content\/uploads\/2022\/10\/cropped-2022-10-31_13-11-41-1.png","contentUrl":"https:\/\/futbolmonterey.org\/wp-content\/uploads\/2022\/10\/cropped-2022-10-31_13-11-41-1.png","width":512,"height":512,"caption":"AF Monterey"},"image":{"@id":"https:\/\/futbolmonterey.org\/es\/#\/schema\/logo\/image\/"},"sameAs":["https:\/\/www.facebook.com\/profile.php?id=100086355979793","https:\/\/x.com\/FutbolMonterey","https:\/\/www.instagram.com\/futbolmonterey\/"]}]}},"_links":{"self":[{"href":"https:\/\/futbolmonterey.org\/es\/wp-json\/wp\/v2\/pages\/1717","targetHints":{"allow":["GET"]}}],"collection":[{"href":"https:\/\/futbolmonterey.org\/es\/wp-json\/wp\/v2\/pages"}],"about":[{"href":"https:\/\/futbolmonterey.org\/es\/wp-json\/wp\/v2\/types\/page"}],"author":[{"embeddable":true,"href":"https:\/\/futbolmonterey.org\/es\/wp-json\/wp\/v2\/users\/1"}],"replies":[{"embeddable":true,"href":"https:\/\/futbolmonterey.org\/es\/wp-json\/wp\/v2\/comments?post=1717"}],"version-history":[{"count":0,"href":"https:\/\/futbolmonterey.org\/es\/wp-json\/wp\/v2\/pages\/1717\/revisions"}],"up":[{"embeddable":true,"href":"https:\/\/futbolmonterey.org\/es\/wp-json\/wp\/v2\/pages\/1681"}],"wp:featuredmedia":[{"embeddable":true,"href":"https:\/\/futbolmonterey.org\/es\/wp-json\/wp\/v2\/media\/1597"}],"wp:attachment":[{"href":"https:\/\/futbolmonterey.org\/es\/wp-json\/wp\/v2\/media?parent=1717"}],"curies":[{"name":"wp","href":"https:\/\/api.w.org\/{rel}","templated":true}]}}