{"id":1716,"date":"2023-01-06T01:15:22","date_gmt":"2023-01-06T01:15:22","guid":{"rendered":"https:\/\/futbolmonterey.org\/preguntas-frecuentes\/"},"modified":"2023-08-18T02:50:54","modified_gmt":"2023-08-18T02:50:54","slug":"preguntas-frecuentes","status":"publish","type":"page","link":"https:\/\/futbolmonterey.org\/es\/inscripcion\/preguntas-frecuentes\/","title":{"rendered":"Preguntas frecuentes"},"content":{"rendered":"\t\t<div data-elementor-type=\"wp-page\" data-elementor-id=\"1716\" class=\"elementor elementor-1716 elementor-952\" data-elementor-post-type=\"page\">\n\t\t\t\t\t\t<section class=\"elementor-section elementor-top-section elementor-element elementor-element-12fe673 elementor-section-boxed elementor-section-height-default elementor-section-height-default\" data-id=\"12fe673\" data-element_type=\"section\" data-e-type=\"section\">\n\t\t\t\t\t\t<div class=\"elementor-container elementor-column-gap-default\">\n\t\t\t\t\t<div class=\"elementor-column elementor-col-100 elementor-top-column elementor-element elementor-element-0c10f6c\" data-id=\"0c10f6c\" data-element_type=\"column\" data-e-type=\"column\">\n\t\t\t<div class=\"elementor-widget-wrap elementor-element-populated\">\n\t\t\t\t\t\t<section class=\"elementor-section elementor-inner-section elementor-element elementor-element-92696d3 elementor-section-boxed elementor-section-height-default elementor-section-height-default\" data-id=\"92696d3\" data-element_type=\"section\" data-e-type=\"section\">\n\t\t\t\t\t\t<div class=\"elementor-container elementor-column-gap-default\">\n\t\t\t\t\t<div class=\"elementor-column elementor-col-100 elementor-inner-column elementor-element elementor-element-056893a\" data-id=\"056893a\" data-element_type=\"column\" data-e-type=\"column\">\n\t\t\t<div class=\"elementor-widget-wrap elementor-element-populated\">\n\t\t\t\t\t\t<div class=\"elementor-element elementor-element-fe62381 elementor-widget elementor-widget-toggle\" data-id=\"fe62381\" data-element_type=\"widget\" data-e-type=\"widget\" data-widget_type=\"toggle.default\">\n\t\t\t\t<div class=\"elementor-widget-container\">\n\t\t\t\t\t\t\t<div class=\"elementor-toggle\">\n\t\t\t\t\t\t\t<div class=\"elementor-toggle-item\">\n\t\t\t\t\t<div id=\"elementor-tab-title-2661\" class=\"elementor-tab-title\" data-tab=\"1\" role=\"button\" aria-controls=\"elementor-tab-content-2661\" aria-expanded=\"false\">\n\t\t\t\t\t\t\t\t\t\t\t\t<span class=\"elementor-toggle-icon elementor-toggle-icon-right\" aria-hidden=\"true\">\n\t\t\t\t\t\t\t\t\t\t\t\t\t\t\t<span class=\"elementor-toggle-icon-closed\"><i class=\"fas fa-caret-down\"><\/i><\/span>\n\t\t\t\t\t\t\t\t<span class=\"elementor-toggle-icon-opened\"><i class=\"elementor-toggle-icon-opened fas fa-caret-up\"><\/i><\/span>\n\t\t\t\t\t\t\t\t\t\t\t\t\t<\/span>\n\t\t\t\t\t\t\t\t\t\t\t\t<a class=\"elementor-toggle-title\" tabindex=\"0\">\u00bfCu\u00e1les son las tasas de los programas AF Monterey?<\/a>\n\t\t\t\t\t<\/div>\n\n\t\t\t\t\t<div id=\"elementor-tab-content-2661\" class=\"elementor-tab-content elementor-clearfix\" data-tab=\"1\" role=\"region\" aria-labelledby=\"elementor-tab-title-2661\"><p>Haga clic en <a href=\"https:\/\/leagues.bluesombrero.com\/Default.aspx?tabid=1353932\">Inscripci\u00f3n &gt; Inscr\u00edbase ahora<\/a> para ver nuestros programas y tarifas actuales.<\/p>\n<\/div>\n\t\t\t\t<\/div>\n\t\t\t\t\t\t\t<div class=\"elementor-toggle-item\">\n\t\t\t\t\t<div id=\"elementor-tab-title-2662\" class=\"elementor-tab-title\" data-tab=\"2\" role=\"button\" aria-controls=\"elementor-tab-content-2662\" aria-expanded=\"false\">\n\t\t\t\t\t\t\t\t\t\t\t\t<span class=\"elementor-toggle-icon elementor-toggle-icon-right\" aria-hidden=\"true\">\n\t\t\t\t\t\t\t\t\t\t\t\t\t\t\t<span class=\"elementor-toggle-icon-closed\"><i class=\"fas fa-caret-down\"><\/i><\/span>\n\t\t\t\t\t\t\t\t<span class=\"elementor-toggle-icon-opened\"><i class=\"elementor-toggle-icon-opened fas fa-caret-up\"><\/i><\/span>\n\t\t\t\t\t\t\t\t\t\t\t\t\t<\/span>\n\t\t\t\t\t\t\t\t\t\t\t\t<a class=\"elementor-toggle-title\" tabindex=\"0\">\u00bfQu\u00e9 pasa si mi hijo se matricula o empieza una clase o un campamento pero decide retirarse? \u00bfCu\u00e1l es su pol\u00edtica de devoluciones?<\/a>\n\t\t\t\t\t<\/div>\n\n\t\t\t\t\t<div id=\"elementor-tab-content-2662\" class=\"elementor-tab-content elementor-clearfix\" data-tab=\"2\" role=\"region\" aria-labelledby=\"elementor-tab-title-2662\"><p>Las cuotas abonadas antes del inicio de una clase o campamento son reembolsables al 100% menos los gastos de servicio de nuestra entidad financiera. Las tasas son reembolsables en un 50% (menos los gastos de servicio) durante las 2 primeras semanas de clase y no son reembolsables una vez transcurridas 2 semanas. Las cuotas del campamento no son reembolsables despu\u00e9s del primer d\u00eda de campamento.<\/p>\n<\/div>\n\t\t\t\t<\/div>\n\t\t\t\t\t\t\t<div class=\"elementor-toggle-item\">\n\t\t\t\t\t<div id=\"elementor-tab-title-2663\" class=\"elementor-tab-title\" data-tab=\"3\" role=\"button\" aria-controls=\"elementor-tab-content-2663\" aria-expanded=\"false\">\n\t\t\t\t\t\t\t\t\t\t\t\t<span class=\"elementor-toggle-icon elementor-toggle-icon-right\" aria-hidden=\"true\">\n\t\t\t\t\t\t\t\t\t\t\t\t\t\t\t<span class=\"elementor-toggle-icon-closed\"><i class=\"fas fa-caret-down\"><\/i><\/span>\n\t\t\t\t\t\t\t\t<span class=\"elementor-toggle-icon-opened\"><i class=\"elementor-toggle-icon-opened fas fa-caret-up\"><\/i><\/span>\n\t\t\t\t\t\t\t\t\t\t\t\t\t<\/span>\n\t\t\t\t\t\t\t\t\t\t\t\t<a class=\"elementor-toggle-title\" tabindex=\"0\">\u00bfExiste ayuda financiera?<\/a>\n\t\t\t\t\t<\/div>\n\n\t\t\t\t\t<div id=\"elementor-tab-content-2663\" class=\"elementor-tab-content elementor-clearfix\" data-tab=\"3\" role=\"region\" aria-labelledby=\"elementor-tab-title-2663\"><p>Nuestro objetivo es ofrecer programas de calidad a precios asequibles. Sin embargo, tambi\u00e9n tenemos gastos generales (alquiler de campos, seguros, etc.) como parte de la realizaci\u00f3n de nuestros programas. Muchos de nuestros programas admiten la opci\u00f3n de inscripci\u00f3n multipago.<\/p>\n<p>En caso de necesidad econ\u00f3mica, estudiaremos cada situaci\u00f3n individualmente. P\u00f3ngase en contacto con <a href=\"mailto:info@futbolmonterey.org\">info@futbolmonterey.org<\/a> para obtener m\u00e1s informaci\u00f3n sobre nuestro programa de ayuda financiera.<\/p>\n<\/div>\n\t\t\t\t<\/div>\n\t\t\t\t\t\t\t<div class=\"elementor-toggle-item\">\n\t\t\t\t\t<div id=\"elementor-tab-title-2664\" class=\"elementor-tab-title\" data-tab=\"4\" role=\"button\" aria-controls=\"elementor-tab-content-2664\" aria-expanded=\"false\">\n\t\t\t\t\t\t\t\t\t\t\t\t<span class=\"elementor-toggle-icon elementor-toggle-icon-right\" aria-hidden=\"true\">\n\t\t\t\t\t\t\t\t\t\t\t\t\t\t\t<span class=\"elementor-toggle-icon-closed\"><i class=\"fas fa-caret-down\"><\/i><\/span>\n\t\t\t\t\t\t\t\t<span class=\"elementor-toggle-icon-opened\"><i class=\"elementor-toggle-icon-opened fas fa-caret-up\"><\/i><\/span>\n\t\t\t\t\t\t\t\t\t\t\t\t\t<\/span>\n\t\t\t\t\t\t\t\t\t\t\t\t<a class=\"elementor-toggle-title\" tabindex=\"0\">Si mi hijo falta a una sesi\u00f3n, \u00bfse le reembolsa o abona la cuota de ese d\u00eda?<\/a>\n\t\t\t\t\t<\/div>\n\n\t\t\t\t\t<div id=\"elementor-tab-content-2664\" class=\"elementor-tab-content elementor-clearfix\" data-tab=\"4\" role=\"region\" aria-labelledby=\"elementor-tab-title-2664\"><p>Nuestras tasas de inscripci\u00f3n cubren el coste de toda la clase. A discreci\u00f3n del Director de Entrenamiento, su hijo podr\u00e1 inscribirse en otra sesi\u00f3n (adicional) como recuperaci\u00f3n.<\/p>\n<\/div>\n\t\t\t\t<\/div>\n\t\t\t\t\t\t\t<div class=\"elementor-toggle-item\">\n\t\t\t\t\t<div id=\"elementor-tab-title-2665\" class=\"elementor-tab-title\" data-tab=\"5\" role=\"button\" aria-controls=\"elementor-tab-content-2665\" aria-expanded=\"false\">\n\t\t\t\t\t\t\t\t\t\t\t\t<span class=\"elementor-toggle-icon elementor-toggle-icon-right\" aria-hidden=\"true\">\n\t\t\t\t\t\t\t\t\t\t\t\t\t\t\t<span class=\"elementor-toggle-icon-closed\"><i class=\"fas fa-caret-down\"><\/i><\/span>\n\t\t\t\t\t\t\t\t<span class=\"elementor-toggle-icon-opened\"><i class=\"elementor-toggle-icon-opened fas fa-caret-up\"><\/i><\/span>\n\t\t\t\t\t\t\t\t\t\t\t\t\t<\/span>\n\t\t\t\t\t\t\t\t\t\t\t\t<a class=\"elementor-toggle-title\" tabindex=\"0\">\u00bfCon qui\u00e9n debo ponerme en contacto si tengo preguntas o problemas relacionados con la experiencia de mi hijo?<\/a>\n\t\t\t\t\t<\/div>\n\n\t\t\t\t\t<div id=\"elementor-tab-content-2665\" class=\"elementor-tab-content elementor-clearfix\" data-tab=\"5\" role=\"region\" aria-labelledby=\"elementor-tab-title-2665\"><p>Nuestro principal objetivo es apoyar el crecimiento de los jugadores de nuestra Academia. Animamos a nuestros jugadores a comunicarse directamente con sus entrenadores en relaci\u00f3n con preguntas, preocupaciones, consejos y otros aspectos de su participaci\u00f3n en los programas de la Academia en el campo.<\/p>\n<p>Todos nuestros entrenadores y nuestro Director de Entrenamiento est\u00e1n disponibles para responder a cualquier pregunta o problema que pueda surgir por parte de los padres\/tutores.  <\/p>\n<ul>\n<li>Correo electr\u00f3nico: <a href=\"mailto:info@futbolmonterey.org\">info@futbolmonterey.org<\/a><\/li>\n<li>Tel\u00e9fono: 831.222.0325<\/li>\n<\/ul>\n<\/div>\n\t\t\t\t<\/div>\n\t\t\t\t\t\t\t\t<\/div>\n\t\t\t\t\t\t<\/div>\n\t\t\t\t<\/div>\n\t\t\t\t\t<\/div>\n\t\t<\/div>\n\t\t\t\t\t<\/div>\n\t\t<\/section>\n\t\t\t\t\t<\/div>\n\t\t<\/div>\n\t\t\t\t\t<\/div>\n\t\t<\/section>\n\t\t\t\t<\/div>\n\t\t","protected":false},"excerpt":{"rendered":"<p>\u00bfCu\u00e1les son las tasas de los programas AF Monterey? Haga clic en Inscripci\u00f3n &gt; Inscr\u00edbase ahora para ver nuestros programas y tarifas actuales. \u00bfQu\u00e9 pasa si mi hijo se matricula o empieza una clase o un campamento pero decide retirarse? \u00bfCu\u00e1l es su pol\u00edtica de devoluciones? Las cuotas abonadas antes del inicio de una clase&hellip;&nbsp;<a href=\"https:\/\/futbolmonterey.org\/es\/inscripcion\/preguntas-frecuentes\/\" rel=\"bookmark\">Read More &raquo;<span class=\"screen-reader-text\">Preguntas frecuentes<\/span><\/a><\/p>\n","protected":false},"author":1,"featured_media":1597,"parent":1713,"menu_order":0,"comment_status":"closed","ping_status":"closed","template":"page-templates\/template-pagebuilder-full-width.php","meta":{"neve_meta_sidebar":"","neve_meta_container":"","neve_meta_enable_content_width":"off","neve_meta_content_width":100,"neve_meta_title_alignment":"","neve_meta_author_avatar":"","neve_post_elements_order":"","neve_meta_disable_header":"","neve_meta_disable_footer":"","neve_meta_disable_title":"","neve_meta_reading_time":"","footnotes":"","_links_to":"","_links_to_target":""},"class_list":["post-1716","page","type-page","status-publish","has-post-thumbnail","hentry"],"yoast_head":"<!-- This site is optimized with the Yoast SEO plugin v27.0 - https:\/\/yoast.com\/product\/yoast-seo-wordpress\/ -->\n<title>Preguntas frecuentes - AF Monterey<\/title>\n<meta name=\"robots\" content=\"index, follow, max-snippet:-1, max-image-preview:large, max-video-preview:-1\" \/>\n<link rel=\"canonical\" href=\"https:\/\/futbolmonterey.org\/es\/inscripcion\/preguntas-frecuentes\/\" \/>\n<meta property=\"og:locale\" content=\"es_ES\" \/>\n<meta property=\"og:type\" content=\"article\" \/>\n<meta property=\"og:title\" content=\"Preguntas frecuentes - AF Monterey\" \/>\n<meta property=\"og:description\" content=\"\u00bfCu\u00e1les son las tasas de los programas AF Monterey? Haga clic en Inscripci\u00f3n &gt; Inscr\u00edbase ahora para ver nuestros programas y tarifas actuales. \u00bfQu\u00e9 pasa si mi hijo se matricula o empieza una clase o un campamento pero decide retirarse? \u00bfCu\u00e1l es su pol\u00edtica de devoluciones? Las cuotas abonadas antes del inicio de una clase&hellip;&nbsp;Read More &raquo;Preguntas frecuentes\" \/>\n<meta property=\"og:url\" content=\"https:\/\/futbolmonterey.org\/es\/inscripcion\/preguntas-frecuentes\/\" \/>\n<meta property=\"og:site_name\" content=\"AF Monterey\" \/>\n<meta property=\"article:publisher\" content=\"https:\/\/www.facebook.com\/profile.php?id=100086355979793\" \/>\n<meta property=\"article:modified_time\" content=\"2023-08-18T02:50:54+00:00\" \/>\n<meta property=\"og:image\" content=\"https:\/\/futbolmonterey.org\/wp-content\/uploads\/2022\/11\/AFM-featured-image.jpg\" \/>\n\t<meta property=\"og:image:width\" content=\"1640\" \/>\n\t<meta property=\"og:image:height\" content=\"924\" \/>\n\t<meta property=\"og:image:type\" content=\"image\/jpeg\" \/>\n<meta name=\"twitter:card\" content=\"summary_large_image\" \/>\n<meta name=\"twitter:site\" content=\"@FutbolMonterey\" \/>\n<meta name=\"twitter:label1\" content=\"Tiempo de lectura\" \/>\n\t<meta name=\"twitter:data1\" content=\"2 minutos\" \/>\n<script type=\"application\/ld+json\" class=\"yoast-schema-graph\">{\"@context\":\"https:\/\/schema.org\",\"@graph\":[{\"@type\":\"WebPage\",\"@id\":\"https:\/\/futbolmonterey.org\/es\/inscripcion\/preguntas-frecuentes\/\",\"url\":\"https:\/\/futbolmonterey.org\/es\/inscripcion\/preguntas-frecuentes\/\",\"name\":\"Preguntas frecuentes - AF Monterey\",\"isPartOf\":{\"@id\":\"https:\/\/futbolmonterey.org\/es\/#website\"},\"primaryImageOfPage\":{\"@id\":\"https:\/\/futbolmonterey.org\/es\/inscripcion\/preguntas-frecuentes\/#primaryimage\"},\"image\":{\"@id\":\"https:\/\/futbolmonterey.org\/es\/inscripcion\/preguntas-frecuentes\/#primaryimage\"},\"thumbnailUrl\":\"https:\/\/futbolmonterey.org\/wp-content\/uploads\/2022\/11\/AFM-featured-image.jpg\",\"datePublished\":\"2023-01-06T01:15:22+00:00\",\"dateModified\":\"2023-08-18T02:50:54+00:00\",\"breadcrumb\":{\"@id\":\"https:\/\/futbolmonterey.org\/es\/inscripcion\/preguntas-frecuentes\/#breadcrumb\"},\"inLanguage\":\"es\",\"potentialAction\":[{\"@type\":\"ReadAction\",\"target\":[\"https:\/\/futbolmonterey.org\/es\/inscripcion\/preguntas-frecuentes\/\"]}]},{\"@type\":\"ImageObject\",\"inLanguage\":\"es\",\"@id\":\"https:\/\/futbolmonterey.org\/es\/inscripcion\/preguntas-frecuentes\/#primaryimage\",\"url\":\"https:\/\/futbolmonterey.org\/wp-content\/uploads\/2022\/11\/AFM-featured-image.jpg\",\"contentUrl\":\"https:\/\/futbolmonterey.org\/wp-content\/uploads\/2022\/11\/AFM-featured-image.jpg\",\"width\":1640,\"height\":924},{\"@type\":\"BreadcrumbList\",\"@id\":\"https:\/\/futbolmonterey.org\/es\/inscripcion\/preguntas-frecuentes\/#breadcrumb\",\"itemListElement\":[{\"@type\":\"ListItem\",\"position\":1,\"name\":\"Home\",\"item\":\"https:\/\/futbolmonterey.org\/es\/inicio\/\"},{\"@type\":\"ListItem\",\"position\":2,\"name\":\"Preguntas frecuentes\"}]},{\"@type\":\"WebSite\",\"@id\":\"https:\/\/futbolmonterey.org\/es\/#website\",\"url\":\"https:\/\/futbolmonterey.org\/es\/\",\"name\":\"AF Monterey\",\"description\":\"Academia F\u00fatbol de Monterey\",\"publisher\":{\"@id\":\"https:\/\/futbolmonterey.org\/es\/#organization\"},\"potentialAction\":[{\"@type\":\"SearchAction\",\"target\":{\"@type\":\"EntryPoint\",\"urlTemplate\":\"https:\/\/futbolmonterey.org\/es\/?s={search_term_string}\"},\"query-input\":{\"@type\":\"PropertyValueSpecification\",\"valueRequired\":true,\"valueName\":\"search_term_string\"}}],\"inLanguage\":\"es\"},{\"@type\":\"Organization\",\"@id\":\"https:\/\/futbolmonterey.org\/es\/#organization\",\"name\":\"AF Monterey\",\"url\":\"https:\/\/futbolmonterey.org\/es\/\",\"logo\":{\"@type\":\"ImageObject\",\"inLanguage\":\"es\",\"@id\":\"https:\/\/futbolmonterey.org\/es\/#\/schema\/logo\/image\/\",\"url\":\"https:\/\/futbolmonterey.org\/wp-content\/uploads\/2022\/10\/cropped-2022-10-31_13-11-41-1.png\",\"contentUrl\":\"https:\/\/futbolmonterey.org\/wp-content\/uploads\/2022\/10\/cropped-2022-10-31_13-11-41-1.png\",\"width\":512,\"height\":512,\"caption\":\"AF Monterey\"},\"image\":{\"@id\":\"https:\/\/futbolmonterey.org\/es\/#\/schema\/logo\/image\/\"},\"sameAs\":[\"https:\/\/www.facebook.com\/profile.php?id=100086355979793\",\"https:\/\/x.com\/FutbolMonterey\",\"https:\/\/www.instagram.com\/futbolmonterey\/\"]}]}<\/script>\n<!-- \/ Yoast SEO plugin. -->","yoast_head_json":{"title":"Preguntas frecuentes - AF Monterey","robots":{"index":"index","follow":"follow","max-snippet":"max-snippet:-1","max-image-preview":"max-image-preview:large","max-video-preview":"max-video-preview:-1"},"canonical":"https:\/\/futbolmonterey.org\/es\/inscripcion\/preguntas-frecuentes\/","og_locale":"es_ES","og_type":"article","og_title":"Preguntas frecuentes - AF Monterey","og_description":"\u00bfCu\u00e1les son las tasas de los programas AF Monterey? Haga clic en Inscripci\u00f3n &gt; Inscr\u00edbase ahora para ver nuestros programas y tarifas actuales. \u00bfQu\u00e9 pasa si mi hijo se matricula o empieza una clase o un campamento pero decide retirarse? \u00bfCu\u00e1l es su pol\u00edtica de devoluciones? Las cuotas abonadas antes del inicio de una clase&hellip;&nbsp;Read More &raquo;Preguntas frecuentes","og_url":"https:\/\/futbolmonterey.org\/es\/inscripcion\/preguntas-frecuentes\/","og_site_name":"AF Monterey","article_publisher":"https:\/\/www.facebook.com\/profile.php?id=100086355979793","article_modified_time":"2023-08-18T02:50:54+00:00","og_image":[{"width":1640,"height":924,"url":"https:\/\/futbolmonterey.org\/wp-content\/uploads\/2022\/11\/AFM-featured-image.jpg","type":"image\/jpeg"}],"twitter_card":"summary_large_image","twitter_site":"@FutbolMonterey","twitter_misc":{"Tiempo de lectura":"2 minutos"},"schema":{"@context":"https:\/\/schema.org","@graph":[{"@type":"WebPage","@id":"https:\/\/futbolmonterey.org\/es\/inscripcion\/preguntas-frecuentes\/","url":"https:\/\/futbolmonterey.org\/es\/inscripcion\/preguntas-frecuentes\/","name":"Preguntas frecuentes - AF Monterey","isPartOf":{"@id":"https:\/\/futbolmonterey.org\/es\/#website"},"primaryImageOfPage":{"@id":"https:\/\/futbolmonterey.org\/es\/inscripcion\/preguntas-frecuentes\/#primaryimage"},"image":{"@id":"https:\/\/futbolmonterey.org\/es\/inscripcion\/preguntas-frecuentes\/#primaryimage"},"thumbnailUrl":"https:\/\/futbolmonterey.org\/wp-content\/uploads\/2022\/11\/AFM-featured-image.jpg","datePublished":"2023-01-06T01:15:22+00:00","dateModified":"2023-08-18T02:50:54+00:00","breadcrumb":{"@id":"https:\/\/futbolmonterey.org\/es\/inscripcion\/preguntas-frecuentes\/#breadcrumb"},"inLanguage":"es","potentialAction":[{"@type":"ReadAction","target":["https:\/\/futbolmonterey.org\/es\/inscripcion\/preguntas-frecuentes\/"]}]},{"@type":"ImageObject","inLanguage":"es","@id":"https:\/\/futbolmonterey.org\/es\/inscripcion\/preguntas-frecuentes\/#primaryimage","url":"https:\/\/futbolmonterey.org\/wp-content\/uploads\/2022\/11\/AFM-featured-image.jpg","contentUrl":"https:\/\/futbolmonterey.org\/wp-content\/uploads\/2022\/11\/AFM-featured-image.jpg","width":1640,"height":924},{"@type":"BreadcrumbList","@id":"https:\/\/futbolmonterey.org\/es\/inscripcion\/preguntas-frecuentes\/#breadcrumb","itemListElement":[{"@type":"ListItem","position":1,"name":"Home","item":"https:\/\/futbolmonterey.org\/es\/inicio\/"},{"@type":"ListItem","position":2,"name":"Preguntas frecuentes"}]},{"@type":"WebSite","@id":"https:\/\/futbolmonterey.org\/es\/#website","url":"https:\/\/futbolmonterey.org\/es\/","name":"AF Monterey","description":"Academia F\u00fatbol de Monterey","publisher":{"@id":"https:\/\/futbolmonterey.org\/es\/#organization"},"potentialAction":[{"@type":"SearchAction","target":{"@type":"EntryPoint","urlTemplate":"https:\/\/futbolmonterey.org\/es\/?s={search_term_string}"},"query-input":{"@type":"PropertyValueSpecification","valueRequired":true,"valueName":"search_term_string"}}],"inLanguage":"es"},{"@type":"Organization","@id":"https:\/\/futbolmonterey.org\/es\/#organization","name":"AF Monterey","url":"https:\/\/futbolmonterey.org\/es\/","logo":{"@type":"ImageObject","inLanguage":"es","@id":"https:\/\/futbolmonterey.org\/es\/#\/schema\/logo\/image\/","url":"https:\/\/futbolmonterey.org\/wp-content\/uploads\/2022\/10\/cropped-2022-10-31_13-11-41-1.png","contentUrl":"https:\/\/futbolmonterey.org\/wp-content\/uploads\/2022\/10\/cropped-2022-10-31_13-11-41-1.png","width":512,"height":512,"caption":"AF Monterey"},"image":{"@id":"https:\/\/futbolmonterey.org\/es\/#\/schema\/logo\/image\/"},"sameAs":["https:\/\/www.facebook.com\/profile.php?id=100086355979793","https:\/\/x.com\/FutbolMonterey","https:\/\/www.instagram.com\/futbolmonterey\/"]}]}},"_links":{"self":[{"href":"https:\/\/futbolmonterey.org\/es\/wp-json\/wp\/v2\/pages\/1716","targetHints":{"allow":["GET"]}}],"collection":[{"href":"https:\/\/futbolmonterey.org\/es\/wp-json\/wp\/v2\/pages"}],"about":[{"href":"https:\/\/futbolmonterey.org\/es\/wp-json\/wp\/v2\/types\/page"}],"author":[{"embeddable":true,"href":"https:\/\/futbolmonterey.org\/es\/wp-json\/wp\/v2\/users\/1"}],"replies":[{"embeddable":true,"href":"https:\/\/futbolmonterey.org\/es\/wp-json\/wp\/v2\/comments?post=1716"}],"version-history":[{"count":0,"href":"https:\/\/futbolmonterey.org\/es\/wp-json\/wp\/v2\/pages\/1716\/revisions"}],"up":[{"embeddable":true,"href":"https:\/\/futbolmonterey.org\/es\/wp-json\/wp\/v2\/pages\/1713"}],"wp:featuredmedia":[{"embeddable":true,"href":"https:\/\/futbolmonterey.org\/es\/wp-json\/wp\/v2\/media\/1597"}],"wp:attachment":[{"href":"https:\/\/futbolmonterey.org\/es\/wp-json\/wp\/v2\/media?parent=1716"}],"curies":[{"name":"wp","href":"https:\/\/api.w.org\/{rel}","templated":true}]}}