{"id":1710,"date":"2022-11-01T02:38:21","date_gmt":"2022-11-01T02:38:21","guid":{"rendered":"https:\/\/futbolmonterey.org\/quienes-somos\/nuestra-historia\/"},"modified":"2023-08-18T02:50:54","modified_gmt":"2023-08-18T02:50:54","slug":"nuestra-historia","status":"publish","type":"page","link":"https:\/\/futbolmonterey.org\/es\/quienes-somos\/nuestra-historia\/","title":{"rendered":"Nuestra historia"},"content":{"rendered":"\t\t<div data-elementor-type=\"wp-page\" data-elementor-id=\"1710\" class=\"elementor elementor-1710 elementor-493\" data-elementor-post-type=\"page\">\n\t\t\t\t\t\t<section class=\"elementor-section elementor-top-section elementor-element elementor-element-51bfd7d elementor-section-boxed elementor-section-height-default elementor-section-height-default\" data-id=\"51bfd7d\" data-element_type=\"section\" data-e-type=\"section\">\n\t\t\t\t\t\t<div class=\"elementor-container elementor-column-gap-default\">\n\t\t\t\t\t<div class=\"elementor-column elementor-col-100 elementor-top-column elementor-element elementor-element-d58dd47\" data-id=\"d58dd47\" data-element_type=\"column\" data-e-type=\"column\">\n\t\t\t<div class=\"elementor-widget-wrap elementor-element-populated\">\n\t\t\t\t\t\t<div class=\"elementor-element elementor-element-a02f153 elementor-widget elementor-widget-text-editor\" data-id=\"a02f153\" data-element_type=\"widget\" data-e-type=\"widget\" data-widget_type=\"text-editor.default\">\n\t\t\t\t<div class=\"elementor-widget-container\">\n\t\t\t\t\t\t\t\t\t<div data-pm-slice=\"1 1 []\" data-en-clipboard=\"true\">La idea de La Academia tom\u00f3 forma durante la primavera y el verano de 2022. Como entrenadores, nuestro objetivo ha sido dar prioridad al crecimiento de los jugadores en varias dimensiones: t\u00e9cnica (habilidades con el bal\u00f3n), t\u00e1ctica (comprensi\u00f3n te\u00f3rica y en tiempo real del juego), f\u00edsica, psicol\u00f3gica y social. Como antiguos atletas, padres y adultos con una larga experiencia trabajando con j\u00f3venes, reconocemos que somos responsables de crear un entorno que apoye el crecimiento de nuestros jugadores a trav\u00e9s del deporte del f\u00fatbol (soccer).<\/div>\n<div> <\/div>\n<div>No todos los entrenadores o clubes de f\u00fatbol comparten nuestra visi\u00f3n y nuestros valores. En nuestra sociedad altamente competitiva, hemos observado entornos en los que las victorias y las derrotas de los equipos determinan el \u00ab\u00e9xito\u00bb. La priorizaci\u00f3n a corto plazo de los resultados (trofeos de torneos, campeonatos de liga y otros motivadores extr\u00ednsecos) conduce a soluciones r\u00e1pidas en lugar de sentar las bases del \u00e9xito a largo plazo. El resultado es que hay grupos de jugadores que se quedan rezagados -con la posibilidad de abandonar el deporte- y que los que quedan carecen de habilidades que les ayuden a triunfar en niveles superiores.<\/div>\n<div> <\/div>\n<div>M\u00e1s fundamentalmente, los jugadores en un entorno de entrenamiento orientado a los resultados (ganar a toda costa) a menudo no han \u00abaprendido a aprender.\u00bb Vemos a este tipo de entrenadores \u00abdando palos de ciego\u00bb a los jugadores en los entrenamientos y los partidos, dando instrucciones desde la banda sobre c\u00f3mo realizar cada acci\u00f3n en lugar de dejar que los jugadores exploren y aprendan a trav\u00e9s de los errores y la reflexi\u00f3n. Los jugadores dan prioridad a ganarse la aprobaci\u00f3n del entrenador y a evitar las cr\u00edticas, antes que a su crecimiento personal y a su compromiso con el juego.<\/div>\n<div> <\/div>\n<div>Nuestra visi\u00f3n es que el entorno de entrenamiento y el aula constituyen la base para crear un crecimiento sostenible del deporte. El jugador, y no el entrenador, es el centro de la experiencia de aprendizaje. Nuestro logotipo refleja esta creencia. El logotipo contiene tres elementos:<\/div>\n\t\t\t\t\t\t\t\t<\/div>\n\t\t\t\t<\/div>\n\t\t\t\t\t<\/div>\n\t\t<\/div>\n\t\t\t\t\t<\/div>\n\t\t<\/section>\n\t\t\t\t<section class=\"elementor-section elementor-top-section elementor-element elementor-element-98a1749 elementor-section-boxed elementor-section-height-default elementor-section-height-default\" data-id=\"98a1749\" data-element_type=\"section\" data-e-type=\"section\">\n\t\t\t\t\t\t<div class=\"elementor-container elementor-column-gap-default\">\n\t\t\t\t\t<div class=\"elementor-column elementor-col-33 elementor-top-column elementor-element elementor-element-63931eb\" data-id=\"63931eb\" data-element_type=\"column\" data-e-type=\"column\">\n\t\t\t<div class=\"elementor-widget-wrap elementor-element-populated\">\n\t\t\t\t\t\t<div class=\"elementor-element elementor-element-a2a1ffc elementor-widget elementor-widget-image\" data-id=\"a2a1ffc\" data-element_type=\"widget\" data-e-type=\"widget\" data-widget_type=\"image.default\">\n\t\t\t\t<div class=\"elementor-widget-container\">\n\t\t\t\t\t\t\t\t\t\t\t\t\t\t\t<img fetchpriority=\"high\" decoding=\"async\" width=\"300\" height=\"300\" src=\"https:\/\/futbolmonterey.org\/wp-content\/uploads\/2022\/10\/cropped-2022-10-31_13-11-41-1-300x300.png\" class=\"attachment-medium size-medium wp-image-1598\" alt=\"\" srcset=\"https:\/\/futbolmonterey.org\/wp-content\/uploads\/2022\/10\/cropped-2022-10-31_13-11-41-1-300x300.png 300w, https:\/\/futbolmonterey.org\/wp-content\/uploads\/2022\/10\/cropped-2022-10-31_13-11-41-1-150x150.png 150w, https:\/\/futbolmonterey.org\/wp-content\/uploads\/2022\/10\/cropped-2022-10-31_13-11-41-1-270x270.png 270w, https:\/\/futbolmonterey.org\/wp-content\/uploads\/2022\/10\/cropped-2022-10-31_13-11-41-1-192x192.png 192w, https:\/\/futbolmonterey.org\/wp-content\/uploads\/2022\/10\/cropped-2022-10-31_13-11-41-1-180x180.png 180w, https:\/\/futbolmonterey.org\/wp-content\/uploads\/2022\/10\/cropped-2022-10-31_13-11-41-1-32x32.png 32w, https:\/\/futbolmonterey.org\/wp-content\/uploads\/2022\/10\/cropped-2022-10-31_13-11-41-1.png 512w\" sizes=\"(max-width: 300px) 100vw, 300px\" \/>\t\t\t\t\t\t\t\t\t\t\t\t\t\t\t<\/div>\n\t\t\t\t<\/div>\n\t\t\t\t\t<\/div>\n\t\t<\/div>\n\t\t\t\t<div class=\"elementor-column elementor-col-66 elementor-top-column elementor-element elementor-element-031186e\" data-id=\"031186e\" data-element_type=\"column\" data-e-type=\"column\">\n\t\t\t<div class=\"elementor-widget-wrap elementor-element-populated\">\n\t\t\t\t\t\t<div class=\"elementor-element elementor-element-a3ecfb1 elementor-widget elementor-widget-text-editor\" data-id=\"a3ecfb1\" data-element_type=\"widget\" data-e-type=\"widget\" data-widget_type=\"text-editor.default\">\n\t\t\t\t<div class=\"elementor-widget-container\">\n\t\t\t\t\t\t\t\t\t<ul>\n<li data-pm-slice=\"1 1 []\" data-en-clipboard=\"true\">La escuela representa a la Academia como lugar de aprendizaje.<\/li>\n<li>El libro abierto simboliza la base de nuestros m\u00e9todos de ense\u00f1anza y contenidos a trav\u00e9s de la investigaci\u00f3n y las mejores pr\u00e1cticas<\/li>\n<li>El bal\u00f3n de f\u00fatbol representa el juego realizado por los jugadores y facilitado por los entrenadores.<\/li>\n<\/ul>\n\t\t\t\t\t\t\t\t<\/div>\n\t\t\t\t<\/div>\n\t\t\t\t\t<\/div>\n\t\t<\/div>\n\t\t\t\t\t<\/div>\n\t\t<\/section>\n\t\t\t\t<section class=\"elementor-section elementor-top-section elementor-element elementor-element-c4451f2 elementor-section-boxed elementor-section-height-default elementor-section-height-default\" data-id=\"c4451f2\" data-element_type=\"section\" data-e-type=\"section\">\n\t\t\t\t\t\t<div class=\"elementor-container elementor-column-gap-default\">\n\t\t\t\t\t<div class=\"elementor-column elementor-col-100 elementor-top-column elementor-element elementor-element-4351da7\" data-id=\"4351da7\" data-element_type=\"column\" data-e-type=\"column\">\n\t\t\t<div class=\"elementor-widget-wrap elementor-element-populated\">\n\t\t\t\t\t\t<div class=\"elementor-element elementor-element-db8958f elementor-widget elementor-widget-text-editor\" data-id=\"db8958f\" data-element_type=\"widget\" data-e-type=\"widget\" data-widget_type=\"text-editor.default\">\n\t\t\t\t<div class=\"elementor-widget-container\">\n\t\t\t\t\t\t\t\t\t<div data-pm-slice=\"1 1 []\" data-en-clipboard=\"true\">En La Academia, reconocemos que el juego va m\u00e1s all\u00e1 de las actividades con bal\u00f3n. Adem\u00e1s del entrenamiento sobre el terreno, ofrecemos programas centrados espec\u00edficamente en los elementos f\u00edsicos y psicosociales del desarrollo del jugador. Tambi\u00e9n utilizamos sesiones presenciales y material en l\u00ednea para apoyar los conocimientos t\u00e1cticos de nuestros jugadores.<\/div>\n<div> <\/div>\n<div>Estamos encantados de llevar nuestro enfoque y nuestros programas a los jugadores de la zona de la bah\u00eda de Monterey. Creemos que nuestro modelo de desarrollo de jugadores ofrecer\u00e1 oportunidades para que \u00e9stos crezcan en el deporte rey.<\/div>\n\t\t\t\t\t\t\t\t<\/div>\n\t\t\t\t<\/div>\n\t\t\t\t\t<\/div>\n\t\t<\/div>\n\t\t\t\t\t<\/div>\n\t\t<\/section>\n\t\t\t\t<\/div>\n\t\t","protected":false},"excerpt":{"rendered":"<p>La idea de La Academia tom\u00f3 forma durante la primavera y el verano de 2022. Como entrenadores, nuestro objetivo ha sido dar prioridad al crecimiento de los jugadores en varias dimensiones: t\u00e9cnica (habilidades con el bal\u00f3n), t\u00e1ctica (comprensi\u00f3n te\u00f3rica y en tiempo real del juego), f\u00edsica, psicol\u00f3gica y social. Como antiguos atletas, padres y adultos&hellip;&nbsp;<a href=\"https:\/\/futbolmonterey.org\/es\/quienes-somos\/nuestra-historia\/\" rel=\"bookmark\">Read More &raquo;<span class=\"screen-reader-text\">Nuestra historia<\/span><\/a><\/p>\n","protected":false},"author":1,"featured_media":1597,"parent":1681,"menu_order":0,"comment_status":"closed","ping_status":"closed","template":"","meta":{"neve_meta_sidebar":"","neve_meta_container":"","neve_meta_enable_content_width":"off","neve_meta_content_width":100,"neve_meta_title_alignment":"","neve_meta_author_avatar":"","neve_post_elements_order":"","neve_meta_disable_header":"","neve_meta_disable_footer":"","neve_meta_disable_title":"","neve_meta_reading_time":"","footnotes":"","_links_to":"","_links_to_target":""},"class_list":["post-1710","page","type-page","status-publish","has-post-thumbnail","hentry"],"yoast_head":"<!-- This site is optimized with the Yoast SEO plugin v27.0 - https:\/\/yoast.com\/product\/yoast-seo-wordpress\/ -->\n<title>Nuestra historia - AF Monterey<\/title>\n<meta name=\"robots\" content=\"index, follow, max-snippet:-1, max-image-preview:large, max-video-preview:-1\" \/>\n<link rel=\"canonical\" href=\"https:\/\/futbolmonterey.org\/es\/quienes-somos\/nuestra-historia\/\" \/>\n<meta property=\"og:locale\" content=\"es_ES\" \/>\n<meta property=\"og:type\" content=\"article\" \/>\n<meta property=\"og:title\" content=\"Nuestra historia - AF Monterey\" \/>\n<meta property=\"og:description\" content=\"La idea de La Academia tom\u00f3 forma durante la primavera y el verano de 2022. Como entrenadores, nuestro objetivo ha sido dar prioridad al crecimiento de los jugadores en varias dimensiones: t\u00e9cnica (habilidades con el bal\u00f3n), t\u00e1ctica (comprensi\u00f3n te\u00f3rica y en tiempo real del juego), f\u00edsica, psicol\u00f3gica y social. Como antiguos atletas, padres y adultos&hellip;&nbsp;Read More &raquo;Nuestra historia\" \/>\n<meta property=\"og:url\" content=\"https:\/\/futbolmonterey.org\/es\/quienes-somos\/nuestra-historia\/\" \/>\n<meta property=\"og:site_name\" content=\"AF Monterey\" \/>\n<meta property=\"article:publisher\" content=\"https:\/\/www.facebook.com\/profile.php?id=100086355979793\" \/>\n<meta property=\"article:modified_time\" content=\"2023-08-18T02:50:54+00:00\" \/>\n<meta property=\"og:image\" content=\"https:\/\/futbolmonterey.org\/wp-content\/uploads\/2022\/11\/AFM-featured-image.jpg\" \/>\n\t<meta property=\"og:image:width\" content=\"1640\" \/>\n\t<meta property=\"og:image:height\" content=\"924\" \/>\n\t<meta property=\"og:image:type\" content=\"image\/jpeg\" \/>\n<meta name=\"twitter:card\" content=\"summary_large_image\" \/>\n<meta name=\"twitter:site\" content=\"@FutbolMonterey\" \/>\n<meta name=\"twitter:label1\" content=\"Tiempo de lectura\" \/>\n\t<meta name=\"twitter:data1\" content=\"3 minutos\" \/>\n<script type=\"application\/ld+json\" class=\"yoast-schema-graph\">{\"@context\":\"https:\/\/schema.org\",\"@graph\":[{\"@type\":\"WebPage\",\"@id\":\"https:\/\/futbolmonterey.org\/es\/quienes-somos\/nuestra-historia\/\",\"url\":\"https:\/\/futbolmonterey.org\/es\/quienes-somos\/nuestra-historia\/\",\"name\":\"Nuestra historia - AF Monterey\",\"isPartOf\":{\"@id\":\"https:\/\/futbolmonterey.org\/es\/#website\"},\"primaryImageOfPage\":{\"@id\":\"https:\/\/futbolmonterey.org\/es\/quienes-somos\/nuestra-historia\/#primaryimage\"},\"image\":{\"@id\":\"https:\/\/futbolmonterey.org\/es\/quienes-somos\/nuestra-historia\/#primaryimage\"},\"thumbnailUrl\":\"https:\/\/futbolmonterey.org\/wp-content\/uploads\/2022\/11\/AFM-featured-image.jpg\",\"datePublished\":\"2022-11-01T02:38:21+00:00\",\"dateModified\":\"2023-08-18T02:50:54+00:00\",\"breadcrumb\":{\"@id\":\"https:\/\/futbolmonterey.org\/es\/quienes-somos\/nuestra-historia\/#breadcrumb\"},\"inLanguage\":\"es\",\"potentialAction\":[{\"@type\":\"ReadAction\",\"target\":[\"https:\/\/futbolmonterey.org\/es\/quienes-somos\/nuestra-historia\/\"]}]},{\"@type\":\"ImageObject\",\"inLanguage\":\"es\",\"@id\":\"https:\/\/futbolmonterey.org\/es\/quienes-somos\/nuestra-historia\/#primaryimage\",\"url\":\"https:\/\/futbolmonterey.org\/wp-content\/uploads\/2022\/11\/AFM-featured-image.jpg\",\"contentUrl\":\"https:\/\/futbolmonterey.org\/wp-content\/uploads\/2022\/11\/AFM-featured-image.jpg\",\"width\":1640,\"height\":924},{\"@type\":\"BreadcrumbList\",\"@id\":\"https:\/\/futbolmonterey.org\/es\/quienes-somos\/nuestra-historia\/#breadcrumb\",\"itemListElement\":[{\"@type\":\"ListItem\",\"position\":1,\"name\":\"Home\",\"item\":\"https:\/\/futbolmonterey.org\/es\/inicio\/\"},{\"@type\":\"ListItem\",\"position\":2,\"name\":\"Qui\u00e9nes somos\",\"item\":\"https:\/\/futbolmonterey.org\/es\/?page_id=1681\"},{\"@type\":\"ListItem\",\"position\":3,\"name\":\"Nuestra historia\"}]},{\"@type\":\"WebSite\",\"@id\":\"https:\/\/futbolmonterey.org\/es\/#website\",\"url\":\"https:\/\/futbolmonterey.org\/es\/\",\"name\":\"AF Monterey\",\"description\":\"Academia F\u00fatbol de Monterey\",\"publisher\":{\"@id\":\"https:\/\/futbolmonterey.org\/es\/#organization\"},\"potentialAction\":[{\"@type\":\"SearchAction\",\"target\":{\"@type\":\"EntryPoint\",\"urlTemplate\":\"https:\/\/futbolmonterey.org\/es\/?s={search_term_string}\"},\"query-input\":{\"@type\":\"PropertyValueSpecification\",\"valueRequired\":true,\"valueName\":\"search_term_string\"}}],\"inLanguage\":\"es\"},{\"@type\":\"Organization\",\"@id\":\"https:\/\/futbolmonterey.org\/es\/#organization\",\"name\":\"AF Monterey\",\"url\":\"https:\/\/futbolmonterey.org\/es\/\",\"logo\":{\"@type\":\"ImageObject\",\"inLanguage\":\"es\",\"@id\":\"https:\/\/futbolmonterey.org\/es\/#\/schema\/logo\/image\/\",\"url\":\"https:\/\/futbolmonterey.org\/wp-content\/uploads\/2022\/10\/cropped-2022-10-31_13-11-41-1.png\",\"contentUrl\":\"https:\/\/futbolmonterey.org\/wp-content\/uploads\/2022\/10\/cropped-2022-10-31_13-11-41-1.png\",\"width\":512,\"height\":512,\"caption\":\"AF Monterey\"},\"image\":{\"@id\":\"https:\/\/futbolmonterey.org\/es\/#\/schema\/logo\/image\/\"},\"sameAs\":[\"https:\/\/www.facebook.com\/profile.php?id=100086355979793\",\"https:\/\/x.com\/FutbolMonterey\",\"https:\/\/www.instagram.com\/futbolmonterey\/\"]}]}<\/script>\n<!-- \/ Yoast SEO plugin. -->","yoast_head_json":{"title":"Nuestra historia - AF Monterey","robots":{"index":"index","follow":"follow","max-snippet":"max-snippet:-1","max-image-preview":"max-image-preview:large","max-video-preview":"max-video-preview:-1"},"canonical":"https:\/\/futbolmonterey.org\/es\/quienes-somos\/nuestra-historia\/","og_locale":"es_ES","og_type":"article","og_title":"Nuestra historia - AF Monterey","og_description":"La idea de La Academia tom\u00f3 forma durante la primavera y el verano de 2022. Como entrenadores, nuestro objetivo ha sido dar prioridad al crecimiento de los jugadores en varias dimensiones: t\u00e9cnica (habilidades con el bal\u00f3n), t\u00e1ctica (comprensi\u00f3n te\u00f3rica y en tiempo real del juego), f\u00edsica, psicol\u00f3gica y social. Como antiguos atletas, padres y adultos&hellip;&nbsp;Read More &raquo;Nuestra historia","og_url":"https:\/\/futbolmonterey.org\/es\/quienes-somos\/nuestra-historia\/","og_site_name":"AF Monterey","article_publisher":"https:\/\/www.facebook.com\/profile.php?id=100086355979793","article_modified_time":"2023-08-18T02:50:54+00:00","og_image":[{"width":1640,"height":924,"url":"https:\/\/futbolmonterey.org\/wp-content\/uploads\/2022\/11\/AFM-featured-image.jpg","type":"image\/jpeg"}],"twitter_card":"summary_large_image","twitter_site":"@FutbolMonterey","twitter_misc":{"Tiempo de lectura":"3 minutos"},"schema":{"@context":"https:\/\/schema.org","@graph":[{"@type":"WebPage","@id":"https:\/\/futbolmonterey.org\/es\/quienes-somos\/nuestra-historia\/","url":"https:\/\/futbolmonterey.org\/es\/quienes-somos\/nuestra-historia\/","name":"Nuestra historia - AF Monterey","isPartOf":{"@id":"https:\/\/futbolmonterey.org\/es\/#website"},"primaryImageOfPage":{"@id":"https:\/\/futbolmonterey.org\/es\/quienes-somos\/nuestra-historia\/#primaryimage"},"image":{"@id":"https:\/\/futbolmonterey.org\/es\/quienes-somos\/nuestra-historia\/#primaryimage"},"thumbnailUrl":"https:\/\/futbolmonterey.org\/wp-content\/uploads\/2022\/11\/AFM-featured-image.jpg","datePublished":"2022-11-01T02:38:21+00:00","dateModified":"2023-08-18T02:50:54+00:00","breadcrumb":{"@id":"https:\/\/futbolmonterey.org\/es\/quienes-somos\/nuestra-historia\/#breadcrumb"},"inLanguage":"es","potentialAction":[{"@type":"ReadAction","target":["https:\/\/futbolmonterey.org\/es\/quienes-somos\/nuestra-historia\/"]}]},{"@type":"ImageObject","inLanguage":"es","@id":"https:\/\/futbolmonterey.org\/es\/quienes-somos\/nuestra-historia\/#primaryimage","url":"https:\/\/futbolmonterey.org\/wp-content\/uploads\/2022\/11\/AFM-featured-image.jpg","contentUrl":"https:\/\/futbolmonterey.org\/wp-content\/uploads\/2022\/11\/AFM-featured-image.jpg","width":1640,"height":924},{"@type":"BreadcrumbList","@id":"https:\/\/futbolmonterey.org\/es\/quienes-somos\/nuestra-historia\/#breadcrumb","itemListElement":[{"@type":"ListItem","position":1,"name":"Home","item":"https:\/\/futbolmonterey.org\/es\/inicio\/"},{"@type":"ListItem","position":2,"name":"Qui\u00e9nes somos","item":"https:\/\/futbolmonterey.org\/es\/?page_id=1681"},{"@type":"ListItem","position":3,"name":"Nuestra historia"}]},{"@type":"WebSite","@id":"https:\/\/futbolmonterey.org\/es\/#website","url":"https:\/\/futbolmonterey.org\/es\/","name":"AF Monterey","description":"Academia F\u00fatbol de Monterey","publisher":{"@id":"https:\/\/futbolmonterey.org\/es\/#organization"},"potentialAction":[{"@type":"SearchAction","target":{"@type":"EntryPoint","urlTemplate":"https:\/\/futbolmonterey.org\/es\/?s={search_term_string}"},"query-input":{"@type":"PropertyValueSpecification","valueRequired":true,"valueName":"search_term_string"}}],"inLanguage":"es"},{"@type":"Organization","@id":"https:\/\/futbolmonterey.org\/es\/#organization","name":"AF Monterey","url":"https:\/\/futbolmonterey.org\/es\/","logo":{"@type":"ImageObject","inLanguage":"es","@id":"https:\/\/futbolmonterey.org\/es\/#\/schema\/logo\/image\/","url":"https:\/\/futbolmonterey.org\/wp-content\/uploads\/2022\/10\/cropped-2022-10-31_13-11-41-1.png","contentUrl":"https:\/\/futbolmonterey.org\/wp-content\/uploads\/2022\/10\/cropped-2022-10-31_13-11-41-1.png","width":512,"height":512,"caption":"AF Monterey"},"image":{"@id":"https:\/\/futbolmonterey.org\/es\/#\/schema\/logo\/image\/"},"sameAs":["https:\/\/www.facebook.com\/profile.php?id=100086355979793","https:\/\/x.com\/FutbolMonterey","https:\/\/www.instagram.com\/futbolmonterey\/"]}]}},"_links":{"self":[{"href":"https:\/\/futbolmonterey.org\/es\/wp-json\/wp\/v2\/pages\/1710","targetHints":{"allow":["GET"]}}],"collection":[{"href":"https:\/\/futbolmonterey.org\/es\/wp-json\/wp\/v2\/pages"}],"about":[{"href":"https:\/\/futbolmonterey.org\/es\/wp-json\/wp\/v2\/types\/page"}],"author":[{"embeddable":true,"href":"https:\/\/futbolmonterey.org\/es\/wp-json\/wp\/v2\/users\/1"}],"replies":[{"embeddable":true,"href":"https:\/\/futbolmonterey.org\/es\/wp-json\/wp\/v2\/comments?post=1710"}],"version-history":[{"count":0,"href":"https:\/\/futbolmonterey.org\/es\/wp-json\/wp\/v2\/pages\/1710\/revisions"}],"up":[{"embeddable":true,"href":"https:\/\/futbolmonterey.org\/es\/wp-json\/wp\/v2\/pages\/1681"}],"wp:featuredmedia":[{"embeddable":true,"href":"https:\/\/futbolmonterey.org\/es\/wp-json\/wp\/v2\/media\/1597"}],"wp:attachment":[{"href":"https:\/\/futbolmonterey.org\/es\/wp-json\/wp\/v2\/media?parent=1710"}],"curies":[{"name":"wp","href":"https:\/\/api.w.org\/{rel}","templated":true}]}}