{"id":1695,"date":"2019-07-17T09:14:40","date_gmt":"2019-07-17T09:14:40","guid":{"rendered":"https:\/\/futbolmonterey.org\/proteccion-de-datos\/"},"modified":"2023-08-18T02:50:49","modified_gmt":"2023-08-18T02:50:49","slug":"proteccion-de-datos","status":"publish","type":"page","link":"https:\/\/futbolmonterey.org\/es\/proteccion-de-datos\/","title":{"rendered":"Protecci\u00f3n de datos"},"content":{"rendered":"\t\t<div data-elementor-type=\"wp-page\" data-elementor-id=\"1695\" class=\"elementor elementor-1695 elementor-68\" data-elementor-post-type=\"page\">\n\t\t\t\t\t\t<section class=\"elementor-section elementor-top-section elementor-element elementor-element-7afeee6 elementor-section-boxed elementor-section-height-default elementor-section-height-default\" data-id=\"7afeee6\" data-element_type=\"section\" data-e-type=\"section\">\n\t\t\t\t\t\t<div class=\"elementor-container elementor-column-gap-default\">\n\t\t\t\t\t<div class=\"elementor-column elementor-col-100 elementor-top-column elementor-element elementor-element-ae4a115\" data-id=\"ae4a115\" data-element_type=\"column\" data-e-type=\"column\">\n\t\t\t<div class=\"elementor-widget-wrap elementor-element-populated\">\n\t\t\t\t\t\t<div class=\"elementor-element elementor-element-11f4f98 elementor-widget elementor-widget-heading\" data-id=\"11f4f98\" data-element_type=\"widget\" data-e-type=\"widget\" data-widget_type=\"heading.default\">\n\t\t\t\t<div class=\"elementor-widget-container\">\n\t\t\t\t\t<h1 class=\"elementor-heading-title elementor-size-default\">Protecci\u00f3n de datos<\/h1>\t\t\t\t<\/div>\n\t\t\t\t<\/div>\n\t\t\t\t\t<\/div>\n\t\t<\/div>\n\t\t\t\t\t<\/div>\n\t\t<\/section>\n\t\t\t\t<section class=\"elementor-section elementor-top-section elementor-element elementor-element-debf216 elementor-section-boxed elementor-section-height-default elementor-section-height-default\" data-id=\"debf216\" data-element_type=\"section\" data-e-type=\"section\">\n\t\t\t\t\t\t<div class=\"elementor-container elementor-column-gap-default\">\n\t\t\t\t\t<div class=\"elementor-column elementor-col-100 elementor-top-column elementor-element elementor-element-1d5ef77\" data-id=\"1d5ef77\" data-element_type=\"column\" data-e-type=\"column\">\n\t\t\t<div class=\"elementor-widget-wrap elementor-element-populated\">\n\t\t\t\t\t\t<div class=\"elementor-element elementor-element-8b69f46 elementor-widget elementor-widget-text-editor\" data-id=\"8b69f46\" data-element_type=\"widget\" data-e-type=\"widget\" data-widget_type=\"text-editor.default\">\n\t\t\t\t<div class=\"elementor-widget-container\">\n\t\t\t\t\t\t\t\t\t<p><b>1. Cuatro d\u00f3lares tostadas bigote dedo jianbing<\/b><\/p>\n<p>&nbsp;Venmo four loko activated charcoal twee flannel roof party typewriter farm-to-table tousled iceland. Sriracha en realidad tacos chambray calamar. Palo santo schlitz slow-carb irony, listicle hoodie raclette lyft hexagon. Stumptown church-key echo park vexillologist woke sustainable hell of 90&#8217;s scenester blue bottle deep v lo-fi put a bird on it shabby chic tote bag. Man bun chartreuse keytar, sostenible tumeric succulents fam. Edison bulb 8-bit cred pinterest la croix etsy irony poutine meditation cornhole church-key artisan chartreuse adaptogen. Sin gluten XOXO vexil\u00f3logo peque\u00f1o lote botella azul carb\u00f3n activado \u00e9tico gochujang chartreuse neutra glossier.<\/p>\n<p><\/p>\n<p><b>2. Iron\u00eda forraje vexil\u00f3logo sudadera con capucha en realidad lobo.<\/b><\/p><p>Freegan YOLO tofu, ramps bitters four loko VHS tattooed green juice blue bottle hot chicken vexillologist etsy. Stumptown taza de cobre barba vaporware truffaut rampas 3 luna de lobo. Synth tacos poke forraje \u00e9tico, palo santo pollo caliente keffiyeh crucifijo. 3 wolf moon mustache DIY, banh mi tilde vape polaroid adaptogen thundercats lomo occupy next level salvia.<\/p>\n<p><\/p>\n<p><b>3. Cuatro d\u00f3lares tostadas bigote dedo jianbing<\/b><\/p><p>Venmo four loko activated charcoal twee flannel roof party typewriter farm-to-table tousled iceland. Sriracha en realidad tacos chambray calamar. Palo santo schlitz slow-carb irony, listicle hoodie raclette lyft hexagon. Stumptown church-key echo park vexillologist woke sustainable hell of 90&#8217;s scenester blue bottle deep v lo-fi put a bird on it shabby chic tote bag. Man bun chartreuse keytar, sostenible tumeric succulents fam. Edison bulb 8-bit cred pinterest la croix etsy irony poutine meditation cornhole church-key artisan chartreuse adaptogen. Sin gluten XOXO vexil\u00f3logo peque\u00f1o lote botella azul carb\u00f3n activado \u00e9tico gochujang chartreuse neutra glossier.<\/p>\n<p><\/p>\n<p><b>4. Hamaca echo park libro para colorear brooklyn.<\/b><\/p><p>Vegan YOLO gastropub cold-pressed VHS glossier forage truffaut stumptown taxidermy direct trade vexillologist banh mi. Kombucha hella humblebrag m\u00e1quina de escribir mlkshk pug poke quinoa esmalte pin zumo verde fotomat\u00f3n keffiyeh. Lomo en realidad seit\u00e1n portland, shoreditch letterpress org\u00e1nica polaroid forraje etsy VHS clich\u00e9. Bushwick tbh man bun thundercats taiyaki, biodiesel letterpress. XOXO actually hexagon messenger bag YOLO distillery chambray green juice lyft.<\/p>\t\t\t\t\t\t\t\t<\/div>\n\t\t\t\t<\/div>\n\t\t\t\t\t<\/div>\n\t\t<\/div>\n\t\t\t\t\t<\/div>\n\t\t<\/section>\n\t\t\t\t<\/div>\n\t\t","protected":false},"excerpt":{"rendered":"<p>Protecci\u00f3n de datos 1. Cuatro d\u00f3lares tostadas bigote dedo jianbing &nbsp;Venmo four loko activated charcoal twee flannel roof party typewriter farm-to-table tousled iceland. Sriracha en realidad tacos chambray calamar. Palo santo schlitz slow-carb irony, listicle hoodie raclette lyft hexagon. Stumptown church-key echo park vexillologist woke sustainable hell of 90&#8217;s scenester blue bottle deep v lo-fi&hellip;&nbsp;<a href=\"https:\/\/futbolmonterey.org\/es\/proteccion-de-datos\/\" rel=\"bookmark\">Read More &raquo;<span class=\"screen-reader-text\">Protecci\u00f3n de datos<\/span><\/a><\/p>\n","protected":false},"author":1,"featured_media":0,"parent":0,"menu_order":0,"comment_status":"closed","ping_status":"closed","template":"page-templates\/template-pagebuilder-full-width.php","meta":{"neve_meta_sidebar":"","neve_meta_container":"","neve_meta_enable_content_width":"","neve_meta_content_width":0,"neve_meta_title_alignment":"","neve_meta_author_avatar":"","neve_post_elements_order":"","neve_meta_disable_header":"","neve_meta_disable_footer":"","neve_meta_disable_title":"","neve_meta_reading_time":"","footnotes":"","_links_to":"","_links_to_target":""},"class_list":["post-1695","page","type-page","status-publish","hentry"],"yoast_head":"<!-- This site is optimized with the Yoast SEO plugin v27.0 - https:\/\/yoast.com\/product\/yoast-seo-wordpress\/ -->\n<title>Protecci\u00f3n de datos - AF Monterey<\/title>\n<meta name=\"robots\" content=\"index, follow, max-snippet:-1, max-image-preview:large, max-video-preview:-1\" \/>\n<link rel=\"canonical\" href=\"https:\/\/futbolmonterey.org\/es\/proteccion-de-datos\/\" \/>\n<meta property=\"og:locale\" content=\"es_ES\" \/>\n<meta property=\"og:type\" content=\"article\" \/>\n<meta property=\"og:title\" content=\"Protecci\u00f3n de datos - AF Monterey\" \/>\n<meta property=\"og:description\" content=\"Protecci\u00f3n de datos 1. Cuatro d\u00f3lares tostadas bigote dedo jianbing &nbsp;Venmo four loko activated charcoal twee flannel roof party typewriter farm-to-table tousled iceland. Sriracha en realidad tacos chambray calamar. Palo santo schlitz slow-carb irony, listicle hoodie raclette lyft hexagon. Stumptown church-key echo park vexillologist woke sustainable hell of 90&#8217;s scenester blue bottle deep v lo-fi&hellip;&nbsp;Read More &raquo;Protecci\u00f3n de datos\" \/>\n<meta property=\"og:url\" content=\"https:\/\/futbolmonterey.org\/es\/proteccion-de-datos\/\" \/>\n<meta property=\"og:site_name\" content=\"AF Monterey\" \/>\n<meta property=\"article:publisher\" content=\"https:\/\/www.facebook.com\/profile.php?id=100086355979793\" \/>\n<meta property=\"article:modified_time\" content=\"2023-08-18T02:50:49+00:00\" \/>\n<meta name=\"twitter:card\" content=\"summary_large_image\" \/>\n<meta name=\"twitter:site\" content=\"@FutbolMonterey\" \/>\n<meta name=\"twitter:label1\" content=\"Tiempo de lectura\" \/>\n\t<meta name=\"twitter:data1\" content=\"2 minutos\" \/>\n<script type=\"application\/ld+json\" class=\"yoast-schema-graph\">{\"@context\":\"https:\/\/schema.org\",\"@graph\":[{\"@type\":\"WebPage\",\"@id\":\"https:\/\/futbolmonterey.org\/es\/proteccion-de-datos\/\",\"url\":\"https:\/\/futbolmonterey.org\/es\/proteccion-de-datos\/\",\"name\":\"Protecci\u00f3n de datos - AF Monterey\",\"isPartOf\":{\"@id\":\"https:\/\/futbolmonterey.org\/es\/#website\"},\"datePublished\":\"2019-07-17T09:14:40+00:00\",\"dateModified\":\"2023-08-18T02:50:49+00:00\",\"breadcrumb\":{\"@id\":\"https:\/\/futbolmonterey.org\/es\/proteccion-de-datos\/#breadcrumb\"},\"inLanguage\":\"es\",\"potentialAction\":[{\"@type\":\"ReadAction\",\"target\":[\"https:\/\/futbolmonterey.org\/es\/proteccion-de-datos\/\"]}]},{\"@type\":\"BreadcrumbList\",\"@id\":\"https:\/\/futbolmonterey.org\/es\/proteccion-de-datos\/#breadcrumb\",\"itemListElement\":[{\"@type\":\"ListItem\",\"position\":1,\"name\":\"Home\",\"item\":\"https:\/\/futbolmonterey.org\/es\/inicio\/\"},{\"@type\":\"ListItem\",\"position\":2,\"name\":\"Protecci\u00f3n de datos\"}]},{\"@type\":\"WebSite\",\"@id\":\"https:\/\/futbolmonterey.org\/es\/#website\",\"url\":\"https:\/\/futbolmonterey.org\/es\/\",\"name\":\"AF Monterey\",\"description\":\"Academia F\u00fatbol de Monterey\",\"publisher\":{\"@id\":\"https:\/\/futbolmonterey.org\/es\/#organization\"},\"potentialAction\":[{\"@type\":\"SearchAction\",\"target\":{\"@type\":\"EntryPoint\",\"urlTemplate\":\"https:\/\/futbolmonterey.org\/es\/?s={search_term_string}\"},\"query-input\":{\"@type\":\"PropertyValueSpecification\",\"valueRequired\":true,\"valueName\":\"search_term_string\"}}],\"inLanguage\":\"es\"},{\"@type\":\"Organization\",\"@id\":\"https:\/\/futbolmonterey.org\/es\/#organization\",\"name\":\"AF Monterey\",\"url\":\"https:\/\/futbolmonterey.org\/es\/\",\"logo\":{\"@type\":\"ImageObject\",\"inLanguage\":\"es\",\"@id\":\"https:\/\/futbolmonterey.org\/es\/#\/schema\/logo\/image\/\",\"url\":\"https:\/\/futbolmonterey.org\/wp-content\/uploads\/2022\/10\/cropped-2022-10-31_13-11-41-1.png\",\"contentUrl\":\"https:\/\/futbolmonterey.org\/wp-content\/uploads\/2022\/10\/cropped-2022-10-31_13-11-41-1.png\",\"width\":512,\"height\":512,\"caption\":\"AF Monterey\"},\"image\":{\"@id\":\"https:\/\/futbolmonterey.org\/es\/#\/schema\/logo\/image\/\"},\"sameAs\":[\"https:\/\/www.facebook.com\/profile.php?id=100086355979793\",\"https:\/\/x.com\/FutbolMonterey\",\"https:\/\/www.instagram.com\/futbolmonterey\/\"]}]}<\/script>\n<!-- \/ Yoast SEO plugin. -->","yoast_head_json":{"title":"Protecci\u00f3n de datos - AF Monterey","robots":{"index":"index","follow":"follow","max-snippet":"max-snippet:-1","max-image-preview":"max-image-preview:large","max-video-preview":"max-video-preview:-1"},"canonical":"https:\/\/futbolmonterey.org\/es\/proteccion-de-datos\/","og_locale":"es_ES","og_type":"article","og_title":"Protecci\u00f3n de datos - AF Monterey","og_description":"Protecci\u00f3n de datos 1. Cuatro d\u00f3lares tostadas bigote dedo jianbing &nbsp;Venmo four loko activated charcoal twee flannel roof party typewriter farm-to-table tousled iceland. Sriracha en realidad tacos chambray calamar. Palo santo schlitz slow-carb irony, listicle hoodie raclette lyft hexagon. Stumptown church-key echo park vexillologist woke sustainable hell of 90&#8217;s scenester blue bottle deep v lo-fi&hellip;&nbsp;Read More &raquo;Protecci\u00f3n de datos","og_url":"https:\/\/futbolmonterey.org\/es\/proteccion-de-datos\/","og_site_name":"AF Monterey","article_publisher":"https:\/\/www.facebook.com\/profile.php?id=100086355979793","article_modified_time":"2023-08-18T02:50:49+00:00","twitter_card":"summary_large_image","twitter_site":"@FutbolMonterey","twitter_misc":{"Tiempo de lectura":"2 minutos"},"schema":{"@context":"https:\/\/schema.org","@graph":[{"@type":"WebPage","@id":"https:\/\/futbolmonterey.org\/es\/proteccion-de-datos\/","url":"https:\/\/futbolmonterey.org\/es\/proteccion-de-datos\/","name":"Protecci\u00f3n de datos - AF Monterey","isPartOf":{"@id":"https:\/\/futbolmonterey.org\/es\/#website"},"datePublished":"2019-07-17T09:14:40+00:00","dateModified":"2023-08-18T02:50:49+00:00","breadcrumb":{"@id":"https:\/\/futbolmonterey.org\/es\/proteccion-de-datos\/#breadcrumb"},"inLanguage":"es","potentialAction":[{"@type":"ReadAction","target":["https:\/\/futbolmonterey.org\/es\/proteccion-de-datos\/"]}]},{"@type":"BreadcrumbList","@id":"https:\/\/futbolmonterey.org\/es\/proteccion-de-datos\/#breadcrumb","itemListElement":[{"@type":"ListItem","position":1,"name":"Home","item":"https:\/\/futbolmonterey.org\/es\/inicio\/"},{"@type":"ListItem","position":2,"name":"Protecci\u00f3n de datos"}]},{"@type":"WebSite","@id":"https:\/\/futbolmonterey.org\/es\/#website","url":"https:\/\/futbolmonterey.org\/es\/","name":"AF Monterey","description":"Academia F\u00fatbol de Monterey","publisher":{"@id":"https:\/\/futbolmonterey.org\/es\/#organization"},"potentialAction":[{"@type":"SearchAction","target":{"@type":"EntryPoint","urlTemplate":"https:\/\/futbolmonterey.org\/es\/?s={search_term_string}"},"query-input":{"@type":"PropertyValueSpecification","valueRequired":true,"valueName":"search_term_string"}}],"inLanguage":"es"},{"@type":"Organization","@id":"https:\/\/futbolmonterey.org\/es\/#organization","name":"AF Monterey","url":"https:\/\/futbolmonterey.org\/es\/","logo":{"@type":"ImageObject","inLanguage":"es","@id":"https:\/\/futbolmonterey.org\/es\/#\/schema\/logo\/image\/","url":"https:\/\/futbolmonterey.org\/wp-content\/uploads\/2022\/10\/cropped-2022-10-31_13-11-41-1.png","contentUrl":"https:\/\/futbolmonterey.org\/wp-content\/uploads\/2022\/10\/cropped-2022-10-31_13-11-41-1.png","width":512,"height":512,"caption":"AF Monterey"},"image":{"@id":"https:\/\/futbolmonterey.org\/es\/#\/schema\/logo\/image\/"},"sameAs":["https:\/\/www.facebook.com\/profile.php?id=100086355979793","https:\/\/x.com\/FutbolMonterey","https:\/\/www.instagram.com\/futbolmonterey\/"]}]}},"_links":{"self":[{"href":"https:\/\/futbolmonterey.org\/es\/wp-json\/wp\/v2\/pages\/1695","targetHints":{"allow":["GET"]}}],"collection":[{"href":"https:\/\/futbolmonterey.org\/es\/wp-json\/wp\/v2\/pages"}],"about":[{"href":"https:\/\/futbolmonterey.org\/es\/wp-json\/wp\/v2\/types\/page"}],"author":[{"embeddable":true,"href":"https:\/\/futbolmonterey.org\/es\/wp-json\/wp\/v2\/users\/1"}],"replies":[{"embeddable":true,"href":"https:\/\/futbolmonterey.org\/es\/wp-json\/wp\/v2\/comments?post=1695"}],"version-history":[{"count":0,"href":"https:\/\/futbolmonterey.org\/es\/wp-json\/wp\/v2\/pages\/1695\/revisions"}],"wp:attachment":[{"href":"https:\/\/futbolmonterey.org\/es\/wp-json\/wp\/v2\/media?parent=1695"}],"curies":[{"name":"wp","href":"https:\/\/api.w.org\/{rel}","templated":true}]}}